{"id":2891,"date":"2024-05-28T14:49:21","date_gmt":"2024-05-28T12:49:21","guid":{"rendered":"https:\/\/clientes-fisyos.laukoa-studio.com\/instalazioak\/"},"modified":"2025-06-10T12:31:00","modified_gmt":"2025-06-10T10:31:00","slug":"instalazioak","status":"publish","type":"page","link":"https:\/\/fisyosgarnacho.com\/eu\/instalazioak\/","title":{"rendered":"Instalazioak"},"content":{"rendered":"\n<figure class=\"wp-block-gallery has-nested-images columns-default is-cropped wp-block-gallery-1 is-layout-flex wp-block-gallery-is-layout-flex\">\n<figure class=\"wp-block-image size-large\"><img loading=\"lazy\" decoding=\"async\" width=\"1024\" height=\"683\" data-id=\"3159\" src=\"https:\/\/fisyosgarnacho.com\/wp-content\/uploads\/2025\/06\/instalaciones-fisioterapia-barakaldo-6.jpg\" alt=\"\" class=\"wp-image-3159\" srcset=\"https:\/\/fisyosgarnacho.com\/wp-content\/uploads\/2025\/06\/instalaciones-fisioterapia-barakaldo-6.jpg 1024w, https:\/\/fisyosgarnacho.com\/wp-content\/uploads\/2025\/06\/instalaciones-fisioterapia-barakaldo-6-300x200.jpg 300w, https:\/\/fisyosgarnacho.com\/wp-content\/uploads\/2025\/06\/instalaciones-fisioterapia-barakaldo-6-768x512.jpg 768w, https:\/\/fisyosgarnacho.com\/wp-content\/uploads\/2025\/06\/instalaciones-fisioterapia-barakaldo-6-885x590.jpg 885w, https:\/\/fisyosgarnacho.com\/wp-content\/uploads\/2025\/06\/instalaciones-fisioterapia-barakaldo-6-600x400.jpg 600w\" sizes=\"auto, (max-width: 1024px) 100vw, 1024px\" \/><\/figure>\n\n\n\n<figure class=\"wp-block-image size-large\"><img loading=\"lazy\" decoding=\"async\" width=\"1024\" height=\"683\" data-id=\"3181\" src=\"https:\/\/fisyosgarnacho.com\/wp-content\/uploads\/2025\/06\/instalaciones-fisioterapia-barakaldo-17.jpg\" alt=\"\" class=\"wp-image-3181\" srcset=\"https:\/\/fisyosgarnacho.com\/wp-content\/uploads\/2025\/06\/instalaciones-fisioterapia-barakaldo-17.jpg 1024w, https:\/\/fisyosgarnacho.com\/wp-content\/uploads\/2025\/06\/instalaciones-fisioterapia-barakaldo-17-300x200.jpg 300w, https:\/\/fisyosgarnacho.com\/wp-content\/uploads\/2025\/06\/instalaciones-fisioterapia-barakaldo-17-768x512.jpg 768w, https:\/\/fisyosgarnacho.com\/wp-content\/uploads\/2025\/06\/instalaciones-fisioterapia-barakaldo-17-885x590.jpg 885w, https:\/\/fisyosgarnacho.com\/wp-content\/uploads\/2025\/06\/instalaciones-fisioterapia-barakaldo-17-600x400.jpg 600w\" sizes=\"auto, (max-width: 1024px) 100vw, 1024px\" \/><\/figure>\n\n\n\n<figure class=\"wp-block-image size-large\"><img loading=\"lazy\" decoding=\"async\" width=\"1024\" height=\"683\" data-id=\"3179\" src=\"https:\/\/fisyosgarnacho.com\/wp-content\/uploads\/2025\/06\/instalaciones-fisioterapia-barakaldo-16.jpg\" alt=\"\" class=\"wp-image-3179\" srcset=\"https:\/\/fisyosgarnacho.com\/wp-content\/uploads\/2025\/06\/instalaciones-fisioterapia-barakaldo-16.jpg 1024w, https:\/\/fisyosgarnacho.com\/wp-content\/uploads\/2025\/06\/instalaciones-fisioterapia-barakaldo-16-300x200.jpg 300w, https:\/\/fisyosgarnacho.com\/wp-content\/uploads\/2025\/06\/instalaciones-fisioterapia-barakaldo-16-768x512.jpg 768w, https:\/\/fisyosgarnacho.com\/wp-content\/uploads\/2025\/06\/instalaciones-fisioterapia-barakaldo-16-885x590.jpg 885w, https:\/\/fisyosgarnacho.com\/wp-content\/uploads\/2025\/06\/instalaciones-fisioterapia-barakaldo-16-600x400.jpg 600w\" sizes=\"auto, (max-width: 1024px) 100vw, 1024px\" \/><\/figure>\n\n\n\n<figure class=\"wp-block-image size-large\"><img loading=\"lazy\" decoding=\"async\" width=\"1024\" height=\"683\" data-id=\"3177\" src=\"https:\/\/fisyosgarnacho.com\/wp-content\/uploads\/2025\/06\/instalaciones-fisioterapia-barakaldo-15.jpg\" alt=\"\" class=\"wp-image-3177\" srcset=\"https:\/\/fisyosgarnacho.com\/wp-content\/uploads\/2025\/06\/instalaciones-fisioterapia-barakaldo-15.jpg 1024w, https:\/\/fisyosgarnacho.com\/wp-content\/uploads\/2025\/06\/instalaciones-fisioterapia-barakaldo-15-300x200.jpg 300w, https:\/\/fisyosgarnacho.com\/wp-content\/uploads\/2025\/06\/instalaciones-fisioterapia-barakaldo-15-768x512.jpg 768w, https:\/\/fisyosgarnacho.com\/wp-content\/uploads\/2025\/06\/instalaciones-fisioterapia-barakaldo-15-885x590.jpg 885w, https:\/\/fisyosgarnacho.com\/wp-content\/uploads\/2025\/06\/instalaciones-fisioterapia-barakaldo-15-600x400.jpg 600w\" sizes=\"auto, (max-width: 1024px) 100vw, 1024px\" \/><\/figure>\n\n\n\n<figure class=\"wp-block-image size-large\"><img loading=\"lazy\" decoding=\"async\" width=\"1024\" height=\"683\" data-id=\"3175\" src=\"https:\/\/fisyosgarnacho.com\/wp-content\/uploads\/2025\/06\/instalaciones-fisioterapia-barakaldo-14.jpg\" alt=\"\" class=\"wp-image-3175\" srcset=\"https:\/\/fisyosgarnacho.com\/wp-content\/uploads\/2025\/06\/instalaciones-fisioterapia-barakaldo-14.jpg 1024w, https:\/\/fisyosgarnacho.com\/wp-content\/uploads\/2025\/06\/instalaciones-fisioterapia-barakaldo-14-300x200.jpg 300w, https:\/\/fisyosgarnacho.com\/wp-content\/uploads\/2025\/06\/instalaciones-fisioterapia-barakaldo-14-768x512.jpg 768w, https:\/\/fisyosgarnacho.com\/wp-content\/uploads\/2025\/06\/instalaciones-fisioterapia-barakaldo-14-885x590.jpg 885w, https:\/\/fisyosgarnacho.com\/wp-content\/uploads\/2025\/06\/instalaciones-fisioterapia-barakaldo-14-600x400.jpg 600w\" sizes=\"auto, (max-width: 1024px) 100vw, 1024px\" \/><\/figure>\n\n\n\n<figure class=\"wp-block-image size-large\"><img loading=\"lazy\" decoding=\"async\" width=\"1024\" height=\"683\" data-id=\"3173\" src=\"https:\/\/fisyosgarnacho.com\/wp-content\/uploads\/2025\/06\/instalaciones-fisioterapia-barakaldo-13.jpg\" alt=\"\" class=\"wp-image-3173\" srcset=\"https:\/\/fisyosgarnacho.com\/wp-content\/uploads\/2025\/06\/instalaciones-fisioterapia-barakaldo-13.jpg 1024w, https:\/\/fisyosgarnacho.com\/wp-content\/uploads\/2025\/06\/instalaciones-fisioterapia-barakaldo-13-300x200.jpg 300w, https:\/\/fisyosgarnacho.com\/wp-content\/uploads\/2025\/06\/instalaciones-fisioterapia-barakaldo-13-768x512.jpg 768w, https:\/\/fisyosgarnacho.com\/wp-content\/uploads\/2025\/06\/instalaciones-fisioterapia-barakaldo-13-885x590.jpg 885w, https:\/\/fisyosgarnacho.com\/wp-content\/uploads\/2025\/06\/instalaciones-fisioterapia-barakaldo-13-600x400.jpg 600w\" sizes=\"auto, (max-width: 1024px) 100vw, 1024px\" \/><\/figure>\n\n\n\n<figure class=\"wp-block-image size-large\"><img loading=\"lazy\" decoding=\"async\" width=\"1024\" height=\"683\" data-id=\"3171\" src=\"https:\/\/fisyosgarnacho.com\/wp-content\/uploads\/2025\/06\/instalaciones-fisioterapia-barakaldo-12.jpg\" alt=\"\" class=\"wp-image-3171\" srcset=\"https:\/\/fisyosgarnacho.com\/wp-content\/uploads\/2025\/06\/instalaciones-fisioterapia-barakaldo-12.jpg 1024w, https:\/\/fisyosgarnacho.com\/wp-content\/uploads\/2025\/06\/instalaciones-fisioterapia-barakaldo-12-300x200.jpg 300w, https:\/\/fisyosgarnacho.com\/wp-content\/uploads\/2025\/06\/instalaciones-fisioterapia-barakaldo-12-768x512.jpg 768w, https:\/\/fisyosgarnacho.com\/wp-content\/uploads\/2025\/06\/instalaciones-fisioterapia-barakaldo-12-885x590.jpg 885w, https:\/\/fisyosgarnacho.com\/wp-content\/uploads\/2025\/06\/instalaciones-fisioterapia-barakaldo-12-600x400.jpg 600w\" sizes=\"auto, (max-width: 1024px) 100vw, 1024px\" \/><\/figure>\n\n\n\n<figure class=\"wp-block-image size-large\"><img loading=\"lazy\" decoding=\"async\" width=\"1024\" height=\"683\" data-id=\"3169\" src=\"https:\/\/fisyosgarnacho.com\/wp-content\/uploads\/2025\/06\/instalaciones-fisioterapia-barakaldo-11.jpg\" alt=\"\" class=\"wp-image-3169\" srcset=\"https:\/\/fisyosgarnacho.com\/wp-content\/uploads\/2025\/06\/instalaciones-fisioterapia-barakaldo-11.jpg 1024w, https:\/\/fisyosgarnacho.com\/wp-content\/uploads\/2025\/06\/instalaciones-fisioterapia-barakaldo-11-300x200.jpg 300w, https:\/\/fisyosgarnacho.com\/wp-content\/uploads\/2025\/06\/instalaciones-fisioterapia-barakaldo-11-768x512.jpg 768w, https:\/\/fisyosgarnacho.com\/wp-content\/uploads\/2025\/06\/instalaciones-fisioterapia-barakaldo-11-885x590.jpg 885w, https:\/\/fisyosgarnacho.com\/wp-content\/uploads\/2025\/06\/instalaciones-fisioterapia-barakaldo-11-600x400.jpg 600w\" sizes=\"auto, (max-width: 1024px) 100vw, 1024px\" \/><\/figure>\n\n\n\n<figure class=\"wp-block-image size-large\"><img loading=\"lazy\" decoding=\"async\" width=\"1024\" height=\"683\" data-id=\"3167\" src=\"https:\/\/fisyosgarnacho.com\/wp-content\/uploads\/2025\/06\/instalaciones-fisioterapia-barakaldo-10.jpg\" alt=\"\" class=\"wp-image-3167\" srcset=\"https:\/\/fisyosgarnacho.com\/wp-content\/uploads\/2025\/06\/instalaciones-fisioterapia-barakaldo-10.jpg 1024w, https:\/\/fisyosgarnacho.com\/wp-content\/uploads\/2025\/06\/instalaciones-fisioterapia-barakaldo-10-300x200.jpg 300w, https:\/\/fisyosgarnacho.com\/wp-content\/uploads\/2025\/06\/instalaciones-fisioterapia-barakaldo-10-768x512.jpg 768w, https:\/\/fisyosgarnacho.com\/wp-content\/uploads\/2025\/06\/instalaciones-fisioterapia-barakaldo-10-885x590.jpg 885w, https:\/\/fisyosgarnacho.com\/wp-content\/uploads\/2025\/06\/instalaciones-fisioterapia-barakaldo-10-600x400.jpg 600w\" sizes=\"auto, (max-width: 1024px) 100vw, 1024px\" \/><\/figure>\n\n\n\n<figure class=\"wp-block-image size-large\"><img loading=\"lazy\" decoding=\"async\" width=\"1024\" height=\"683\" data-id=\"3165\" src=\"https:\/\/fisyosgarnacho.com\/wp-content\/uploads\/2025\/06\/instalaciones-fisioterapia-barakaldo-9.jpg\" alt=\"\" class=\"wp-image-3165\" srcset=\"https:\/\/fisyosgarnacho.com\/wp-content\/uploads\/2025\/06\/instalaciones-fisioterapia-barakaldo-9.jpg 1024w, https:\/\/fisyosgarnacho.com\/wp-content\/uploads\/2025\/06\/instalaciones-fisioterapia-barakaldo-9-300x200.jpg 300w, https:\/\/fisyosgarnacho.com\/wp-content\/uploads\/2025\/06\/instalaciones-fisioterapia-barakaldo-9-768x512.jpg 768w, https:\/\/fisyosgarnacho.com\/wp-content\/uploads\/2025\/06\/instalaciones-fisioterapia-barakaldo-9-885x590.jpg 885w, https:\/\/fisyosgarnacho.com\/wp-content\/uploads\/2025\/06\/instalaciones-fisioterapia-barakaldo-9-600x400.jpg 600w\" sizes=\"auto, (max-width: 1024px) 100vw, 1024px\" \/><\/figure>\n\n\n\n<figure class=\"wp-block-image size-large\"><img loading=\"lazy\" decoding=\"async\" width=\"1024\" height=\"683\" data-id=\"3163\" src=\"https:\/\/fisyosgarnacho.com\/wp-content\/uploads\/2025\/06\/instalaciones-fisioterapia-barakaldo-8.jpg\" alt=\"\" class=\"wp-image-3163\" srcset=\"https:\/\/fisyosgarnacho.com\/wp-content\/uploads\/2025\/06\/instalaciones-fisioterapia-barakaldo-8.jpg 1024w, https:\/\/fisyosgarnacho.com\/wp-content\/uploads\/2025\/06\/instalaciones-fisioterapia-barakaldo-8-300x200.jpg 300w, https:\/\/fisyosgarnacho.com\/wp-content\/uploads\/2025\/06\/instalaciones-fisioterapia-barakaldo-8-768x512.jpg 768w, https:\/\/fisyosgarnacho.com\/wp-content\/uploads\/2025\/06\/instalaciones-fisioterapia-barakaldo-8-885x590.jpg 885w, https:\/\/fisyosgarnacho.com\/wp-content\/uploads\/2025\/06\/instalaciones-fisioterapia-barakaldo-8-600x400.jpg 600w\" sizes=\"auto, (max-width: 1024px) 100vw, 1024px\" \/><\/figure>\n\n\n\n<figure class=\"wp-block-image size-large\"><img loading=\"lazy\" decoding=\"async\" width=\"1024\" height=\"683\" data-id=\"3161\" src=\"https:\/\/fisyosgarnacho.com\/wp-content\/uploads\/2025\/06\/instalaciones-fisioterapia-barakaldo-7.jpg\" alt=\"\" class=\"wp-image-3161\" srcset=\"https:\/\/fisyosgarnacho.com\/wp-content\/uploads\/2025\/06\/instalaciones-fisioterapia-barakaldo-7.jpg 1024w, https:\/\/fisyosgarnacho.com\/wp-content\/uploads\/2025\/06\/instalaciones-fisioterapia-barakaldo-7-300x200.jpg 300w, https:\/\/fisyosgarnacho.com\/wp-content\/uploads\/2025\/06\/instalaciones-fisioterapia-barakaldo-7-768x512.jpg 768w, https:\/\/fisyosgarnacho.com\/wp-content\/uploads\/2025\/06\/instalaciones-fisioterapia-barakaldo-7-885x590.jpg 885w, https:\/\/fisyosgarnacho.com\/wp-content\/uploads\/2025\/06\/instalaciones-fisioterapia-barakaldo-7-600x400.jpg 600w\" sizes=\"auto, (max-width: 1024px) 100vw, 1024px\" \/><\/figure>\n<\/figure>\n","protected":false},"excerpt":{"rendered":"","protected":false},"author":1,"featured_media":0,"parent":0,"menu_order":0,"comment_status":"closed","ping_status":"closed","template":"","meta":{"footnotes":""},"class_list":["post-2891","page","type-page","status-publish","hentry"],"yoast_head":"<!-- This site is optimized with the Yoast SEO plugin v26.8 - https:\/\/yoast.com\/product\/yoast-seo-wordpress\/ -->\n<title>Instalazioak - Fisyos Garnacho. Fisioterapia, entrenamiento y nutrici\u00f3n en Barakaldo<\/title>\n<meta name=\"robots\" content=\"index, follow, max-snippet:-1, max-image-preview:large, max-video-preview:-1\" \/>\n<link rel=\"canonical\" href=\"https:\/\/fisyosgarnacho.com\/eu\/instalazioak\/\" \/>\n<meta property=\"og:locale\" content=\"eu_ES\" \/>\n<meta property=\"og:type\" content=\"article\" \/>\n<meta property=\"og:title\" content=\"Instalazioak - Fisyos Garnacho. Fisioterapia, entrenamiento y nutrici\u00f3n en Barakaldo\" \/>\n<meta property=\"og:url\" content=\"https:\/\/fisyosgarnacho.com\/eu\/instalazioak\/\" \/>\n<meta property=\"og:site_name\" content=\"Fisyos Garnacho. Fisioterapia, entrenamiento y nutrici\u00f3n en Barakaldo\" \/>\n<meta property=\"article:publisher\" content=\"https:\/\/www.facebook.com\/Fisyosgarnacho\/\" \/>\n<meta property=\"article:modified_time\" content=\"2025-06-10T10:31:00+00:00\" \/>\n<meta property=\"og:image\" content=\"https:\/\/fisyosgarnacho.com\/wp-content\/uploads\/2025\/06\/instalaciones-fisioterapia-barakaldo-6.jpg\" \/>\n\t<meta property=\"og:image:width\" content=\"1024\" \/>\n\t<meta property=\"og:image:height\" content=\"683\" \/>\n\t<meta property=\"og:image:type\" content=\"image\/jpeg\" \/>\n<meta name=\"twitter:card\" content=\"summary_large_image\" \/>\n<script type=\"application\/ld+json\" class=\"yoast-schema-graph\">{\"@context\":\"https:\/\/schema.org\",\"@graph\":[{\"@type\":\"WebPage\",\"@id\":\"https:\/\/fisyosgarnacho.com\/eu\/instalazioak\/\",\"url\":\"https:\/\/fisyosgarnacho.com\/eu\/instalazioak\/\",\"name\":\"Instalazioak - Fisyos Garnacho. Fisioterapia, entrenamiento y nutrici\u00f3n en Barakaldo\",\"isPartOf\":{\"@id\":\"https:\/\/fisyosgarnacho.com\/eu\/#website\"},\"primaryImageOfPage\":{\"@id\":\"https:\/\/fisyosgarnacho.com\/eu\/instalazioak\/#primaryimage\"},\"image\":{\"@id\":\"https:\/\/fisyosgarnacho.com\/eu\/instalazioak\/#primaryimage\"},\"thumbnailUrl\":\"https:\/\/fisyosgarnacho.com\/wp-content\/uploads\/2025\/06\/instalaciones-fisioterapia-barakaldo-6.jpg\",\"datePublished\":\"2024-05-28T12:49:21+00:00\",\"dateModified\":\"2025-06-10T10:31:00+00:00\",\"breadcrumb\":{\"@id\":\"https:\/\/fisyosgarnacho.com\/eu\/instalazioak\/#breadcrumb\"},\"inLanguage\":\"eu-ES\",\"potentialAction\":[{\"@type\":\"ReadAction\",\"target\":[\"https:\/\/fisyosgarnacho.com\/eu\/instalazioak\/\"]}]},{\"@type\":\"ImageObject\",\"inLanguage\":\"eu-ES\",\"@id\":\"https:\/\/fisyosgarnacho.com\/eu\/instalazioak\/#primaryimage\",\"url\":\"https:\/\/fisyosgarnacho.com\/wp-content\/uploads\/2025\/06\/instalaciones-fisioterapia-barakaldo-6.jpg\",\"contentUrl\":\"https:\/\/fisyosgarnacho.com\/wp-content\/uploads\/2025\/06\/instalaciones-fisioterapia-barakaldo-6.jpg\"},{\"@type\":\"BreadcrumbList\",\"@id\":\"https:\/\/fisyosgarnacho.com\/eu\/instalazioak\/#breadcrumb\",\"itemListElement\":[{\"@type\":\"ListItem\",\"position\":1,\"name\":\"Portada\",\"item\":\"https:\/\/fisyosgarnacho.com\/eu\/hasiera\/\"},{\"@type\":\"ListItem\",\"position\":2,\"name\":\"Instalazioak\"}]},{\"@type\":\"WebSite\",\"@id\":\"https:\/\/fisyosgarnacho.com\/eu\/#website\",\"url\":\"https:\/\/fisyosgarnacho.com\/eu\/\",\"name\":\"Fisyos Garnacho. Fisioterapia, entrenamiento y nutrici\u00f3n en Barakaldo\",\"description\":\"Cl\u00ednica de fisioterapia, entrenamiento y nutrici\u00f3n en Barakaldo, Bizkaia. Fisioterapeutas y osteopatas en Baracaldo.\",\"publisher\":{\"@id\":\"https:\/\/fisyosgarnacho.com\/eu\/#organization\"},\"potentialAction\":[{\"@type\":\"SearchAction\",\"target\":{\"@type\":\"EntryPoint\",\"urlTemplate\":\"https:\/\/fisyosgarnacho.com\/eu\/?s={search_term_string}\"},\"query-input\":{\"@type\":\"PropertyValueSpecification\",\"valueRequired\":true,\"valueName\":\"search_term_string\"}}],\"inLanguage\":\"eu-ES\"},{\"@type\":\"Organization\",\"@id\":\"https:\/\/fisyosgarnacho.com\/eu\/#organization\",\"name\":\"Fisyos Garnacho\",\"url\":\"https:\/\/fisyosgarnacho.com\/eu\/\",\"logo\":{\"@type\":\"ImageObject\",\"inLanguage\":\"eu-ES\",\"@id\":\"https:\/\/fisyosgarnacho.com\/eu\/#\/schema\/logo\/image\/\",\"url\":\"https:\/\/fisyosgarnacho.com\/wp-content\/uploads\/2024\/11\/logo-fisyos-garnacho.png\",\"contentUrl\":\"https:\/\/fisyosgarnacho.com\/wp-content\/uploads\/2024\/11\/logo-fisyos-garnacho.png\",\"width\":750,\"height\":300,\"caption\":\"Fisyos Garnacho\"},\"image\":{\"@id\":\"https:\/\/fisyosgarnacho.com\/eu\/#\/schema\/logo\/image\/\"},\"sameAs\":[\"https:\/\/www.facebook.com\/Fisyosgarnacho\/\",\"https:\/\/www.instagram.com\/fisyos_garnacho\/?hl=es\",\"https:\/\/www.linkedin.com\/in\/carla-garnacho-ortiz-a09806b1\/\"]}]}<\/script>\n<!-- \/ Yoast SEO plugin. -->","yoast_head_json":{"title":"Instalazioak - Fisyos Garnacho. Fisioterapia, entrenamiento y nutrici\u00f3n en Barakaldo","robots":{"index":"index","follow":"follow","max-snippet":"max-snippet:-1","max-image-preview":"max-image-preview:large","max-video-preview":"max-video-preview:-1"},"canonical":"https:\/\/fisyosgarnacho.com\/eu\/instalazioak\/","og_locale":"eu_ES","og_type":"article","og_title":"Instalazioak - Fisyos Garnacho. Fisioterapia, entrenamiento y nutrici\u00f3n en Barakaldo","og_url":"https:\/\/fisyosgarnacho.com\/eu\/instalazioak\/","og_site_name":"Fisyos Garnacho. Fisioterapia, entrenamiento y nutrici\u00f3n en Barakaldo","article_publisher":"https:\/\/www.facebook.com\/Fisyosgarnacho\/","article_modified_time":"2025-06-10T10:31:00+00:00","og_image":[{"width":1024,"height":683,"url":"https:\/\/fisyosgarnacho.com\/wp-content\/uploads\/2025\/06\/instalaciones-fisioterapia-barakaldo-6.jpg","type":"image\/jpeg"}],"twitter_card":"summary_large_image","schema":{"@context":"https:\/\/schema.org","@graph":[{"@type":"WebPage","@id":"https:\/\/fisyosgarnacho.com\/eu\/instalazioak\/","url":"https:\/\/fisyosgarnacho.com\/eu\/instalazioak\/","name":"Instalazioak - Fisyos Garnacho. Fisioterapia, entrenamiento y nutrici\u00f3n en Barakaldo","isPartOf":{"@id":"https:\/\/fisyosgarnacho.com\/eu\/#website"},"primaryImageOfPage":{"@id":"https:\/\/fisyosgarnacho.com\/eu\/instalazioak\/#primaryimage"},"image":{"@id":"https:\/\/fisyosgarnacho.com\/eu\/instalazioak\/#primaryimage"},"thumbnailUrl":"https:\/\/fisyosgarnacho.com\/wp-content\/uploads\/2025\/06\/instalaciones-fisioterapia-barakaldo-6.jpg","datePublished":"2024-05-28T12:49:21+00:00","dateModified":"2025-06-10T10:31:00+00:00","breadcrumb":{"@id":"https:\/\/fisyosgarnacho.com\/eu\/instalazioak\/#breadcrumb"},"inLanguage":"eu-ES","potentialAction":[{"@type":"ReadAction","target":["https:\/\/fisyosgarnacho.com\/eu\/instalazioak\/"]}]},{"@type":"ImageObject","inLanguage":"eu-ES","@id":"https:\/\/fisyosgarnacho.com\/eu\/instalazioak\/#primaryimage","url":"https:\/\/fisyosgarnacho.com\/wp-content\/uploads\/2025\/06\/instalaciones-fisioterapia-barakaldo-6.jpg","contentUrl":"https:\/\/fisyosgarnacho.com\/wp-content\/uploads\/2025\/06\/instalaciones-fisioterapia-barakaldo-6.jpg"},{"@type":"BreadcrumbList","@id":"https:\/\/fisyosgarnacho.com\/eu\/instalazioak\/#breadcrumb","itemListElement":[{"@type":"ListItem","position":1,"name":"Portada","item":"https:\/\/fisyosgarnacho.com\/eu\/hasiera\/"},{"@type":"ListItem","position":2,"name":"Instalazioak"}]},{"@type":"WebSite","@id":"https:\/\/fisyosgarnacho.com\/eu\/#website","url":"https:\/\/fisyosgarnacho.com\/eu\/","name":"Fisyos Garnacho. Fisioterapia, entrenamiento y nutrici\u00f3n en Barakaldo","description":"Cl\u00ednica de fisioterapia, entrenamiento y nutrici\u00f3n en Barakaldo, Bizkaia. Fisioterapeutas y osteopatas en Baracaldo.","publisher":{"@id":"https:\/\/fisyosgarnacho.com\/eu\/#organization"},"potentialAction":[{"@type":"SearchAction","target":{"@type":"EntryPoint","urlTemplate":"https:\/\/fisyosgarnacho.com\/eu\/?s={search_term_string}"},"query-input":{"@type":"PropertyValueSpecification","valueRequired":true,"valueName":"search_term_string"}}],"inLanguage":"eu-ES"},{"@type":"Organization","@id":"https:\/\/fisyosgarnacho.com\/eu\/#organization","name":"Fisyos Garnacho","url":"https:\/\/fisyosgarnacho.com\/eu\/","logo":{"@type":"ImageObject","inLanguage":"eu-ES","@id":"https:\/\/fisyosgarnacho.com\/eu\/#\/schema\/logo\/image\/","url":"https:\/\/fisyosgarnacho.com\/wp-content\/uploads\/2024\/11\/logo-fisyos-garnacho.png","contentUrl":"https:\/\/fisyosgarnacho.com\/wp-content\/uploads\/2024\/11\/logo-fisyos-garnacho.png","width":750,"height":300,"caption":"Fisyos Garnacho"},"image":{"@id":"https:\/\/fisyosgarnacho.com\/eu\/#\/schema\/logo\/image\/"},"sameAs":["https:\/\/www.facebook.com\/Fisyosgarnacho\/","https:\/\/www.instagram.com\/fisyos_garnacho\/?hl=es","https:\/\/www.linkedin.com\/in\/carla-garnacho-ortiz-a09806b1\/"]}]}},"_links":{"self":[{"href":"https:\/\/fisyosgarnacho.com\/eu\/wp-json\/wp\/v2\/pages\/2891","targetHints":{"allow":["GET"]}}],"collection":[{"href":"https:\/\/fisyosgarnacho.com\/eu\/wp-json\/wp\/v2\/pages"}],"about":[{"href":"https:\/\/fisyosgarnacho.com\/eu\/wp-json\/wp\/v2\/types\/page"}],"author":[{"embeddable":true,"href":"https:\/\/fisyosgarnacho.com\/eu\/wp-json\/wp\/v2\/users\/1"}],"replies":[{"embeddable":true,"href":"https:\/\/fisyosgarnacho.com\/eu\/wp-json\/wp\/v2\/comments?post=2891"}],"version-history":[{"count":2,"href":"https:\/\/fisyosgarnacho.com\/eu\/wp-json\/wp\/v2\/pages\/2891\/revisions"}],"predecessor-version":[{"id":3194,"href":"https:\/\/fisyosgarnacho.com\/eu\/wp-json\/wp\/v2\/pages\/2891\/revisions\/3194"}],"wp:attachment":[{"href":"https:\/\/fisyosgarnacho.com\/eu\/wp-json\/wp\/v2\/media?parent=2891"}],"curies":[{"name":"wp","href":"https:\/\/api.w.org\/{rel}","templated":true}]}}