{"id":2893,"date":"2024-05-27T17:08:40","date_gmt":"2024-05-27T15:08:40","guid":{"rendered":"https:\/\/clientes-fisyos.laukoa-studio.com\/teknologia\/"},"modified":"2024-06-25T11:43:53","modified_gmt":"2024-06-25T09:43:53","slug":"teknologia","status":"publish","type":"page","link":"https:\/\/fisyosgarnacho.com\/eu\/teknologia\/","title":{"rendered":"Teknologia"},"content":{"rendered":"\n<figure class=\"wp-block-gallery has-nested-images columns-default is-cropped wp-block-gallery-1 is-layout-flex wp-block-gallery-is-layout-flex\">\n<figure class=\"wp-block-image size-large\"><img loading=\"lazy\" decoding=\"async\" width=\"400\" height=\"600\" data-id=\"2566\" src=\"https:\/\/clientes-fisyos.laukoa-studio.com\/wp-content\/uploads\/2024\/06\/tecnologia-indiba.jpg\" alt=\"\" class=\"wp-image-2566\" srcset=\"https:\/\/fisyosgarnacho.com\/wp-content\/uploads\/2024\/06\/tecnologia-indiba.jpg 400w, https:\/\/fisyosgarnacho.com\/wp-content\/uploads\/2024\/06\/tecnologia-indiba-200x300.jpg 200w, https:\/\/fisyosgarnacho.com\/wp-content\/uploads\/2024\/06\/tecnologia-indiba-393x590.jpg 393w\" sizes=\"auto, (max-width: 400px) 100vw, 400px\" \/><figcaption class=\"wp-element-caption\">Indiba<\/figcaption><\/figure>\n\n\n\n<figure class=\"wp-block-image size-large\"><img loading=\"lazy\" decoding=\"async\" width=\"400\" height=\"600\" data-id=\"2565\" src=\"https:\/\/clientes-fisyos.laukoa-studio.com\/wp-content\/uploads\/2024\/06\/tecnologia-ecografia.jpg\" alt=\"\" class=\"wp-image-2565\" srcset=\"https:\/\/fisyosgarnacho.com\/wp-content\/uploads\/2024\/06\/tecnologia-ecografia.jpg 400w, https:\/\/fisyosgarnacho.com\/wp-content\/uploads\/2024\/06\/tecnologia-ecografia-200x300.jpg 200w, https:\/\/fisyosgarnacho.com\/wp-content\/uploads\/2024\/06\/tecnologia-ecografia-393x590.jpg 393w\" sizes=\"auto, (max-width: 400px) 100vw, 400px\" \/><figcaption class=\"wp-element-caption\">Ekografia<\/figcaption><\/figure>\n\n\n\n<figure class=\"wp-block-image size-large\"><img loading=\"lazy\" decoding=\"async\" width=\"600\" height=\"400\" data-id=\"2564\" src=\"https:\/\/clientes-fisyos.laukoa-studio.com\/wp-content\/uploads\/2024\/06\/tecnologia-neuromodulador.jpg\" alt=\"\" class=\"wp-image-2564\" srcset=\"https:\/\/fisyosgarnacho.com\/wp-content\/uploads\/2024\/06\/tecnologia-neuromodulador.jpg 600w, https:\/\/fisyosgarnacho.com\/wp-content\/uploads\/2024\/06\/tecnologia-neuromodulador-300x200.jpg 300w\" sizes=\"auto, (max-width: 600px) 100vw, 600px\" \/><figcaption class=\"wp-element-caption\">Neuromodulatzailea<\/figcaption><\/figure>\n\n\n\n<figure class=\"wp-block-image size-large\"><img loading=\"lazy\" decoding=\"async\" width=\"600\" height=\"400\" data-id=\"2563\" src=\"https:\/\/clientes-fisyos.laukoa-studio.com\/wp-content\/uploads\/2024\/06\/tecnologia-epi.jpg\" alt=\"\" class=\"wp-image-2563\" srcset=\"https:\/\/fisyosgarnacho.com\/wp-content\/uploads\/2024\/06\/tecnologia-epi.jpg 600w, https:\/\/fisyosgarnacho.com\/wp-content\/uploads\/2024\/06\/tecnologia-epi-300x200.jpg 300w\" sizes=\"auto, (max-width: 600px) 100vw, 600px\" \/><figcaption class=\"wp-element-caption\">EPI<\/figcaption><\/figure>\n\n\n\n<figure class=\"wp-block-image size-large\"><img loading=\"lazy\" decoding=\"async\" width=\"400\" height=\"600\" data-id=\"2562\" src=\"https:\/\/clientes-fisyos.laukoa-studio.com\/wp-content\/uploads\/2024\/06\/tecnologia-presoterapia.jpg\" alt=\"\" class=\"wp-image-2562\" srcset=\"https:\/\/fisyosgarnacho.com\/wp-content\/uploads\/2024\/06\/tecnologia-presoterapia.jpg 400w, https:\/\/fisyosgarnacho.com\/wp-content\/uploads\/2024\/06\/tecnologia-presoterapia-200x300.jpg 200w, https:\/\/fisyosgarnacho.com\/wp-content\/uploads\/2024\/06\/tecnologia-presoterapia-393x590.jpg 393w\" sizes=\"auto, (max-width: 400px) 100vw, 400px\" \/><figcaption class=\"wp-element-caption\">Presoterapia<\/figcaption><\/figure>\n\n\n\n<figure class=\"wp-block-image\"><img loading=\"lazy\" decoding=\"async\" width=\"600\" height=\"400\" data-id=\"2622\" src=\"https:\/\/clientes-fisyos.laukoa-studio.com\/wp-content\/uploads\/2024\/06\/tecnologia-dinamometro.jpg\" alt=\"\" class=\"wp-image-2622\" srcset=\"https:\/\/fisyosgarnacho.com\/wp-content\/uploads\/2024\/06\/tecnologia-dinamometro.jpg 600w, https:\/\/fisyosgarnacho.com\/wp-content\/uploads\/2024\/06\/tecnologia-dinamometro-300x200.jpg 300w\" sizes=\"auto, (max-width: 600px) 100vw, 600px\" \/><figcaption class=\"wp-element-caption\">Dinamometro<\/figcaption><\/figure>\n\n\n\n<figure class=\"wp-block-image size-large\"><img loading=\"lazy\" decoding=\"async\" width=\"400\" height=\"533\" data-id=\"2655\" src=\"https:\/\/clientes-fisyos.laukoa-studio.com\/wp-content\/uploads\/2024\/06\/tecnologia-sistema-isoinercial.jpg\" alt=\"\" class=\"wp-image-2655\" srcset=\"https:\/\/fisyosgarnacho.com\/wp-content\/uploads\/2024\/06\/tecnologia-sistema-isoinercial.jpg 400w, https:\/\/fisyosgarnacho.com\/wp-content\/uploads\/2024\/06\/tecnologia-sistema-isoinercial-225x300.jpg 225w\" sizes=\"auto, (max-width: 400px) 100vw, 400px\" \/><figcaption class=\"wp-element-caption\">SIstema Isoinertziala<\/figcaption><\/figure>\n\n\n\n<figure class=\"wp-block-image size-large\"><img loading=\"lazy\" decoding=\"async\" width=\"400\" height=\"711\" data-id=\"2654\" src=\"https:\/\/clientes-fisyos.laukoa-studio.com\/wp-content\/uploads\/2024\/06\/tecnologia-sistema-superinductivo.jpg\" alt=\"\" class=\"wp-image-2654\" srcset=\"https:\/\/fisyosgarnacho.com\/wp-content\/uploads\/2024\/06\/tecnologia-sistema-superinductivo.jpg 400w, https:\/\/fisyosgarnacho.com\/wp-content\/uploads\/2024\/06\/tecnologia-sistema-superinductivo-169x300.jpg 169w, https:\/\/fisyosgarnacho.com\/wp-content\/uploads\/2024\/06\/tecnologia-sistema-superinductivo-332x590.jpg 332w\" sizes=\"auto, (max-width: 400px) 100vw, 400px\" \/><figcaption class=\"wp-element-caption\">Sistema superinduktiboa<\/figcaption><\/figure>\n<\/figure>\n","protected":false},"excerpt":{"rendered":"","protected":false},"author":1,"featured_media":0,"parent":0,"menu_order":4,"comment_status":"closed","ping_status":"closed","template":"","meta":{"footnotes":""},"class_list":["post-2893","page","type-page","status-publish","hentry"],"yoast_head":"<!-- This site is optimized with the Yoast SEO plugin v26.8 - https:\/\/yoast.com\/product\/yoast-seo-wordpress\/ -->\n<title>Teknologia - Fisyos Garnacho. Fisioterapia, entrenamiento y nutrici\u00f3n en Barakaldo<\/title>\n<meta name=\"robots\" content=\"index, follow, max-snippet:-1, max-image-preview:large, max-video-preview:-1\" \/>\n<link rel=\"canonical\" href=\"https:\/\/fisyosgarnacho.com\/eu\/teknologia\/\" \/>\n<meta property=\"og:locale\" content=\"eu_ES\" \/>\n<meta property=\"og:type\" content=\"article\" \/>\n<meta property=\"og:title\" content=\"Teknologia - Fisyos Garnacho. Fisioterapia, entrenamiento y nutrici\u00f3n en Barakaldo\" \/>\n<meta property=\"og:url\" content=\"https:\/\/fisyosgarnacho.com\/eu\/teknologia\/\" \/>\n<meta property=\"og:site_name\" content=\"Fisyos Garnacho. Fisioterapia, entrenamiento y nutrici\u00f3n en Barakaldo\" \/>\n<meta property=\"article:publisher\" content=\"https:\/\/www.facebook.com\/Fisyosgarnacho\/\" \/>\n<meta property=\"article:modified_time\" content=\"2024-06-25T09:43:53+00:00\" \/>\n<meta property=\"og:image\" content=\"https:\/\/clientes-fisyos.laukoa-studio.com\/wp-content\/uploads\/2024\/06\/tecnologia-indiba.jpg\" \/>\n<meta name=\"twitter:card\" content=\"summary_large_image\" \/>\n<script type=\"application\/ld+json\" class=\"yoast-schema-graph\">{\"@context\":\"https:\/\/schema.org\",\"@graph\":[{\"@type\":\"WebPage\",\"@id\":\"https:\/\/fisyosgarnacho.com\/eu\/teknologia\/\",\"url\":\"https:\/\/fisyosgarnacho.com\/eu\/teknologia\/\",\"name\":\"Teknologia - Fisyos Garnacho. Fisioterapia, entrenamiento y nutrici\u00f3n en Barakaldo\",\"isPartOf\":{\"@id\":\"https:\/\/fisyosgarnacho.com\/eu\/#website\"},\"primaryImageOfPage\":{\"@id\":\"https:\/\/fisyosgarnacho.com\/eu\/teknologia\/#primaryimage\"},\"image\":{\"@id\":\"https:\/\/fisyosgarnacho.com\/eu\/teknologia\/#primaryimage\"},\"thumbnailUrl\":\"https:\/\/clientes-fisyos.laukoa-studio.com\/wp-content\/uploads\/2024\/06\/tecnologia-indiba.jpg\",\"datePublished\":\"2024-05-27T15:08:40+00:00\",\"dateModified\":\"2024-06-25T09:43:53+00:00\",\"breadcrumb\":{\"@id\":\"https:\/\/fisyosgarnacho.com\/eu\/teknologia\/#breadcrumb\"},\"inLanguage\":\"eu-ES\",\"potentialAction\":[{\"@type\":\"ReadAction\",\"target\":[\"https:\/\/fisyosgarnacho.com\/eu\/teknologia\/\"]}]},{\"@type\":\"ImageObject\",\"inLanguage\":\"eu-ES\",\"@id\":\"https:\/\/fisyosgarnacho.com\/eu\/teknologia\/#primaryimage\",\"url\":\"https:\/\/clientes-fisyos.laukoa-studio.com\/wp-content\/uploads\/2024\/06\/tecnologia-indiba.jpg\",\"contentUrl\":\"https:\/\/clientes-fisyos.laukoa-studio.com\/wp-content\/uploads\/2024\/06\/tecnologia-indiba.jpg\"},{\"@type\":\"BreadcrumbList\",\"@id\":\"https:\/\/fisyosgarnacho.com\/eu\/teknologia\/#breadcrumb\",\"itemListElement\":[{\"@type\":\"ListItem\",\"position\":1,\"name\":\"Portada\",\"item\":\"https:\/\/fisyosgarnacho.com\/eu\/hasiera\/\"},{\"@type\":\"ListItem\",\"position\":2,\"name\":\"Teknologia\"}]},{\"@type\":\"WebSite\",\"@id\":\"https:\/\/fisyosgarnacho.com\/eu\/#website\",\"url\":\"https:\/\/fisyosgarnacho.com\/eu\/\",\"name\":\"Fisyos Garnacho. Fisioterapia, entrenamiento y nutrici\u00f3n en Barakaldo\",\"description\":\"Cl\u00ednica de fisioterapia, entrenamiento y nutrici\u00f3n en Barakaldo, Bizkaia. Fisioterapeutas y osteopatas en Baracaldo.\",\"publisher\":{\"@id\":\"https:\/\/fisyosgarnacho.com\/eu\/#organization\"},\"potentialAction\":[{\"@type\":\"SearchAction\",\"target\":{\"@type\":\"EntryPoint\",\"urlTemplate\":\"https:\/\/fisyosgarnacho.com\/eu\/?s={search_term_string}\"},\"query-input\":{\"@type\":\"PropertyValueSpecification\",\"valueRequired\":true,\"valueName\":\"search_term_string\"}}],\"inLanguage\":\"eu-ES\"},{\"@type\":\"Organization\",\"@id\":\"https:\/\/fisyosgarnacho.com\/eu\/#organization\",\"name\":\"Fisyos Garnacho\",\"url\":\"https:\/\/fisyosgarnacho.com\/eu\/\",\"logo\":{\"@type\":\"ImageObject\",\"inLanguage\":\"eu-ES\",\"@id\":\"https:\/\/fisyosgarnacho.com\/eu\/#\/schema\/logo\/image\/\",\"url\":\"https:\/\/fisyosgarnacho.com\/wp-content\/uploads\/2024\/11\/logo-fisyos-garnacho.png\",\"contentUrl\":\"https:\/\/fisyosgarnacho.com\/wp-content\/uploads\/2024\/11\/logo-fisyos-garnacho.png\",\"width\":750,\"height\":300,\"caption\":\"Fisyos Garnacho\"},\"image\":{\"@id\":\"https:\/\/fisyosgarnacho.com\/eu\/#\/schema\/logo\/image\/\"},\"sameAs\":[\"https:\/\/www.facebook.com\/Fisyosgarnacho\/\",\"https:\/\/www.instagram.com\/fisyos_garnacho\/?hl=es\",\"https:\/\/www.linkedin.com\/in\/carla-garnacho-ortiz-a09806b1\/\"]}]}<\/script>\n<!-- \/ Yoast SEO plugin. -->","yoast_head_json":{"title":"Teknologia - Fisyos Garnacho. Fisioterapia, entrenamiento y nutrici\u00f3n en Barakaldo","robots":{"index":"index","follow":"follow","max-snippet":"max-snippet:-1","max-image-preview":"max-image-preview:large","max-video-preview":"max-video-preview:-1"},"canonical":"https:\/\/fisyosgarnacho.com\/eu\/teknologia\/","og_locale":"eu_ES","og_type":"article","og_title":"Teknologia - Fisyos Garnacho. Fisioterapia, entrenamiento y nutrici\u00f3n en Barakaldo","og_url":"https:\/\/fisyosgarnacho.com\/eu\/teknologia\/","og_site_name":"Fisyos Garnacho. Fisioterapia, entrenamiento y nutrici\u00f3n en Barakaldo","article_publisher":"https:\/\/www.facebook.com\/Fisyosgarnacho\/","article_modified_time":"2024-06-25T09:43:53+00:00","og_image":[{"url":"https:\/\/clientes-fisyos.laukoa-studio.com\/wp-content\/uploads\/2024\/06\/tecnologia-indiba.jpg","type":"","width":"","height":""}],"twitter_card":"summary_large_image","schema":{"@context":"https:\/\/schema.org","@graph":[{"@type":"WebPage","@id":"https:\/\/fisyosgarnacho.com\/eu\/teknologia\/","url":"https:\/\/fisyosgarnacho.com\/eu\/teknologia\/","name":"Teknologia - Fisyos Garnacho. Fisioterapia, entrenamiento y nutrici\u00f3n en Barakaldo","isPartOf":{"@id":"https:\/\/fisyosgarnacho.com\/eu\/#website"},"primaryImageOfPage":{"@id":"https:\/\/fisyosgarnacho.com\/eu\/teknologia\/#primaryimage"},"image":{"@id":"https:\/\/fisyosgarnacho.com\/eu\/teknologia\/#primaryimage"},"thumbnailUrl":"https:\/\/clientes-fisyos.laukoa-studio.com\/wp-content\/uploads\/2024\/06\/tecnologia-indiba.jpg","datePublished":"2024-05-27T15:08:40+00:00","dateModified":"2024-06-25T09:43:53+00:00","breadcrumb":{"@id":"https:\/\/fisyosgarnacho.com\/eu\/teknologia\/#breadcrumb"},"inLanguage":"eu-ES","potentialAction":[{"@type":"ReadAction","target":["https:\/\/fisyosgarnacho.com\/eu\/teknologia\/"]}]},{"@type":"ImageObject","inLanguage":"eu-ES","@id":"https:\/\/fisyosgarnacho.com\/eu\/teknologia\/#primaryimage","url":"https:\/\/clientes-fisyos.laukoa-studio.com\/wp-content\/uploads\/2024\/06\/tecnologia-indiba.jpg","contentUrl":"https:\/\/clientes-fisyos.laukoa-studio.com\/wp-content\/uploads\/2024\/06\/tecnologia-indiba.jpg"},{"@type":"BreadcrumbList","@id":"https:\/\/fisyosgarnacho.com\/eu\/teknologia\/#breadcrumb","itemListElement":[{"@type":"ListItem","position":1,"name":"Portada","item":"https:\/\/fisyosgarnacho.com\/eu\/hasiera\/"},{"@type":"ListItem","position":2,"name":"Teknologia"}]},{"@type":"WebSite","@id":"https:\/\/fisyosgarnacho.com\/eu\/#website","url":"https:\/\/fisyosgarnacho.com\/eu\/","name":"Fisyos Garnacho. Fisioterapia, entrenamiento y nutrici\u00f3n en Barakaldo","description":"Cl\u00ednica de fisioterapia, entrenamiento y nutrici\u00f3n en Barakaldo, Bizkaia. Fisioterapeutas y osteopatas en Baracaldo.","publisher":{"@id":"https:\/\/fisyosgarnacho.com\/eu\/#organization"},"potentialAction":[{"@type":"SearchAction","target":{"@type":"EntryPoint","urlTemplate":"https:\/\/fisyosgarnacho.com\/eu\/?s={search_term_string}"},"query-input":{"@type":"PropertyValueSpecification","valueRequired":true,"valueName":"search_term_string"}}],"inLanguage":"eu-ES"},{"@type":"Organization","@id":"https:\/\/fisyosgarnacho.com\/eu\/#organization","name":"Fisyos Garnacho","url":"https:\/\/fisyosgarnacho.com\/eu\/","logo":{"@type":"ImageObject","inLanguage":"eu-ES","@id":"https:\/\/fisyosgarnacho.com\/eu\/#\/schema\/logo\/image\/","url":"https:\/\/fisyosgarnacho.com\/wp-content\/uploads\/2024\/11\/logo-fisyos-garnacho.png","contentUrl":"https:\/\/fisyosgarnacho.com\/wp-content\/uploads\/2024\/11\/logo-fisyos-garnacho.png","width":750,"height":300,"caption":"Fisyos Garnacho"},"image":{"@id":"https:\/\/fisyosgarnacho.com\/eu\/#\/schema\/logo\/image\/"},"sameAs":["https:\/\/www.facebook.com\/Fisyosgarnacho\/","https:\/\/www.instagram.com\/fisyos_garnacho\/?hl=es","https:\/\/www.linkedin.com\/in\/carla-garnacho-ortiz-a09806b1\/"]}]}},"_links":{"self":[{"href":"https:\/\/fisyosgarnacho.com\/eu\/wp-json\/wp\/v2\/pages\/2893","targetHints":{"allow":["GET"]}}],"collection":[{"href":"https:\/\/fisyosgarnacho.com\/eu\/wp-json\/wp\/v2\/pages"}],"about":[{"href":"https:\/\/fisyosgarnacho.com\/eu\/wp-json\/wp\/v2\/types\/page"}],"author":[{"embeddable":true,"href":"https:\/\/fisyosgarnacho.com\/eu\/wp-json\/wp\/v2\/users\/1"}],"replies":[{"embeddable":true,"href":"https:\/\/fisyosgarnacho.com\/eu\/wp-json\/wp\/v2\/comments?post=2893"}],"version-history":[{"count":1,"href":"https:\/\/fisyosgarnacho.com\/eu\/wp-json\/wp\/v2\/pages\/2893\/revisions"}],"predecessor-version":[{"id":2894,"href":"https:\/\/fisyosgarnacho.com\/eu\/wp-json\/wp\/v2\/pages\/2893\/revisions\/2894"}],"wp:attachment":[{"href":"https:\/\/fisyosgarnacho.com\/eu\/wp-json\/wp\/v2\/media?parent=2893"}],"curies":[{"name":"wp","href":"https:\/\/api.w.org\/{rel}","templated":true}]}}