{"id":2895,"date":"2019-10-22T13:35:38","date_gmt":"2019-10-22T11:35:38","guid":{"rendered":"https:\/\/clientes-fisyos.laukoa-studio.com\/kontaktua\/"},"modified":"2024-06-25T11:45:51","modified_gmt":"2024-06-25T09:45:51","slug":"kontaktua","status":"publish","type":"page","link":"https:\/\/fisyosgarnacho.com\/eu\/kontaktua\/","title":{"rendered":"Kontaktua"},"content":{"rendered":"\n<p>Gurekin harremanetan jarri nahi baduzu, kontsulta edo iradokizunen bat egin nahi badiguzu, erabil ezazu jarraian eskaintzen dizugun harremanetarako bideetako edozein. Ahalik eta lasterren erantzungo dizugu. <\/p>\n\n<figure class=\"wp-block-image\"><img loading=\"lazy\" decoding=\"async\" width=\"1024\" height=\"341\" src=\"https:\/\/clientes-fisyos.laukoa-studio.com\/wp-content\/uploads\/2019\/11\/contacto-1024x341.jpg\" alt=\"\" class=\"wp-image-712\" srcset=\"https:\/\/fisyosgarnacho.com\/wp-content\/uploads\/2019\/11\/contacto-1024x341.jpg 1024w, https:\/\/fisyosgarnacho.com\/wp-content\/uploads\/2019\/11\/contacto-300x100.jpg 300w, https:\/\/fisyosgarnacho.com\/wp-content\/uploads\/2019\/11\/contacto-768x256.jpg 768w, https:\/\/fisyosgarnacho.com\/wp-content\/uploads\/2019\/11\/contacto-1170x390.jpg 1170w, https:\/\/fisyosgarnacho.com\/wp-content\/uploads\/2019\/11\/contacto-600x200.jpg 600w, https:\/\/fisyosgarnacho.com\/wp-content\/uploads\/2019\/11\/contacto.jpg 1500w\" sizes=\"auto, (max-width: 1024px) 100vw, 1024px\" \/><\/figure>\n\n<div class=\"wp-block-columns has-2-columns is-layout-flex wp-container-core-columns-is-layout-9d6595d7 wp-block-columns-is-layout-flex\">\n<div class=\"wp-block-column is-layout-flow wp-block-column-is-layout-flow\">\n<h2 class=\"has-text-align-center wp-block-heading\">Harremanetarako formularioa<\/h2>\n\n\n\n<hr class=\"wp-block-separator\"\/>\n\n\n\n<div class=\"wpcf7 no-js\" id=\"wpcf7-f2977-o1\" lang=\"eu-ES\" dir=\"ltr\" data-wpcf7-id=\"2977\">\n<div class=\"screen-reader-response\"><p role=\"status\" aria-live=\"polite\" aria-atomic=\"true\"><\/p> <ul><\/ul><\/div>\n<form action=\"\/eu\/wp-json\/wp\/v2\/pages\/2895#wpcf7-f2977-o1\" method=\"post\" class=\"wpcf7-form init\" aria-label=\"Contact form\" novalidate=\"novalidate\" data-status=\"init\">\n<fieldset class=\"hidden-fields-container\"><input type=\"hidden\" name=\"_wpcf7\" value=\"2977\" \/><input type=\"hidden\" name=\"_wpcf7_version\" value=\"6.1.5\" \/><input type=\"hidden\" name=\"_wpcf7_locale\" value=\"eu_ES\" \/><input type=\"hidden\" name=\"_wpcf7_unit_tag\" value=\"wpcf7-f2977-o1\" \/><input type=\"hidden\" name=\"_wpcf7_container_post\" value=\"0\" \/><input type=\"hidden\" name=\"_wpcf7_posted_data_hash\" value=\"\" \/><input type=\"hidden\" name=\"_wpcf7_recaptcha_response\" value=\"\" \/>\n<\/fieldset>\n<div class=\"form-row\">\n\t<p><span class=\"wpcf7-form-control-wrap\" data-name=\"nombre\"><input size=\"40\" maxlength=\"400\" class=\"wpcf7-form-control wpcf7-text wpcf7-validates-as-required form-control\" id=\"nombre\" aria-required=\"true\" aria-invalid=\"false\" placeholder=\"Izena\" value=\"\" type=\"text\" name=\"nombre\" \/><\/span>\n\t<\/p>\n\t<div class=\"validation\">\n\t<\/div>\n<\/div>\n<div class=\"form-group\">\n\t<p><span class=\"wpcf7-form-control-wrap\" data-name=\"tel\"><input size=\"40\" maxlength=\"400\" class=\"wpcf7-form-control wpcf7-tel wpcf7-validates-as-required wpcf7-text wpcf7-validates-as-tel form-control\" id=\"tel\" aria-required=\"true\" aria-invalid=\"false\" placeholder=\"Telefonoa\" value=\"\" type=\"tel\" name=\"tel\" \/><\/span>\n\t<\/p>\n\t<div class=\"validation\">\n\t<\/div>\n<\/div>\n<div class=\"form-group\">\n\t<p><span class=\"wpcf7-form-control-wrap\" data-name=\"email\"><input size=\"40\" maxlength=\"400\" class=\"wpcf7-form-control wpcf7-email wpcf7-validates-as-required wpcf7-text wpcf7-validates-as-email form-control\" id=\"email\" aria-required=\"true\" aria-invalid=\"false\" placeholder=\"Email\" value=\"\" type=\"email\" name=\"email\" \/><\/span>\n\t<\/p>\n\t<div class=\"validation\">\n\t<\/div>\n<\/div>\n<div class=\"form-group\">\n\t<p><span class=\"wpcf7-form-control-wrap\" data-name=\"asunto\"><input size=\"40\" maxlength=\"400\" class=\"wpcf7-form-control wpcf7-text wpcf7-validates-as-required form-control\" id=\"asunto\" aria-required=\"true\" aria-invalid=\"false\" placeholder=\"Gaia\" value=\"\" type=\"text\" name=\"asunto\" \/><\/span>\n\t<\/p>\n\t<div class=\"validation\">\n\t<\/div>\n<\/div>\n<div class=\"form-group\">\n\t<p><span class=\"wpcf7-form-control-wrap\" data-name=\"mensaje\"><textarea cols=\"40\" rows=\"10\" maxlength=\"2000\" class=\"wpcf7-form-control wpcf7-textarea wpcf7-validates-as-required form-control\" id=\"mensaje\" aria-required=\"true\" aria-invalid=\"false\" placeholder=\"Mezua\" name=\"mensaje\"><\/textarea><\/span>\n\t<\/p>\n\t<div class=\"validation\">\n\t<\/div>\n<\/div>\n<div class=\"form-group row\">\n\t<div class=\"col-md-12\">\n\t\t<p class=\"small\"><strong>Informaci\u00f3n b\u00e1sica en protecci\u00f3n de datos: <\/strong>Conforme al RGPD y la LOPDGDD, CARLA GARNACHO ORTIZ tratar\u00e1 los datos facilitados con la finalidad de gestionar y atender su solicitud. Para obtener m\u00e1s informaci\u00f3n acerca del tratamiento de sus datos y ejercer sus derechos, visite nuestra <a href=\"\/politica-privacidad\/\">politica de privacidad<\/a>.\n\t\t<\/p>\n\t<\/div>\n<\/div>\n<div class=\"form-group row\">\n\t<div class=\"col-md-12\">\n\t\t<p>[wpmlcf7-6-acceptance acceptance-989] He le\u00eddo y acepto la politica de privacidad.[\/acceptance] <a href=\"%5D\">leer<br \/>\nm\u00e1s<\/a><br \/>\n[acceptance wpml_attr_0='\nacceptance-990\n' ] Acepto recibir comunicaciones de Carla Garnacho Ortiz.[\/acceptance]\n\t\t<\/p>\n\t<\/div>\n<\/div>\n<div class=\"text-center\">\n\t<p><button type=\"submit\">Bidali<\/button>\n\t<\/p>\n<\/div><div class=\"wpcf7-response-output\" aria-hidden=\"true\"><\/div>\n<\/form>\n<\/div>\n\n<\/div>\n\n\n\n<div class=\"wp-block-column is-layout-flow wp-block-column-is-layout-flow\">\n<h2 class=\"has-text-align-center wp-block-heading\">Kokapena<\/h2>\n\n\n\n<hr class=\"wp-block-separator\"\/>\n\n\n\n<iframe loading=\"lazy\" style=\"border: 0;\" tabindex=\"0\" src=\"https:\/\/www.google.com\/maps\/embed?pb=!1m18!1m12!1m3!1d2903.9235824006523!2d-2.9922847847591876!3d43.294921983542466!2m3!1f0!2f0!3f0!3m2!1i1024!2i768!4f13.1!3m3!1m2!1s0xd4e5a77286c9ee9%3A0x29acbf3c8043f843!2sFisYos%20Garnacho!5e0!3m2!1ses!2ses!4v1594633710686!5m2!1ses!2ses\" width=\"600\" height=\"450\" frameborder=\"0\" allowfullscreen=\"\" aria-hidden=\"false\"><\/iframe>\n\n\n\n<hr class=\"wp-block-separator\"\/>\n\n\n\n<h2 class=\"wp-block-heading\"><strong>Harremanetarako datuak<\/strong><\/h2>\n\n\n\n<ul class=\"list-contact\"><li><i class=\"fa fa-map-marker\"><\/i> Gernikako Arbola 2, 1\u00baizda izda, 48902 Barakaldo, Bizkaia<\/li><li><i class=\"fa fa-mobile-phone\"><\/i>  <a href=\"tel:688742004\">688 74 20 04<\/a><\/li><li><i class=\"fa fa-envelope-o\"><\/i>  <a href=\"mailto:info@fisyosgarnacho.com\">info@fisyosgarnacho.com<\/a><\/li><\/ul>\n<\/div>\n<\/div>\n\n<p><\/p>\n","protected":false},"excerpt":{"rendered":"<p>Gurekin harremanetan jarri nahi baduzu, kontsulta edo iradokizunen bat egin nahi badiguzu, erabil ezazu jarraian eskaintzen dizugun harremanetarako bideetako edozein. Ahalik eta lasterren erantzungo dizugu. Harremanetarako formularioa Kokapena Harremanetarako datuak Gernikako Arbola 2, 1\u00baizda izda, 48902 Barakaldo, Bizkaia 688 74 20 04 info@fisyosgarnacho.com<\/p>\n","protected":false},"author":1,"featured_media":0,"parent":0,"menu_order":5,"comment_status":"closed","ping_status":"closed","template":"","meta":{"footnotes":""},"class_list":["post-2895","page","type-page","status-publish","hentry"],"yoast_head":"<!-- This site is optimized with the Yoast SEO plugin v26.8 - https:\/\/yoast.com\/product\/yoast-seo-wordpress\/ -->\n<title>Kontaktua - Fisyos Garnacho. Fisioterapia, entrenamiento y nutrici\u00f3n en Barakaldo<\/title>\n<meta name=\"description\" content=\"Fisioterapia eta osteopatia klinika Barakaldon (Bizkaia). Fisioterapeutak eta osteopatak Barakaldon.\" \/>\n<meta name=\"robots\" content=\"index, follow, max-snippet:-1, max-image-preview:large, max-video-preview:-1\" \/>\n<link rel=\"canonical\" href=\"https:\/\/fisyosgarnacho.com\/eu\/kontaktua\/\" \/>\n<meta property=\"og:locale\" content=\"eu_ES\" \/>\n<meta property=\"og:type\" content=\"article\" \/>\n<meta property=\"og:title\" content=\"Kontaktua - Fisyos Garnacho. Fisioterapia, entrenamiento y nutrici\u00f3n en Barakaldo\" \/>\n<meta property=\"og:description\" content=\"Fisioterapia eta osteopatia klinika Barakaldon (Bizkaia). Fisioterapeutak eta osteopatak Barakaldon.\" \/>\n<meta property=\"og:url\" content=\"https:\/\/fisyosgarnacho.com\/eu\/kontaktua\/\" \/>\n<meta property=\"og:site_name\" content=\"Fisyos Garnacho. Fisioterapia, entrenamiento y nutrici\u00f3n en Barakaldo\" \/>\n<meta property=\"article:publisher\" content=\"https:\/\/www.facebook.com\/Fisyosgarnacho\/\" \/>\n<meta property=\"article:modified_time\" content=\"2024-06-25T09:45:51+00:00\" \/>\n<meta property=\"og:image\" content=\"https:\/\/clientes-fisyos.laukoa-studio.com\/wp-content\/uploads\/2019\/11\/contacto-1024x341.jpg\" \/>\n<meta name=\"twitter:card\" content=\"summary_large_image\" \/>\n<script type=\"application\/ld+json\" class=\"yoast-schema-graph\">{\"@context\":\"https:\/\/schema.org\",\"@graph\":[{\"@type\":\"WebPage\",\"@id\":\"https:\/\/fisyosgarnacho.com\/eu\/kontaktua\/\",\"url\":\"https:\/\/fisyosgarnacho.com\/eu\/kontaktua\/\",\"name\":\"Kontaktua - Fisyos Garnacho. Fisioterapia, entrenamiento y nutrici\u00f3n en Barakaldo\",\"isPartOf\":{\"@id\":\"https:\/\/fisyosgarnacho.com\/eu\/#website\"},\"primaryImageOfPage\":{\"@id\":\"https:\/\/fisyosgarnacho.com\/eu\/kontaktua\/#primaryimage\"},\"image\":{\"@id\":\"https:\/\/fisyosgarnacho.com\/eu\/kontaktua\/#primaryimage\"},\"thumbnailUrl\":\"https:\/\/clientes-fisyos.laukoa-studio.com\/wp-content\/uploads\/2019\/11\/contacto-1024x341.jpg\",\"datePublished\":\"2019-10-22T11:35:38+00:00\",\"dateModified\":\"2024-06-25T09:45:51+00:00\",\"description\":\"Fisioterapia eta osteopatia klinika Barakaldon (Bizkaia). Fisioterapeutak eta osteopatak Barakaldon.\",\"breadcrumb\":{\"@id\":\"https:\/\/fisyosgarnacho.com\/eu\/kontaktua\/#breadcrumb\"},\"inLanguage\":\"eu-ES\",\"potentialAction\":[{\"@type\":\"ReadAction\",\"target\":[\"https:\/\/fisyosgarnacho.com\/eu\/kontaktua\/\"]}]},{\"@type\":\"ImageObject\",\"inLanguage\":\"eu-ES\",\"@id\":\"https:\/\/fisyosgarnacho.com\/eu\/kontaktua\/#primaryimage\",\"url\":\"https:\/\/clientes-fisyos.laukoa-studio.com\/wp-content\/uploads\/2019\/11\/contacto-1024x341.jpg\",\"contentUrl\":\"https:\/\/clientes-fisyos.laukoa-studio.com\/wp-content\/uploads\/2019\/11\/contacto-1024x341.jpg\"},{\"@type\":\"BreadcrumbList\",\"@id\":\"https:\/\/fisyosgarnacho.com\/eu\/kontaktua\/#breadcrumb\",\"itemListElement\":[{\"@type\":\"ListItem\",\"position\":1,\"name\":\"Portada\",\"item\":\"https:\/\/fisyosgarnacho.com\/eu\/hasiera\/\"},{\"@type\":\"ListItem\",\"position\":2,\"name\":\"Kontaktua\"}]},{\"@type\":\"WebSite\",\"@id\":\"https:\/\/fisyosgarnacho.com\/eu\/#website\",\"url\":\"https:\/\/fisyosgarnacho.com\/eu\/\",\"name\":\"Fisyos Garnacho. Fisioterapia, entrenamiento y nutrici\u00f3n en Barakaldo\",\"description\":\"Cl\u00ednica de fisioterapia, entrenamiento y nutrici\u00f3n en Barakaldo, Bizkaia. Fisioterapeutas y osteopatas en Baracaldo.\",\"publisher\":{\"@id\":\"https:\/\/fisyosgarnacho.com\/eu\/#organization\"},\"potentialAction\":[{\"@type\":\"SearchAction\",\"target\":{\"@type\":\"EntryPoint\",\"urlTemplate\":\"https:\/\/fisyosgarnacho.com\/eu\/?s={search_term_string}\"},\"query-input\":{\"@type\":\"PropertyValueSpecification\",\"valueRequired\":true,\"valueName\":\"search_term_string\"}}],\"inLanguage\":\"eu-ES\"},{\"@type\":\"Organization\",\"@id\":\"https:\/\/fisyosgarnacho.com\/eu\/#organization\",\"name\":\"Fisyos Garnacho\",\"url\":\"https:\/\/fisyosgarnacho.com\/eu\/\",\"logo\":{\"@type\":\"ImageObject\",\"inLanguage\":\"eu-ES\",\"@id\":\"https:\/\/fisyosgarnacho.com\/eu\/#\/schema\/logo\/image\/\",\"url\":\"https:\/\/fisyosgarnacho.com\/wp-content\/uploads\/2024\/11\/logo-fisyos-garnacho.png\",\"contentUrl\":\"https:\/\/fisyosgarnacho.com\/wp-content\/uploads\/2024\/11\/logo-fisyos-garnacho.png\",\"width\":750,\"height\":300,\"caption\":\"Fisyos Garnacho\"},\"image\":{\"@id\":\"https:\/\/fisyosgarnacho.com\/eu\/#\/schema\/logo\/image\/\"},\"sameAs\":[\"https:\/\/www.facebook.com\/Fisyosgarnacho\/\",\"https:\/\/www.instagram.com\/fisyos_garnacho\/?hl=es\",\"https:\/\/www.linkedin.com\/in\/carla-garnacho-ortiz-a09806b1\/\"]}]}<\/script>\n<!-- \/ Yoast SEO plugin. -->","yoast_head_json":{"title":"Kontaktua - Fisyos Garnacho. Fisioterapia, entrenamiento y nutrici\u00f3n en Barakaldo","description":"Fisioterapia eta osteopatia klinika Barakaldon (Bizkaia). Fisioterapeutak eta osteopatak Barakaldon.","robots":{"index":"index","follow":"follow","max-snippet":"max-snippet:-1","max-image-preview":"max-image-preview:large","max-video-preview":"max-video-preview:-1"},"canonical":"https:\/\/fisyosgarnacho.com\/eu\/kontaktua\/","og_locale":"eu_ES","og_type":"article","og_title":"Kontaktua - Fisyos Garnacho. Fisioterapia, entrenamiento y nutrici\u00f3n en Barakaldo","og_description":"Fisioterapia eta osteopatia klinika Barakaldon (Bizkaia). Fisioterapeutak eta osteopatak Barakaldon.","og_url":"https:\/\/fisyosgarnacho.com\/eu\/kontaktua\/","og_site_name":"Fisyos Garnacho. Fisioterapia, entrenamiento y nutrici\u00f3n en Barakaldo","article_publisher":"https:\/\/www.facebook.com\/Fisyosgarnacho\/","article_modified_time":"2024-06-25T09:45:51+00:00","og_image":[{"url":"https:\/\/clientes-fisyos.laukoa-studio.com\/wp-content\/uploads\/2019\/11\/contacto-1024x341.jpg","type":"","width":"","height":""}],"twitter_card":"summary_large_image","schema":{"@context":"https:\/\/schema.org","@graph":[{"@type":"WebPage","@id":"https:\/\/fisyosgarnacho.com\/eu\/kontaktua\/","url":"https:\/\/fisyosgarnacho.com\/eu\/kontaktua\/","name":"Kontaktua - Fisyos Garnacho. Fisioterapia, entrenamiento y nutrici\u00f3n en Barakaldo","isPartOf":{"@id":"https:\/\/fisyosgarnacho.com\/eu\/#website"},"primaryImageOfPage":{"@id":"https:\/\/fisyosgarnacho.com\/eu\/kontaktua\/#primaryimage"},"image":{"@id":"https:\/\/fisyosgarnacho.com\/eu\/kontaktua\/#primaryimage"},"thumbnailUrl":"https:\/\/clientes-fisyos.laukoa-studio.com\/wp-content\/uploads\/2019\/11\/contacto-1024x341.jpg","datePublished":"2019-10-22T11:35:38+00:00","dateModified":"2024-06-25T09:45:51+00:00","description":"Fisioterapia eta osteopatia klinika Barakaldon (Bizkaia). Fisioterapeutak eta osteopatak Barakaldon.","breadcrumb":{"@id":"https:\/\/fisyosgarnacho.com\/eu\/kontaktua\/#breadcrumb"},"inLanguage":"eu-ES","potentialAction":[{"@type":"ReadAction","target":["https:\/\/fisyosgarnacho.com\/eu\/kontaktua\/"]}]},{"@type":"ImageObject","inLanguage":"eu-ES","@id":"https:\/\/fisyosgarnacho.com\/eu\/kontaktua\/#primaryimage","url":"https:\/\/clientes-fisyos.laukoa-studio.com\/wp-content\/uploads\/2019\/11\/contacto-1024x341.jpg","contentUrl":"https:\/\/clientes-fisyos.laukoa-studio.com\/wp-content\/uploads\/2019\/11\/contacto-1024x341.jpg"},{"@type":"BreadcrumbList","@id":"https:\/\/fisyosgarnacho.com\/eu\/kontaktua\/#breadcrumb","itemListElement":[{"@type":"ListItem","position":1,"name":"Portada","item":"https:\/\/fisyosgarnacho.com\/eu\/hasiera\/"},{"@type":"ListItem","position":2,"name":"Kontaktua"}]},{"@type":"WebSite","@id":"https:\/\/fisyosgarnacho.com\/eu\/#website","url":"https:\/\/fisyosgarnacho.com\/eu\/","name":"Fisyos Garnacho. Fisioterapia, entrenamiento y nutrici\u00f3n en Barakaldo","description":"Cl\u00ednica de fisioterapia, entrenamiento y nutrici\u00f3n en Barakaldo, Bizkaia. Fisioterapeutas y osteopatas en Baracaldo.","publisher":{"@id":"https:\/\/fisyosgarnacho.com\/eu\/#organization"},"potentialAction":[{"@type":"SearchAction","target":{"@type":"EntryPoint","urlTemplate":"https:\/\/fisyosgarnacho.com\/eu\/?s={search_term_string}"},"query-input":{"@type":"PropertyValueSpecification","valueRequired":true,"valueName":"search_term_string"}}],"inLanguage":"eu-ES"},{"@type":"Organization","@id":"https:\/\/fisyosgarnacho.com\/eu\/#organization","name":"Fisyos Garnacho","url":"https:\/\/fisyosgarnacho.com\/eu\/","logo":{"@type":"ImageObject","inLanguage":"eu-ES","@id":"https:\/\/fisyosgarnacho.com\/eu\/#\/schema\/logo\/image\/","url":"https:\/\/fisyosgarnacho.com\/wp-content\/uploads\/2024\/11\/logo-fisyos-garnacho.png","contentUrl":"https:\/\/fisyosgarnacho.com\/wp-content\/uploads\/2024\/11\/logo-fisyos-garnacho.png","width":750,"height":300,"caption":"Fisyos Garnacho"},"image":{"@id":"https:\/\/fisyosgarnacho.com\/eu\/#\/schema\/logo\/image\/"},"sameAs":["https:\/\/www.facebook.com\/Fisyosgarnacho\/","https:\/\/www.instagram.com\/fisyos_garnacho\/?hl=es","https:\/\/www.linkedin.com\/in\/carla-garnacho-ortiz-a09806b1\/"]}]}},"_links":{"self":[{"href":"https:\/\/fisyosgarnacho.com\/eu\/wp-json\/wp\/v2\/pages\/2895","targetHints":{"allow":["GET"]}}],"collection":[{"href":"https:\/\/fisyosgarnacho.com\/eu\/wp-json\/wp\/v2\/pages"}],"about":[{"href":"https:\/\/fisyosgarnacho.com\/eu\/wp-json\/wp\/v2\/types\/page"}],"author":[{"embeddable":true,"href":"https:\/\/fisyosgarnacho.com\/eu\/wp-json\/wp\/v2\/users\/1"}],"replies":[{"embeddable":true,"href":"https:\/\/fisyosgarnacho.com\/eu\/wp-json\/wp\/v2\/comments?post=2895"}],"version-history":[{"count":1,"href":"https:\/\/fisyosgarnacho.com\/eu\/wp-json\/wp\/v2\/pages\/2895\/revisions"}],"predecessor-version":[{"id":2896,"href":"https:\/\/fisyosgarnacho.com\/eu\/wp-json\/wp\/v2\/pages\/2895\/revisions\/2896"}],"wp:attachment":[{"href":"https:\/\/fisyosgarnacho.com\/eu\/wp-json\/wp\/v2\/media?parent=2895"}],"curies":[{"name":"wp","href":"https:\/\/api.w.org\/{rel}","templated":true}]}}