{"id":2901,"date":"2024-06-05T12:11:31","date_gmt":"2024-06-05T10:11:31","guid":{"rendered":"https:\/\/clientes-fisyos.laukoa-studio.com\/zelula-barneko-elektrolisi-perkutaneoa-epi\/"},"modified":"2024-06-25T12:07:26","modified_gmt":"2024-06-25T10:07:26","slug":"zelula-barneko-elektrolisi-perkutaneoa-epi","status":"publish","type":"page","link":"https:\/\/fisyosgarnacho.com\/eu\/zelula-barneko-elektrolisi-perkutaneoa-epi\/","title":{"rendered":"Zelula barneko elektrolisi perkutaneoa (EPI\u00ae)"},"content":{"rendered":"\n<p><\/p>\n\n<p><br\/><strong>Elektrolisi Perkutaneoa Intratisularra<\/strong> (EPI \u00ae) fisioterapia inbaditzaileko teknika bat da. Akupuntura-orratz baten bidez korronte galbaniko <strong>ekogidatua aplikatzean<\/strong> datza. Akupuntura-orratz horrek <strong>hantura prozesu<\/strong> lokala sortzen du, eta fagozitosia eta kaltetutako <strong>ehun bigunaren konponketa<\/strong> ahalbidetzen ditu (tendoia, lotailua, muskulua, etab.). Korronte elektriko galbanikoa eta orratzaren estimulu mekanikoa bera, fisioterapiaren eremu terapeutikoaren berezko eragile fisikoak dira.<br\/><br\/><\/p>\n<div class=\"wp-block-image\">\n<figure class=\"aligncenter size-full\"><img loading=\"lazy\" decoding=\"async\" width=\"400\" height=\"600\" src=\"https:\/\/clientes-fisyos.laukoa-studio.com\/wp-content\/uploads\/2024\/06\/fisioterapia-epi.jpg\" alt=\"\" class=\"wp-image-2520\" srcset=\"https:\/\/fisyosgarnacho.com\/wp-content\/uploads\/2024\/06\/fisioterapia-epi.jpg 400w, https:\/\/fisyosgarnacho.com\/wp-content\/uploads\/2024\/06\/fisioterapia-epi-200x300.jpg 200w, https:\/\/fisyosgarnacho.com\/wp-content\/uploads\/2024\/06\/fisioterapia-epi-393x590.jpg 393w\" sizes=\"auto, (max-width: 400px) 100vw, 400px\" \/><\/figure>\n<\/div>","protected":false},"excerpt":{"rendered":"<p>Elektrolisi Perkutaneoa Intratisularra (EPI \u00ae) fisioterapia inbaditzaileko teknika bat da. Akupuntura-orratz baten bidez korronte galbaniko ekogidatua aplikatzean datza. Akupuntura-orratz horrek hantura prozesu lokala sortzen du, eta fagozitosia eta kaltetutako ehun bigunaren konponketa ahalbidetzen ditu (tendoia, lotailua, muskulua, etab.). Korronte elektriko galbanikoa eta orratzaren estimulu mekanikoa bera, fisioterapiaren eremu terapeutikoaren berezko eragile fisikoak dira.<\/p>\n","protected":false},"author":1,"featured_media":0,"parent":0,"menu_order":10,"comment_status":"closed","ping_status":"closed","template":"","meta":{"footnotes":""},"class_list":["post-2901","page","type-page","status-publish","hentry"],"yoast_head":"<!-- This site is optimized with the Yoast SEO plugin v26.8 - https:\/\/yoast.com\/product\/yoast-seo-wordpress\/ -->\n<title>Zelula barneko elektrolisi perkutaneoa (EPI\u00ae) - Fisyos Garnacho. Fisioterapia, entrenamiento y nutrici\u00f3n en Barakaldo<\/title>\n<meta name=\"robots\" content=\"index, follow, max-snippet:-1, max-image-preview:large, max-video-preview:-1\" \/>\n<link rel=\"canonical\" href=\"https:\/\/fisyosgarnacho.com\/eu\/zelula-barneko-elektrolisi-perkutaneoa-epi\/\" \/>\n<meta property=\"og:locale\" content=\"eu_ES\" \/>\n<meta property=\"og:type\" content=\"article\" \/>\n<meta property=\"og:title\" content=\"Zelula barneko elektrolisi perkutaneoa (EPI\u00ae) - Fisyos Garnacho. Fisioterapia, entrenamiento y nutrici\u00f3n en Barakaldo\" \/>\n<meta property=\"og:description\" content=\"Elektrolisi Perkutaneoa Intratisularra (EPI \u00ae) fisioterapia inbaditzaileko teknika bat da. Akupuntura-orratz baten bidez korronte galbaniko ekogidatua aplikatzean datza. Akupuntura-orratz horrek hantura prozesu lokala sortzen du, eta fagozitosia eta kaltetutako ehun bigunaren konponketa ahalbidetzen ditu (tendoia, lotailua, muskulua, etab.). Korronte elektriko galbanikoa eta orratzaren estimulu mekanikoa bera, fisioterapiaren eremu terapeutikoaren berezko eragile fisikoak dira.\" \/>\n<meta property=\"og:url\" content=\"https:\/\/fisyosgarnacho.com\/eu\/zelula-barneko-elektrolisi-perkutaneoa-epi\/\" \/>\n<meta property=\"og:site_name\" content=\"Fisyos Garnacho. Fisioterapia, entrenamiento y nutrici\u00f3n en Barakaldo\" \/>\n<meta property=\"article:publisher\" content=\"https:\/\/www.facebook.com\/Fisyosgarnacho\/\" \/>\n<meta property=\"article:modified_time\" content=\"2024-06-25T10:07:26+00:00\" \/>\n<meta property=\"og:image\" content=\"https:\/\/clientes-fisyos.laukoa-studio.com\/wp-content\/uploads\/2024\/06\/fisioterapia-epi.jpg\" \/>\n<meta name=\"twitter:card\" content=\"summary_large_image\" \/>\n<script type=\"application\/ld+json\" class=\"yoast-schema-graph\">{\"@context\":\"https:\/\/schema.org\",\"@graph\":[{\"@type\":\"WebPage\",\"@id\":\"https:\/\/fisyosgarnacho.com\/eu\/zelula-barneko-elektrolisi-perkutaneoa-epi\/\",\"url\":\"https:\/\/fisyosgarnacho.com\/eu\/zelula-barneko-elektrolisi-perkutaneoa-epi\/\",\"name\":\"Zelula barneko elektrolisi perkutaneoa (EPI\u00ae) - Fisyos Garnacho. Fisioterapia, entrenamiento y nutrici\u00f3n en Barakaldo\",\"isPartOf\":{\"@id\":\"https:\/\/fisyosgarnacho.com\/eu\/#website\"},\"primaryImageOfPage\":{\"@id\":\"https:\/\/fisyosgarnacho.com\/eu\/zelula-barneko-elektrolisi-perkutaneoa-epi\/#primaryimage\"},\"image\":{\"@id\":\"https:\/\/fisyosgarnacho.com\/eu\/zelula-barneko-elektrolisi-perkutaneoa-epi\/#primaryimage\"},\"thumbnailUrl\":\"https:\/\/clientes-fisyos.laukoa-studio.com\/wp-content\/uploads\/2024\/06\/fisioterapia-epi.jpg\",\"datePublished\":\"2024-06-05T10:11:31+00:00\",\"dateModified\":\"2024-06-25T10:07:26+00:00\",\"breadcrumb\":{\"@id\":\"https:\/\/fisyosgarnacho.com\/eu\/zelula-barneko-elektrolisi-perkutaneoa-epi\/#breadcrumb\"},\"inLanguage\":\"eu-ES\",\"potentialAction\":[{\"@type\":\"ReadAction\",\"target\":[\"https:\/\/fisyosgarnacho.com\/eu\/zelula-barneko-elektrolisi-perkutaneoa-epi\/\"]}]},{\"@type\":\"ImageObject\",\"inLanguage\":\"eu-ES\",\"@id\":\"https:\/\/fisyosgarnacho.com\/eu\/zelula-barneko-elektrolisi-perkutaneoa-epi\/#primaryimage\",\"url\":\"https:\/\/clientes-fisyos.laukoa-studio.com\/wp-content\/uploads\/2024\/06\/fisioterapia-epi.jpg\",\"contentUrl\":\"https:\/\/clientes-fisyos.laukoa-studio.com\/wp-content\/uploads\/2024\/06\/fisioterapia-epi.jpg\"},{\"@type\":\"BreadcrumbList\",\"@id\":\"https:\/\/fisyosgarnacho.com\/eu\/zelula-barneko-elektrolisi-perkutaneoa-epi\/#breadcrumb\",\"itemListElement\":[{\"@type\":\"ListItem\",\"position\":1,\"name\":\"Portada\",\"item\":\"https:\/\/fisyosgarnacho.com\/eu\/hasiera\/\"},{\"@type\":\"ListItem\",\"position\":2,\"name\":\"Zelula barneko elektrolisi perkutaneoa (EPI\u00ae)\"}]},{\"@type\":\"WebSite\",\"@id\":\"https:\/\/fisyosgarnacho.com\/eu\/#website\",\"url\":\"https:\/\/fisyosgarnacho.com\/eu\/\",\"name\":\"Fisyos Garnacho. Fisioterapia, entrenamiento y nutrici\u00f3n en Barakaldo\",\"description\":\"Cl\u00ednica de fisioterapia, entrenamiento y nutrici\u00f3n en Barakaldo, Bizkaia. Fisioterapeutas y osteopatas en Baracaldo.\",\"publisher\":{\"@id\":\"https:\/\/fisyosgarnacho.com\/eu\/#organization\"},\"potentialAction\":[{\"@type\":\"SearchAction\",\"target\":{\"@type\":\"EntryPoint\",\"urlTemplate\":\"https:\/\/fisyosgarnacho.com\/eu\/?s={search_term_string}\"},\"query-input\":{\"@type\":\"PropertyValueSpecification\",\"valueRequired\":true,\"valueName\":\"search_term_string\"}}],\"inLanguage\":\"eu-ES\"},{\"@type\":\"Organization\",\"@id\":\"https:\/\/fisyosgarnacho.com\/eu\/#organization\",\"name\":\"Fisyos Garnacho\",\"url\":\"https:\/\/fisyosgarnacho.com\/eu\/\",\"logo\":{\"@type\":\"ImageObject\",\"inLanguage\":\"eu-ES\",\"@id\":\"https:\/\/fisyosgarnacho.com\/eu\/#\/schema\/logo\/image\/\",\"url\":\"https:\/\/fisyosgarnacho.com\/wp-content\/uploads\/2024\/11\/logo-fisyos-garnacho.png\",\"contentUrl\":\"https:\/\/fisyosgarnacho.com\/wp-content\/uploads\/2024\/11\/logo-fisyos-garnacho.png\",\"width\":750,\"height\":300,\"caption\":\"Fisyos Garnacho\"},\"image\":{\"@id\":\"https:\/\/fisyosgarnacho.com\/eu\/#\/schema\/logo\/image\/\"},\"sameAs\":[\"https:\/\/www.facebook.com\/Fisyosgarnacho\/\",\"https:\/\/www.instagram.com\/fisyos_garnacho\/?hl=es\",\"https:\/\/www.linkedin.com\/in\/carla-garnacho-ortiz-a09806b1\/\"]}]}<\/script>\n<!-- \/ Yoast SEO plugin. -->","yoast_head_json":{"title":"Zelula barneko elektrolisi perkutaneoa (EPI\u00ae) - Fisyos Garnacho. Fisioterapia, entrenamiento y nutrici\u00f3n en Barakaldo","robots":{"index":"index","follow":"follow","max-snippet":"max-snippet:-1","max-image-preview":"max-image-preview:large","max-video-preview":"max-video-preview:-1"},"canonical":"https:\/\/fisyosgarnacho.com\/eu\/zelula-barneko-elektrolisi-perkutaneoa-epi\/","og_locale":"eu_ES","og_type":"article","og_title":"Zelula barneko elektrolisi perkutaneoa (EPI\u00ae) - Fisyos Garnacho. Fisioterapia, entrenamiento y nutrici\u00f3n en Barakaldo","og_description":"Elektrolisi Perkutaneoa Intratisularra (EPI \u00ae) fisioterapia inbaditzaileko teknika bat da. Akupuntura-orratz baten bidez korronte galbaniko ekogidatua aplikatzean datza. Akupuntura-orratz horrek hantura prozesu lokala sortzen du, eta fagozitosia eta kaltetutako ehun bigunaren konponketa ahalbidetzen ditu (tendoia, lotailua, muskulua, etab.). Korronte elektriko galbanikoa eta orratzaren estimulu mekanikoa bera, fisioterapiaren eremu terapeutikoaren berezko eragile fisikoak dira.","og_url":"https:\/\/fisyosgarnacho.com\/eu\/zelula-barneko-elektrolisi-perkutaneoa-epi\/","og_site_name":"Fisyos Garnacho. Fisioterapia, entrenamiento y nutrici\u00f3n en Barakaldo","article_publisher":"https:\/\/www.facebook.com\/Fisyosgarnacho\/","article_modified_time":"2024-06-25T10:07:26+00:00","og_image":[{"url":"https:\/\/clientes-fisyos.laukoa-studio.com\/wp-content\/uploads\/2024\/06\/fisioterapia-epi.jpg","type":"","width":"","height":""}],"twitter_card":"summary_large_image","schema":{"@context":"https:\/\/schema.org","@graph":[{"@type":"WebPage","@id":"https:\/\/fisyosgarnacho.com\/eu\/zelula-barneko-elektrolisi-perkutaneoa-epi\/","url":"https:\/\/fisyosgarnacho.com\/eu\/zelula-barneko-elektrolisi-perkutaneoa-epi\/","name":"Zelula barneko elektrolisi perkutaneoa (EPI\u00ae) - Fisyos Garnacho. Fisioterapia, entrenamiento y nutrici\u00f3n en Barakaldo","isPartOf":{"@id":"https:\/\/fisyosgarnacho.com\/eu\/#website"},"primaryImageOfPage":{"@id":"https:\/\/fisyosgarnacho.com\/eu\/zelula-barneko-elektrolisi-perkutaneoa-epi\/#primaryimage"},"image":{"@id":"https:\/\/fisyosgarnacho.com\/eu\/zelula-barneko-elektrolisi-perkutaneoa-epi\/#primaryimage"},"thumbnailUrl":"https:\/\/clientes-fisyos.laukoa-studio.com\/wp-content\/uploads\/2024\/06\/fisioterapia-epi.jpg","datePublished":"2024-06-05T10:11:31+00:00","dateModified":"2024-06-25T10:07:26+00:00","breadcrumb":{"@id":"https:\/\/fisyosgarnacho.com\/eu\/zelula-barneko-elektrolisi-perkutaneoa-epi\/#breadcrumb"},"inLanguage":"eu-ES","potentialAction":[{"@type":"ReadAction","target":["https:\/\/fisyosgarnacho.com\/eu\/zelula-barneko-elektrolisi-perkutaneoa-epi\/"]}]},{"@type":"ImageObject","inLanguage":"eu-ES","@id":"https:\/\/fisyosgarnacho.com\/eu\/zelula-barneko-elektrolisi-perkutaneoa-epi\/#primaryimage","url":"https:\/\/clientes-fisyos.laukoa-studio.com\/wp-content\/uploads\/2024\/06\/fisioterapia-epi.jpg","contentUrl":"https:\/\/clientes-fisyos.laukoa-studio.com\/wp-content\/uploads\/2024\/06\/fisioterapia-epi.jpg"},{"@type":"BreadcrumbList","@id":"https:\/\/fisyosgarnacho.com\/eu\/zelula-barneko-elektrolisi-perkutaneoa-epi\/#breadcrumb","itemListElement":[{"@type":"ListItem","position":1,"name":"Portada","item":"https:\/\/fisyosgarnacho.com\/eu\/hasiera\/"},{"@type":"ListItem","position":2,"name":"Zelula barneko elektrolisi perkutaneoa (EPI\u00ae)"}]},{"@type":"WebSite","@id":"https:\/\/fisyosgarnacho.com\/eu\/#website","url":"https:\/\/fisyosgarnacho.com\/eu\/","name":"Fisyos Garnacho. Fisioterapia, entrenamiento y nutrici\u00f3n en Barakaldo","description":"Cl\u00ednica de fisioterapia, entrenamiento y nutrici\u00f3n en Barakaldo, Bizkaia. Fisioterapeutas y osteopatas en Baracaldo.","publisher":{"@id":"https:\/\/fisyosgarnacho.com\/eu\/#organization"},"potentialAction":[{"@type":"SearchAction","target":{"@type":"EntryPoint","urlTemplate":"https:\/\/fisyosgarnacho.com\/eu\/?s={search_term_string}"},"query-input":{"@type":"PropertyValueSpecification","valueRequired":true,"valueName":"search_term_string"}}],"inLanguage":"eu-ES"},{"@type":"Organization","@id":"https:\/\/fisyosgarnacho.com\/eu\/#organization","name":"Fisyos Garnacho","url":"https:\/\/fisyosgarnacho.com\/eu\/","logo":{"@type":"ImageObject","inLanguage":"eu-ES","@id":"https:\/\/fisyosgarnacho.com\/eu\/#\/schema\/logo\/image\/","url":"https:\/\/fisyosgarnacho.com\/wp-content\/uploads\/2024\/11\/logo-fisyos-garnacho.png","contentUrl":"https:\/\/fisyosgarnacho.com\/wp-content\/uploads\/2024\/11\/logo-fisyos-garnacho.png","width":750,"height":300,"caption":"Fisyos Garnacho"},"image":{"@id":"https:\/\/fisyosgarnacho.com\/eu\/#\/schema\/logo\/image\/"},"sameAs":["https:\/\/www.facebook.com\/Fisyosgarnacho\/","https:\/\/www.instagram.com\/fisyos_garnacho\/?hl=es","https:\/\/www.linkedin.com\/in\/carla-garnacho-ortiz-a09806b1\/"]}]}},"_links":{"self":[{"href":"https:\/\/fisyosgarnacho.com\/eu\/wp-json\/wp\/v2\/pages\/2901","targetHints":{"allow":["GET"]}}],"collection":[{"href":"https:\/\/fisyosgarnacho.com\/eu\/wp-json\/wp\/v2\/pages"}],"about":[{"href":"https:\/\/fisyosgarnacho.com\/eu\/wp-json\/wp\/v2\/types\/page"}],"author":[{"embeddable":true,"href":"https:\/\/fisyosgarnacho.com\/eu\/wp-json\/wp\/v2\/users\/1"}],"replies":[{"embeddable":true,"href":"https:\/\/fisyosgarnacho.com\/eu\/wp-json\/wp\/v2\/comments?post=2901"}],"version-history":[{"count":1,"href":"https:\/\/fisyosgarnacho.com\/eu\/wp-json\/wp\/v2\/pages\/2901\/revisions"}],"predecessor-version":[{"id":2902,"href":"https:\/\/fisyosgarnacho.com\/eu\/wp-json\/wp\/v2\/pages\/2901\/revisions\/2902"}],"wp:attachment":[{"href":"https:\/\/fisyosgarnacho.com\/eu\/wp-json\/wp\/v2\/media?parent=2901"}],"curies":[{"name":"wp","href":"https:\/\/api.w.org\/{rel}","templated":true}]}}