{"id":2911,"date":"2019-10-31T11:55:20","date_gmt":"2019-10-31T10:55:20","guid":{"rendered":"https:\/\/clientes-fisyos.laukoa-studio.com\/terapia-miofasziala\/"},"modified":"2024-06-25T12:42:55","modified_gmt":"2024-06-25T10:42:55","slug":"terapia-miofasziala","status":"publish","type":"page","link":"https:\/\/fisyosgarnacho.com\/eu\/terapia-miofasziala\/","title":{"rendered":"Terapia miofasziala"},"content":{"rendered":"\n<p>Terapia miofasziala fisioterapia teknika bat da, sistema miofaszialean murrizketak baloratzen eta aurkitzen saiatzen dena, ondoren tratatzeko.<\/p>\n\n<p><strong>Sistema <\/strong> fasziala,<strong> <\/strong>giza gorputzeko muskulu, hezur, artikulazio eta egitura guztiak estaltzen eta barneratzen dituen zuntz multzo bat da (kolageno aberatsa). Fasziaren funtzio nagusien artean ehun horiek balizko inpaktu edo lesioetatik babestea dago, baita nerbio-sistema zentralari gorputzaren posizioaren, mugimenduaren eta egoera orokorraren berri ematea ere.<\/p>\n\n<p>Noiz aplikatuko dugu? <\/p>\n\n<p>Nerbio-sistema zentralaren eta periferikoaren disfuntzioetan.<\/p>\n\n<p>Zirkulazio-sistemen disfuntzioetan.<\/p>\n\n<p>ATMaren disfuntzioetan.<\/p>\n\n<p>Kirol-lesioen errehabilitazioan. Trauma ondoko eta kirurgia ondoko errehabilitazioetan.<br\/><\/p>\n<div class=\"wp-block-image\">\n<figure class=\"aligncenter size-full\"><img loading=\"lazy\" decoding=\"async\" width=\"600\" height=\"400\" src=\"https:\/\/clientes-fisyos.laukoa-studio.com\/wp-content\/uploads\/2024\/06\/terapia-miofascial.jpg\" alt=\"\" class=\"wp-image-2561\" srcset=\"https:\/\/fisyosgarnacho.com\/wp-content\/uploads\/2024\/06\/terapia-miofascial.jpg 600w, https:\/\/fisyosgarnacho.com\/wp-content\/uploads\/2024\/06\/terapia-miofascial-300x200.jpg 300w\" sizes=\"auto, (max-width: 600px) 100vw, 600px\" \/><\/figure>\n<\/div>","protected":false},"excerpt":{"rendered":"<p>Terapia miofasziala fisioterapia teknika bat da, sistema miofaszialean murrizketak baloratzen eta aurkitzen saiatzen dena, ondoren tratatzeko. Sistema fasziala, giza gorputzeko muskulu, hezur, artikulazio eta egitura guztiak estaltzen eta barneratzen dituen zuntz multzo bat da (kolageno aberatsa). Fasziaren funtzio nagusien artean ehun horiek balizko inpaktu edo lesioetatik babestea dago, baita nerbio-sistema zentralari gorputzaren posizioaren, mugimenduaren eta [&hellip;]<\/p>\n","protected":false},"author":1,"featured_media":0,"parent":0,"menu_order":16,"comment_status":"closed","ping_status":"closed","template":"","meta":{"footnotes":""},"class_list":["post-2911","page","type-page","status-publish","hentry"],"yoast_head":"<!-- This site is optimized with the Yoast SEO plugin v26.8 - https:\/\/yoast.com\/product\/yoast-seo-wordpress\/ -->\n<title>Terapia miofasziala - Fisyos Garnacho. Fisioterapia, entrenamiento y nutrici\u00f3n en Barakaldo<\/title>\n<meta name=\"description\" content=\"Fisioterapia eta osteopatia klinika Barakaldon (Bizkaia). Fisioterapeutak eta osteopatak Barakaldon.\" \/>\n<meta name=\"robots\" content=\"index, follow, max-snippet:-1, max-image-preview:large, max-video-preview:-1\" \/>\n<link rel=\"canonical\" href=\"https:\/\/fisyosgarnacho.com\/eu\/terapia-miofasziala\/\" \/>\n<meta property=\"og:locale\" content=\"eu_ES\" \/>\n<meta property=\"og:type\" content=\"article\" \/>\n<meta property=\"og:title\" content=\"Terapia miofasziala - Fisyos Garnacho. Fisioterapia, entrenamiento y nutrici\u00f3n en Barakaldo\" \/>\n<meta property=\"og:description\" content=\"Fisioterapia eta osteopatia klinika Barakaldon (Bizkaia). Fisioterapeutak eta osteopatak Barakaldon.\" \/>\n<meta property=\"og:url\" content=\"https:\/\/fisyosgarnacho.com\/eu\/terapia-miofasziala\/\" \/>\n<meta property=\"og:site_name\" content=\"Fisyos Garnacho. Fisioterapia, entrenamiento y nutrici\u00f3n en Barakaldo\" \/>\n<meta property=\"article:publisher\" content=\"https:\/\/www.facebook.com\/Fisyosgarnacho\/\" \/>\n<meta property=\"article:modified_time\" content=\"2024-06-25T10:42:55+00:00\" \/>\n<meta property=\"og:image\" content=\"https:\/\/clientes-fisyos.laukoa-studio.com\/wp-content\/uploads\/2024\/06\/terapia-miofascial.jpg\" \/>\n<meta name=\"twitter:card\" content=\"summary_large_image\" \/>\n<script type=\"application\/ld+json\" class=\"yoast-schema-graph\">{\"@context\":\"https:\/\/schema.org\",\"@graph\":[{\"@type\":\"WebPage\",\"@id\":\"https:\/\/fisyosgarnacho.com\/eu\/terapia-miofasziala\/\",\"url\":\"https:\/\/fisyosgarnacho.com\/eu\/terapia-miofasziala\/\",\"name\":\"Terapia miofasziala - Fisyos Garnacho. Fisioterapia, entrenamiento y nutrici\u00f3n en Barakaldo\",\"isPartOf\":{\"@id\":\"https:\/\/fisyosgarnacho.com\/eu\/#website\"},\"primaryImageOfPage\":{\"@id\":\"https:\/\/fisyosgarnacho.com\/eu\/terapia-miofasziala\/#primaryimage\"},\"image\":{\"@id\":\"https:\/\/fisyosgarnacho.com\/eu\/terapia-miofasziala\/#primaryimage\"},\"thumbnailUrl\":\"https:\/\/clientes-fisyos.laukoa-studio.com\/wp-content\/uploads\/2024\/06\/terapia-miofascial.jpg\",\"datePublished\":\"2019-10-31T10:55:20+00:00\",\"dateModified\":\"2024-06-25T10:42:55+00:00\",\"description\":\"Fisioterapia eta osteopatia klinika Barakaldon (Bizkaia). Fisioterapeutak eta osteopatak Barakaldon.\",\"breadcrumb\":{\"@id\":\"https:\/\/fisyosgarnacho.com\/eu\/terapia-miofasziala\/#breadcrumb\"},\"inLanguage\":\"eu-ES\",\"potentialAction\":[{\"@type\":\"ReadAction\",\"target\":[\"https:\/\/fisyosgarnacho.com\/eu\/terapia-miofasziala\/\"]}]},{\"@type\":\"ImageObject\",\"inLanguage\":\"eu-ES\",\"@id\":\"https:\/\/fisyosgarnacho.com\/eu\/terapia-miofasziala\/#primaryimage\",\"url\":\"https:\/\/clientes-fisyos.laukoa-studio.com\/wp-content\/uploads\/2024\/06\/terapia-miofascial.jpg\",\"contentUrl\":\"https:\/\/clientes-fisyos.laukoa-studio.com\/wp-content\/uploads\/2024\/06\/terapia-miofascial.jpg\"},{\"@type\":\"BreadcrumbList\",\"@id\":\"https:\/\/fisyosgarnacho.com\/eu\/terapia-miofasziala\/#breadcrumb\",\"itemListElement\":[{\"@type\":\"ListItem\",\"position\":1,\"name\":\"Portada\",\"item\":\"https:\/\/fisyosgarnacho.com\/eu\/hasiera\/\"},{\"@type\":\"ListItem\",\"position\":2,\"name\":\"Terapia miofasziala\"}]},{\"@type\":\"WebSite\",\"@id\":\"https:\/\/fisyosgarnacho.com\/eu\/#website\",\"url\":\"https:\/\/fisyosgarnacho.com\/eu\/\",\"name\":\"Fisyos Garnacho. Fisioterapia, entrenamiento y nutrici\u00f3n en Barakaldo\",\"description\":\"Cl\u00ednica de fisioterapia, entrenamiento y nutrici\u00f3n en Barakaldo, Bizkaia. Fisioterapeutas y osteopatas en Baracaldo.\",\"publisher\":{\"@id\":\"https:\/\/fisyosgarnacho.com\/eu\/#organization\"},\"potentialAction\":[{\"@type\":\"SearchAction\",\"target\":{\"@type\":\"EntryPoint\",\"urlTemplate\":\"https:\/\/fisyosgarnacho.com\/eu\/?s={search_term_string}\"},\"query-input\":{\"@type\":\"PropertyValueSpecification\",\"valueRequired\":true,\"valueName\":\"search_term_string\"}}],\"inLanguage\":\"eu-ES\"},{\"@type\":\"Organization\",\"@id\":\"https:\/\/fisyosgarnacho.com\/eu\/#organization\",\"name\":\"Fisyos Garnacho\",\"url\":\"https:\/\/fisyosgarnacho.com\/eu\/\",\"logo\":{\"@type\":\"ImageObject\",\"inLanguage\":\"eu-ES\",\"@id\":\"https:\/\/fisyosgarnacho.com\/eu\/#\/schema\/logo\/image\/\",\"url\":\"https:\/\/fisyosgarnacho.com\/wp-content\/uploads\/2024\/11\/logo-fisyos-garnacho.png\",\"contentUrl\":\"https:\/\/fisyosgarnacho.com\/wp-content\/uploads\/2024\/11\/logo-fisyos-garnacho.png\",\"width\":750,\"height\":300,\"caption\":\"Fisyos Garnacho\"},\"image\":{\"@id\":\"https:\/\/fisyosgarnacho.com\/eu\/#\/schema\/logo\/image\/\"},\"sameAs\":[\"https:\/\/www.facebook.com\/Fisyosgarnacho\/\",\"https:\/\/www.instagram.com\/fisyos_garnacho\/?hl=es\",\"https:\/\/www.linkedin.com\/in\/carla-garnacho-ortiz-a09806b1\/\"]}]}<\/script>\n<!-- \/ Yoast SEO plugin. -->","yoast_head_json":{"title":"Terapia miofasziala - Fisyos Garnacho. Fisioterapia, entrenamiento y nutrici\u00f3n en Barakaldo","description":"Fisioterapia eta osteopatia klinika Barakaldon (Bizkaia). Fisioterapeutak eta osteopatak Barakaldon.","robots":{"index":"index","follow":"follow","max-snippet":"max-snippet:-1","max-image-preview":"max-image-preview:large","max-video-preview":"max-video-preview:-1"},"canonical":"https:\/\/fisyosgarnacho.com\/eu\/terapia-miofasziala\/","og_locale":"eu_ES","og_type":"article","og_title":"Terapia miofasziala - Fisyos Garnacho. Fisioterapia, entrenamiento y nutrici\u00f3n en Barakaldo","og_description":"Fisioterapia eta osteopatia klinika Barakaldon (Bizkaia). Fisioterapeutak eta osteopatak Barakaldon.","og_url":"https:\/\/fisyosgarnacho.com\/eu\/terapia-miofasziala\/","og_site_name":"Fisyos Garnacho. Fisioterapia, entrenamiento y nutrici\u00f3n en Barakaldo","article_publisher":"https:\/\/www.facebook.com\/Fisyosgarnacho\/","article_modified_time":"2024-06-25T10:42:55+00:00","og_image":[{"url":"https:\/\/clientes-fisyos.laukoa-studio.com\/wp-content\/uploads\/2024\/06\/terapia-miofascial.jpg","type":"","width":"","height":""}],"twitter_card":"summary_large_image","schema":{"@context":"https:\/\/schema.org","@graph":[{"@type":"WebPage","@id":"https:\/\/fisyosgarnacho.com\/eu\/terapia-miofasziala\/","url":"https:\/\/fisyosgarnacho.com\/eu\/terapia-miofasziala\/","name":"Terapia miofasziala - Fisyos Garnacho. Fisioterapia, entrenamiento y nutrici\u00f3n en Barakaldo","isPartOf":{"@id":"https:\/\/fisyosgarnacho.com\/eu\/#website"},"primaryImageOfPage":{"@id":"https:\/\/fisyosgarnacho.com\/eu\/terapia-miofasziala\/#primaryimage"},"image":{"@id":"https:\/\/fisyosgarnacho.com\/eu\/terapia-miofasziala\/#primaryimage"},"thumbnailUrl":"https:\/\/clientes-fisyos.laukoa-studio.com\/wp-content\/uploads\/2024\/06\/terapia-miofascial.jpg","datePublished":"2019-10-31T10:55:20+00:00","dateModified":"2024-06-25T10:42:55+00:00","description":"Fisioterapia eta osteopatia klinika Barakaldon (Bizkaia). Fisioterapeutak eta osteopatak Barakaldon.","breadcrumb":{"@id":"https:\/\/fisyosgarnacho.com\/eu\/terapia-miofasziala\/#breadcrumb"},"inLanguage":"eu-ES","potentialAction":[{"@type":"ReadAction","target":["https:\/\/fisyosgarnacho.com\/eu\/terapia-miofasziala\/"]}]},{"@type":"ImageObject","inLanguage":"eu-ES","@id":"https:\/\/fisyosgarnacho.com\/eu\/terapia-miofasziala\/#primaryimage","url":"https:\/\/clientes-fisyos.laukoa-studio.com\/wp-content\/uploads\/2024\/06\/terapia-miofascial.jpg","contentUrl":"https:\/\/clientes-fisyos.laukoa-studio.com\/wp-content\/uploads\/2024\/06\/terapia-miofascial.jpg"},{"@type":"BreadcrumbList","@id":"https:\/\/fisyosgarnacho.com\/eu\/terapia-miofasziala\/#breadcrumb","itemListElement":[{"@type":"ListItem","position":1,"name":"Portada","item":"https:\/\/fisyosgarnacho.com\/eu\/hasiera\/"},{"@type":"ListItem","position":2,"name":"Terapia miofasziala"}]},{"@type":"WebSite","@id":"https:\/\/fisyosgarnacho.com\/eu\/#website","url":"https:\/\/fisyosgarnacho.com\/eu\/","name":"Fisyos Garnacho. Fisioterapia, entrenamiento y nutrici\u00f3n en Barakaldo","description":"Cl\u00ednica de fisioterapia, entrenamiento y nutrici\u00f3n en Barakaldo, Bizkaia. Fisioterapeutas y osteopatas en Baracaldo.","publisher":{"@id":"https:\/\/fisyosgarnacho.com\/eu\/#organization"},"potentialAction":[{"@type":"SearchAction","target":{"@type":"EntryPoint","urlTemplate":"https:\/\/fisyosgarnacho.com\/eu\/?s={search_term_string}"},"query-input":{"@type":"PropertyValueSpecification","valueRequired":true,"valueName":"search_term_string"}}],"inLanguage":"eu-ES"},{"@type":"Organization","@id":"https:\/\/fisyosgarnacho.com\/eu\/#organization","name":"Fisyos Garnacho","url":"https:\/\/fisyosgarnacho.com\/eu\/","logo":{"@type":"ImageObject","inLanguage":"eu-ES","@id":"https:\/\/fisyosgarnacho.com\/eu\/#\/schema\/logo\/image\/","url":"https:\/\/fisyosgarnacho.com\/wp-content\/uploads\/2024\/11\/logo-fisyos-garnacho.png","contentUrl":"https:\/\/fisyosgarnacho.com\/wp-content\/uploads\/2024\/11\/logo-fisyos-garnacho.png","width":750,"height":300,"caption":"Fisyos Garnacho"},"image":{"@id":"https:\/\/fisyosgarnacho.com\/eu\/#\/schema\/logo\/image\/"},"sameAs":["https:\/\/www.facebook.com\/Fisyosgarnacho\/","https:\/\/www.instagram.com\/fisyos_garnacho\/?hl=es","https:\/\/www.linkedin.com\/in\/carla-garnacho-ortiz-a09806b1\/"]}]}},"_links":{"self":[{"href":"https:\/\/fisyosgarnacho.com\/eu\/wp-json\/wp\/v2\/pages\/2911","targetHints":{"allow":["GET"]}}],"collection":[{"href":"https:\/\/fisyosgarnacho.com\/eu\/wp-json\/wp\/v2\/pages"}],"about":[{"href":"https:\/\/fisyosgarnacho.com\/eu\/wp-json\/wp\/v2\/types\/page"}],"author":[{"embeddable":true,"href":"https:\/\/fisyosgarnacho.com\/eu\/wp-json\/wp\/v2\/users\/1"}],"replies":[{"embeddable":true,"href":"https:\/\/fisyosgarnacho.com\/eu\/wp-json\/wp\/v2\/comments?post=2911"}],"version-history":[{"count":1,"href":"https:\/\/fisyosgarnacho.com\/eu\/wp-json\/wp\/v2\/pages\/2911\/revisions"}],"predecessor-version":[{"id":2912,"href":"https:\/\/fisyosgarnacho.com\/eu\/wp-json\/wp\/v2\/pages\/2911\/revisions\/2912"}],"wp:attachment":[{"href":"https:\/\/fisyosgarnacho.com\/eu\/wp-json\/wp\/v2\/media?parent=2911"}],"curies":[{"name":"wp","href":"https:\/\/api.w.org\/{rel}","templated":true}]}}