{"id":2913,"date":"2024-06-06T12:42:53","date_gmt":"2024-06-06T10:42:53","guid":{"rendered":"https:\/\/clientes-fisyos.laukoa-studio.com\/min-kroniko-tratamendua\/"},"modified":"2024-06-25T12:49:03","modified_gmt":"2024-06-25T10:49:03","slug":"min-kroniko-tratamendua","status":"publish","type":"page","link":"https:\/\/fisyosgarnacho.com\/eu\/min-kroniko-tratamendua\/","title":{"rendered":"Min kroniko tratamendua"},"content":{"rendered":"\n<p>Hasteko, min hitza definitu behar da. Mina pertzepzio sentsitibo emozional konplexua da, gizabanakoaren testuinguru biopsikosozialaren araberakoa. Min kroniko bati erreferentzia egiten diogunean, esan nahi izaten dugu gutxienez min horrek 3 hilabete daramatzala ezarrita (gaur egun, badakigu min kroniko batzuek denbora gutxiago behar izan dezaketela). Funtsezkoa da argitzea min kroniko batean ez dela beharrezkoa egiturazko kalterik egotea (adibidez, tibian). Min kroniko batean, alterazioak aurkituko ditugu nerbio sistema zentraletik<\/p>\n\n<p>edo nerbio sistema periferikotik zentralera<\/p>\n\n<p>informazio mingarria prozesatzean.<\/p>\n\n<p>Gure lanbidetik argia eman diezaiekegu horrelako patologiei, eta, beraz, haien bizi kalitatea hobetu dezakegu. Ebidentzia zientifikoa eta ebidentzia klinikoa babesten dituzten tresnak, eskuzko terapia (muskularra, artikularra, neurala edo mistoa), ariketa terapeutikoa eta minaren hezkuntza dira. Horrelako patologietan, minean hezteak eta ariketa terapeutikoak funtsezko zeregina betetzen dute pazientearen errekuperazioan, eskuzko terapiak eman diezagukeen analgesia ahaztu gabe. Gure klinikan kontu handiz ibiltzen gara gure pazienteen min hezkuntzarekin, funtsezkoa baita horrelako patologietarako. Min kronikoa izan dezakezula uste baduzu eta kalitatea bilatzen ari bazara, guk ekipo eta instalazio onenak ditugu sendatze prozesu hori gauzatzeko.<br\/><\/p>\n<div class=\"wp-block-image\">\n<figure class=\"aligncenter size-full\"><img loading=\"lazy\" decoding=\"async\" width=\"400\" height=\"600\" src=\"https:\/\/clientes-fisyos.laukoa-studio.com\/wp-content\/uploads\/2024\/06\/fisioterapia-dolor-cronico.jpg\" alt=\"\" class=\"wp-image-2560\" srcset=\"https:\/\/fisyosgarnacho.com\/wp-content\/uploads\/2024\/06\/fisioterapia-dolor-cronico.jpg 400w, https:\/\/fisyosgarnacho.com\/wp-content\/uploads\/2024\/06\/fisioterapia-dolor-cronico-200x300.jpg 200w, https:\/\/fisyosgarnacho.com\/wp-content\/uploads\/2024\/06\/fisioterapia-dolor-cronico-393x590.jpg 393w\" sizes=\"auto, (max-width: 400px) 100vw, 400px\" \/><\/figure>\n<\/div>","protected":false},"excerpt":{"rendered":"<p>Hasteko, min hitza definitu behar da. Mina pertzepzio sentsitibo emozional konplexua da, gizabanakoaren testuinguru biopsikosozialaren araberakoa. Min kroniko bati erreferentzia egiten diogunean, esan nahi izaten dugu gutxienez min horrek 3 hilabete daramatzala ezarrita (gaur egun, badakigu min kroniko batzuek denbora gutxiago behar izan dezaketela). Funtsezkoa da argitzea min kroniko batean ez dela beharrezkoa egiturazko kalterik [&hellip;]<\/p>\n","protected":false},"author":1,"featured_media":0,"parent":0,"menu_order":17,"comment_status":"closed","ping_status":"closed","template":"","meta":{"footnotes":""},"class_list":["post-2913","page","type-page","status-publish","hentry"],"yoast_head":"<!-- This site is optimized with the Yoast SEO plugin v26.8 - https:\/\/yoast.com\/product\/yoast-seo-wordpress\/ -->\n<title>Min kroniko tratamendua - Fisyos Garnacho. Fisioterapia, entrenamiento y nutrici\u00f3n en Barakaldo<\/title>\n<meta name=\"robots\" content=\"index, follow, max-snippet:-1, max-image-preview:large, max-video-preview:-1\" \/>\n<link rel=\"canonical\" href=\"https:\/\/fisyosgarnacho.com\/eu\/min-kroniko-tratamendua\/\" \/>\n<meta property=\"og:locale\" content=\"eu_ES\" \/>\n<meta property=\"og:type\" content=\"article\" \/>\n<meta property=\"og:title\" content=\"Min kroniko tratamendua - Fisyos Garnacho. Fisioterapia, entrenamiento y nutrici\u00f3n en Barakaldo\" \/>\n<meta property=\"og:description\" content=\"Hasteko, min hitza definitu behar da. Mina pertzepzio sentsitibo emozional konplexua da, gizabanakoaren testuinguru biopsikosozialaren araberakoa. Min kroniko bati erreferentzia egiten diogunean, esan nahi izaten dugu gutxienez min horrek 3 hilabete daramatzala ezarrita (gaur egun, badakigu min kroniko batzuek denbora gutxiago behar izan dezaketela). Funtsezkoa da argitzea min kroniko batean ez dela beharrezkoa egiturazko kalterik [&hellip;]\" \/>\n<meta property=\"og:url\" content=\"https:\/\/fisyosgarnacho.com\/eu\/min-kroniko-tratamendua\/\" \/>\n<meta property=\"og:site_name\" content=\"Fisyos Garnacho. Fisioterapia, entrenamiento y nutrici\u00f3n en Barakaldo\" \/>\n<meta property=\"article:publisher\" content=\"https:\/\/www.facebook.com\/Fisyosgarnacho\/\" \/>\n<meta property=\"article:modified_time\" content=\"2024-06-25T10:49:03+00:00\" \/>\n<meta property=\"og:image\" content=\"https:\/\/clientes-fisyos.laukoa-studio.com\/wp-content\/uploads\/2024\/06\/fisioterapia-dolor-cronico.jpg\" \/>\n<meta name=\"twitter:card\" content=\"summary_large_image\" \/>\n<meta name=\"twitter:label1\" content=\"Est. reading time\" \/>\n\t<meta name=\"twitter:data1\" content=\"1 minute\" \/>\n<script type=\"application\/ld+json\" class=\"yoast-schema-graph\">{\"@context\":\"https:\/\/schema.org\",\"@graph\":[{\"@type\":\"WebPage\",\"@id\":\"https:\/\/fisyosgarnacho.com\/eu\/min-kroniko-tratamendua\/\",\"url\":\"https:\/\/fisyosgarnacho.com\/eu\/min-kroniko-tratamendua\/\",\"name\":\"Min kroniko tratamendua - Fisyos Garnacho. Fisioterapia, entrenamiento y nutrici\u00f3n en Barakaldo\",\"isPartOf\":{\"@id\":\"https:\/\/fisyosgarnacho.com\/eu\/#website\"},\"primaryImageOfPage\":{\"@id\":\"https:\/\/fisyosgarnacho.com\/eu\/min-kroniko-tratamendua\/#primaryimage\"},\"image\":{\"@id\":\"https:\/\/fisyosgarnacho.com\/eu\/min-kroniko-tratamendua\/#primaryimage\"},\"thumbnailUrl\":\"https:\/\/clientes-fisyos.laukoa-studio.com\/wp-content\/uploads\/2024\/06\/fisioterapia-dolor-cronico.jpg\",\"datePublished\":\"2024-06-06T10:42:53+00:00\",\"dateModified\":\"2024-06-25T10:49:03+00:00\",\"breadcrumb\":{\"@id\":\"https:\/\/fisyosgarnacho.com\/eu\/min-kroniko-tratamendua\/#breadcrumb\"},\"inLanguage\":\"eu-ES\",\"potentialAction\":[{\"@type\":\"ReadAction\",\"target\":[\"https:\/\/fisyosgarnacho.com\/eu\/min-kroniko-tratamendua\/\"]}]},{\"@type\":\"ImageObject\",\"inLanguage\":\"eu-ES\",\"@id\":\"https:\/\/fisyosgarnacho.com\/eu\/min-kroniko-tratamendua\/#primaryimage\",\"url\":\"https:\/\/clientes-fisyos.laukoa-studio.com\/wp-content\/uploads\/2024\/06\/fisioterapia-dolor-cronico.jpg\",\"contentUrl\":\"https:\/\/clientes-fisyos.laukoa-studio.com\/wp-content\/uploads\/2024\/06\/fisioterapia-dolor-cronico.jpg\"},{\"@type\":\"BreadcrumbList\",\"@id\":\"https:\/\/fisyosgarnacho.com\/eu\/min-kroniko-tratamendua\/#breadcrumb\",\"itemListElement\":[{\"@type\":\"ListItem\",\"position\":1,\"name\":\"Portada\",\"item\":\"https:\/\/fisyosgarnacho.com\/eu\/hasiera\/\"},{\"@type\":\"ListItem\",\"position\":2,\"name\":\"Min kroniko tratamendua\"}]},{\"@type\":\"WebSite\",\"@id\":\"https:\/\/fisyosgarnacho.com\/eu\/#website\",\"url\":\"https:\/\/fisyosgarnacho.com\/eu\/\",\"name\":\"Fisyos Garnacho. Fisioterapia, entrenamiento y nutrici\u00f3n en Barakaldo\",\"description\":\"Cl\u00ednica de fisioterapia, entrenamiento y nutrici\u00f3n en Barakaldo, Bizkaia. Fisioterapeutas y osteopatas en Baracaldo.\",\"publisher\":{\"@id\":\"https:\/\/fisyosgarnacho.com\/eu\/#organization\"},\"potentialAction\":[{\"@type\":\"SearchAction\",\"target\":{\"@type\":\"EntryPoint\",\"urlTemplate\":\"https:\/\/fisyosgarnacho.com\/eu\/?s={search_term_string}\"},\"query-input\":{\"@type\":\"PropertyValueSpecification\",\"valueRequired\":true,\"valueName\":\"search_term_string\"}}],\"inLanguage\":\"eu-ES\"},{\"@type\":\"Organization\",\"@id\":\"https:\/\/fisyosgarnacho.com\/eu\/#organization\",\"name\":\"Fisyos Garnacho\",\"url\":\"https:\/\/fisyosgarnacho.com\/eu\/\",\"logo\":{\"@type\":\"ImageObject\",\"inLanguage\":\"eu-ES\",\"@id\":\"https:\/\/fisyosgarnacho.com\/eu\/#\/schema\/logo\/image\/\",\"url\":\"https:\/\/fisyosgarnacho.com\/wp-content\/uploads\/2024\/11\/logo-fisyos-garnacho.png\",\"contentUrl\":\"https:\/\/fisyosgarnacho.com\/wp-content\/uploads\/2024\/11\/logo-fisyos-garnacho.png\",\"width\":750,\"height\":300,\"caption\":\"Fisyos Garnacho\"},\"image\":{\"@id\":\"https:\/\/fisyosgarnacho.com\/eu\/#\/schema\/logo\/image\/\"},\"sameAs\":[\"https:\/\/www.facebook.com\/Fisyosgarnacho\/\",\"https:\/\/www.instagram.com\/fisyos_garnacho\/?hl=es\",\"https:\/\/www.linkedin.com\/in\/carla-garnacho-ortiz-a09806b1\/\"]}]}<\/script>\n<!-- \/ Yoast SEO plugin. -->","yoast_head_json":{"title":"Min kroniko tratamendua - Fisyos Garnacho. Fisioterapia, entrenamiento y nutrici\u00f3n en Barakaldo","robots":{"index":"index","follow":"follow","max-snippet":"max-snippet:-1","max-image-preview":"max-image-preview:large","max-video-preview":"max-video-preview:-1"},"canonical":"https:\/\/fisyosgarnacho.com\/eu\/min-kroniko-tratamendua\/","og_locale":"eu_ES","og_type":"article","og_title":"Min kroniko tratamendua - Fisyos Garnacho. Fisioterapia, entrenamiento y nutrici\u00f3n en Barakaldo","og_description":"Hasteko, min hitza definitu behar da. Mina pertzepzio sentsitibo emozional konplexua da, gizabanakoaren testuinguru biopsikosozialaren araberakoa. Min kroniko bati erreferentzia egiten diogunean, esan nahi izaten dugu gutxienez min horrek 3 hilabete daramatzala ezarrita (gaur egun, badakigu min kroniko batzuek denbora gutxiago behar izan dezaketela). Funtsezkoa da argitzea min kroniko batean ez dela beharrezkoa egiturazko kalterik [&hellip;]","og_url":"https:\/\/fisyosgarnacho.com\/eu\/min-kroniko-tratamendua\/","og_site_name":"Fisyos Garnacho. Fisioterapia, entrenamiento y nutrici\u00f3n en Barakaldo","article_publisher":"https:\/\/www.facebook.com\/Fisyosgarnacho\/","article_modified_time":"2024-06-25T10:49:03+00:00","og_image":[{"url":"https:\/\/clientes-fisyos.laukoa-studio.com\/wp-content\/uploads\/2024\/06\/fisioterapia-dolor-cronico.jpg","type":"","width":"","height":""}],"twitter_card":"summary_large_image","twitter_misc":{"Est. reading time":"1 minute"},"schema":{"@context":"https:\/\/schema.org","@graph":[{"@type":"WebPage","@id":"https:\/\/fisyosgarnacho.com\/eu\/min-kroniko-tratamendua\/","url":"https:\/\/fisyosgarnacho.com\/eu\/min-kroniko-tratamendua\/","name":"Min kroniko tratamendua - Fisyos Garnacho. Fisioterapia, entrenamiento y nutrici\u00f3n en Barakaldo","isPartOf":{"@id":"https:\/\/fisyosgarnacho.com\/eu\/#website"},"primaryImageOfPage":{"@id":"https:\/\/fisyosgarnacho.com\/eu\/min-kroniko-tratamendua\/#primaryimage"},"image":{"@id":"https:\/\/fisyosgarnacho.com\/eu\/min-kroniko-tratamendua\/#primaryimage"},"thumbnailUrl":"https:\/\/clientes-fisyos.laukoa-studio.com\/wp-content\/uploads\/2024\/06\/fisioterapia-dolor-cronico.jpg","datePublished":"2024-06-06T10:42:53+00:00","dateModified":"2024-06-25T10:49:03+00:00","breadcrumb":{"@id":"https:\/\/fisyosgarnacho.com\/eu\/min-kroniko-tratamendua\/#breadcrumb"},"inLanguage":"eu-ES","potentialAction":[{"@type":"ReadAction","target":["https:\/\/fisyosgarnacho.com\/eu\/min-kroniko-tratamendua\/"]}]},{"@type":"ImageObject","inLanguage":"eu-ES","@id":"https:\/\/fisyosgarnacho.com\/eu\/min-kroniko-tratamendua\/#primaryimage","url":"https:\/\/clientes-fisyos.laukoa-studio.com\/wp-content\/uploads\/2024\/06\/fisioterapia-dolor-cronico.jpg","contentUrl":"https:\/\/clientes-fisyos.laukoa-studio.com\/wp-content\/uploads\/2024\/06\/fisioterapia-dolor-cronico.jpg"},{"@type":"BreadcrumbList","@id":"https:\/\/fisyosgarnacho.com\/eu\/min-kroniko-tratamendua\/#breadcrumb","itemListElement":[{"@type":"ListItem","position":1,"name":"Portada","item":"https:\/\/fisyosgarnacho.com\/eu\/hasiera\/"},{"@type":"ListItem","position":2,"name":"Min kroniko tratamendua"}]},{"@type":"WebSite","@id":"https:\/\/fisyosgarnacho.com\/eu\/#website","url":"https:\/\/fisyosgarnacho.com\/eu\/","name":"Fisyos Garnacho. Fisioterapia, entrenamiento y nutrici\u00f3n en Barakaldo","description":"Cl\u00ednica de fisioterapia, entrenamiento y nutrici\u00f3n en Barakaldo, Bizkaia. Fisioterapeutas y osteopatas en Baracaldo.","publisher":{"@id":"https:\/\/fisyosgarnacho.com\/eu\/#organization"},"potentialAction":[{"@type":"SearchAction","target":{"@type":"EntryPoint","urlTemplate":"https:\/\/fisyosgarnacho.com\/eu\/?s={search_term_string}"},"query-input":{"@type":"PropertyValueSpecification","valueRequired":true,"valueName":"search_term_string"}}],"inLanguage":"eu-ES"},{"@type":"Organization","@id":"https:\/\/fisyosgarnacho.com\/eu\/#organization","name":"Fisyos Garnacho","url":"https:\/\/fisyosgarnacho.com\/eu\/","logo":{"@type":"ImageObject","inLanguage":"eu-ES","@id":"https:\/\/fisyosgarnacho.com\/eu\/#\/schema\/logo\/image\/","url":"https:\/\/fisyosgarnacho.com\/wp-content\/uploads\/2024\/11\/logo-fisyos-garnacho.png","contentUrl":"https:\/\/fisyosgarnacho.com\/wp-content\/uploads\/2024\/11\/logo-fisyos-garnacho.png","width":750,"height":300,"caption":"Fisyos Garnacho"},"image":{"@id":"https:\/\/fisyosgarnacho.com\/eu\/#\/schema\/logo\/image\/"},"sameAs":["https:\/\/www.facebook.com\/Fisyosgarnacho\/","https:\/\/www.instagram.com\/fisyos_garnacho\/?hl=es","https:\/\/www.linkedin.com\/in\/carla-garnacho-ortiz-a09806b1\/"]}]}},"_links":{"self":[{"href":"https:\/\/fisyosgarnacho.com\/eu\/wp-json\/wp\/v2\/pages\/2913","targetHints":{"allow":["GET"]}}],"collection":[{"href":"https:\/\/fisyosgarnacho.com\/eu\/wp-json\/wp\/v2\/pages"}],"about":[{"href":"https:\/\/fisyosgarnacho.com\/eu\/wp-json\/wp\/v2\/types\/page"}],"author":[{"embeddable":true,"href":"https:\/\/fisyosgarnacho.com\/eu\/wp-json\/wp\/v2\/users\/1"}],"replies":[{"embeddable":true,"href":"https:\/\/fisyosgarnacho.com\/eu\/wp-json\/wp\/v2\/comments?post=2913"}],"version-history":[{"count":1,"href":"https:\/\/fisyosgarnacho.com\/eu\/wp-json\/wp\/v2\/pages\/2913\/revisions"}],"predecessor-version":[{"id":2914,"href":"https:\/\/fisyosgarnacho.com\/eu\/wp-json\/wp\/v2\/pages\/2913\/revisions\/2914"}],"wp:attachment":[{"href":"https:\/\/fisyosgarnacho.com\/eu\/wp-json\/wp\/v2\/media?parent=2913"}],"curies":[{"name":"wp","href":"https:\/\/api.w.org\/{rel}","templated":true}]}}