{"id":2915,"date":"2024-06-06T12:48:05","date_gmt":"2024-06-06T10:48:05","guid":{"rendered":"https:\/\/clientes-fisyos.laukoa-studio.com\/ekografia-muskulueskeletikoa\/"},"modified":"2024-06-25T12:51:54","modified_gmt":"2024-06-25T10:51:54","slug":"ekografia-muskulueskeletikoa","status":"publish","type":"page","link":"https:\/\/fisyosgarnacho.com\/eu\/ekografia-muskulueskeletikoa\/","title":{"rendered":"Ekografia muskulueskeletikoa"},"content":{"rendered":"\n<p>Ekografia muskulueskeletikoa gero eta garrantzitsuagoa da fisioterapeutaren praktika klinikoan, bai fisioterapiaren diagnostikoan, bai ondorengo tratamenduan. Ekografiak kalitate handiko ebidentzia zientifikoa du, arrazonamendu klinikoko prozesuaren barnean bere erabilera bermatzen duena, fisioterapeutari pazientearen gabeziak ahalik eta ondoen ulertzen eta interpretatzen lagunduz. Tresna dinamikoa da, oso eraginkorra, Fisyos Garnacho Klinikako fisioterapeutok pazientearen azterketa fisikoaren barruan erabiltzen duguna. Horrek hurrengo gauzetarako aukera ematen du denbora errealean eta konparazioz, lesionatutako ehuna modu objektiboan ebaluatzeko, fisioterapia tratamendua behar bezala programatzeko. Jasotako fisioterapia tratamenduarekin izandako bilakaera baloratzeko hurrengo saioetan, horrela gure pazienteei emandako arretaren kalitatea hobetuz.<br\/><\/p>\n<div class=\"wp-block-image\">\n<figure class=\"aligncenter size-full\"><img loading=\"lazy\" decoding=\"async\" width=\"400\" height=\"533\" src=\"https:\/\/clientes-fisyos.laukoa-studio.com\/wp-content\/uploads\/2024\/06\/fisioterapia-ecografia.jpg\" alt=\"\" class=\"wp-image-2650\" srcset=\"https:\/\/fisyosgarnacho.com\/wp-content\/uploads\/2024\/06\/fisioterapia-ecografia.jpg 400w, https:\/\/fisyosgarnacho.com\/wp-content\/uploads\/2024\/06\/fisioterapia-ecografia-225x300.jpg 225w\" sizes=\"auto, (max-width: 400px) 100vw, 400px\" \/><\/figure>\n<\/div>","protected":false},"excerpt":{"rendered":"<p>Ekografia muskulueskeletikoa gero eta garrantzitsuagoa da fisioterapeutaren praktika klinikoan, bai fisioterapiaren diagnostikoan, bai ondorengo tratamenduan. Ekografiak kalitate handiko ebidentzia zientifikoa du, arrazonamendu klinikoko prozesuaren barnean bere erabilera bermatzen duena, fisioterapeutari pazientearen gabeziak ahalik eta ondoen ulertzen eta interpretatzen lagunduz. Tresna dinamikoa da, oso eraginkorra, Fisyos Garnacho Klinikako fisioterapeutok pazientearen azterketa fisikoaren barruan erabiltzen duguna. Horrek [&hellip;]<\/p>\n","protected":false},"author":1,"featured_media":0,"parent":0,"menu_order":19,"comment_status":"closed","ping_status":"closed","template":"","meta":{"footnotes":""},"class_list":["post-2915","page","type-page","status-publish","hentry"],"yoast_head":"<!-- This site is optimized with the Yoast SEO plugin v26.8 - https:\/\/yoast.com\/product\/yoast-seo-wordpress\/ -->\n<title>Ekografia muskulueskeletikoa - Fisyos Garnacho. Fisioterapia, entrenamiento y nutrici\u00f3n en Barakaldo<\/title>\n<meta name=\"robots\" content=\"index, follow, max-snippet:-1, max-image-preview:large, max-video-preview:-1\" \/>\n<link rel=\"canonical\" href=\"https:\/\/fisyosgarnacho.com\/eu\/ekografia-muskulueskeletikoa\/\" \/>\n<meta property=\"og:locale\" content=\"eu_ES\" \/>\n<meta property=\"og:type\" content=\"article\" \/>\n<meta property=\"og:title\" content=\"Ekografia muskulueskeletikoa - Fisyos Garnacho. Fisioterapia, entrenamiento y nutrici\u00f3n en Barakaldo\" \/>\n<meta property=\"og:description\" content=\"Ekografia muskulueskeletikoa gero eta garrantzitsuagoa da fisioterapeutaren praktika klinikoan, bai fisioterapiaren diagnostikoan, bai ondorengo tratamenduan. Ekografiak kalitate handiko ebidentzia zientifikoa du, arrazonamendu klinikoko prozesuaren barnean bere erabilera bermatzen duena, fisioterapeutari pazientearen gabeziak ahalik eta ondoen ulertzen eta interpretatzen lagunduz. Tresna dinamikoa da, oso eraginkorra, Fisyos Garnacho Klinikako fisioterapeutok pazientearen azterketa fisikoaren barruan erabiltzen duguna. Horrek [&hellip;]\" \/>\n<meta property=\"og:url\" content=\"https:\/\/fisyosgarnacho.com\/eu\/ekografia-muskulueskeletikoa\/\" \/>\n<meta property=\"og:site_name\" content=\"Fisyos Garnacho. Fisioterapia, entrenamiento y nutrici\u00f3n en Barakaldo\" \/>\n<meta property=\"article:publisher\" content=\"https:\/\/www.facebook.com\/Fisyosgarnacho\/\" \/>\n<meta property=\"article:modified_time\" content=\"2024-06-25T10:51:54+00:00\" \/>\n<meta property=\"og:image\" content=\"https:\/\/clientes-fisyos.laukoa-studio.com\/wp-content\/uploads\/2024\/06\/fisioterapia-ecografia.jpg\" \/>\n<meta name=\"twitter:card\" content=\"summary_large_image\" \/>\n<script type=\"application\/ld+json\" class=\"yoast-schema-graph\">{\"@context\":\"https:\/\/schema.org\",\"@graph\":[{\"@type\":\"WebPage\",\"@id\":\"https:\/\/fisyosgarnacho.com\/eu\/ekografia-muskulueskeletikoa\/\",\"url\":\"https:\/\/fisyosgarnacho.com\/eu\/ekografia-muskulueskeletikoa\/\",\"name\":\"Ekografia muskulueskeletikoa - Fisyos Garnacho. Fisioterapia, entrenamiento y nutrici\u00f3n en Barakaldo\",\"isPartOf\":{\"@id\":\"https:\/\/fisyosgarnacho.com\/eu\/#website\"},\"primaryImageOfPage\":{\"@id\":\"https:\/\/fisyosgarnacho.com\/eu\/ekografia-muskulueskeletikoa\/#primaryimage\"},\"image\":{\"@id\":\"https:\/\/fisyosgarnacho.com\/eu\/ekografia-muskulueskeletikoa\/#primaryimage\"},\"thumbnailUrl\":\"https:\/\/clientes-fisyos.laukoa-studio.com\/wp-content\/uploads\/2024\/06\/fisioterapia-ecografia.jpg\",\"datePublished\":\"2024-06-06T10:48:05+00:00\",\"dateModified\":\"2024-06-25T10:51:54+00:00\",\"breadcrumb\":{\"@id\":\"https:\/\/fisyosgarnacho.com\/eu\/ekografia-muskulueskeletikoa\/#breadcrumb\"},\"inLanguage\":\"eu-ES\",\"potentialAction\":[{\"@type\":\"ReadAction\",\"target\":[\"https:\/\/fisyosgarnacho.com\/eu\/ekografia-muskulueskeletikoa\/\"]}]},{\"@type\":\"ImageObject\",\"inLanguage\":\"eu-ES\",\"@id\":\"https:\/\/fisyosgarnacho.com\/eu\/ekografia-muskulueskeletikoa\/#primaryimage\",\"url\":\"https:\/\/clientes-fisyos.laukoa-studio.com\/wp-content\/uploads\/2024\/06\/fisioterapia-ecografia.jpg\",\"contentUrl\":\"https:\/\/clientes-fisyos.laukoa-studio.com\/wp-content\/uploads\/2024\/06\/fisioterapia-ecografia.jpg\"},{\"@type\":\"BreadcrumbList\",\"@id\":\"https:\/\/fisyosgarnacho.com\/eu\/ekografia-muskulueskeletikoa\/#breadcrumb\",\"itemListElement\":[{\"@type\":\"ListItem\",\"position\":1,\"name\":\"Portada\",\"item\":\"https:\/\/fisyosgarnacho.com\/eu\/hasiera\/\"},{\"@type\":\"ListItem\",\"position\":2,\"name\":\"Ekografia muskulueskeletikoa\"}]},{\"@type\":\"WebSite\",\"@id\":\"https:\/\/fisyosgarnacho.com\/eu\/#website\",\"url\":\"https:\/\/fisyosgarnacho.com\/eu\/\",\"name\":\"Fisyos Garnacho. Fisioterapia, entrenamiento y nutrici\u00f3n en Barakaldo\",\"description\":\"Cl\u00ednica de fisioterapia, entrenamiento y nutrici\u00f3n en Barakaldo, Bizkaia. Fisioterapeutas y osteopatas en Baracaldo.\",\"publisher\":{\"@id\":\"https:\/\/fisyosgarnacho.com\/eu\/#organization\"},\"potentialAction\":[{\"@type\":\"SearchAction\",\"target\":{\"@type\":\"EntryPoint\",\"urlTemplate\":\"https:\/\/fisyosgarnacho.com\/eu\/?s={search_term_string}\"},\"query-input\":{\"@type\":\"PropertyValueSpecification\",\"valueRequired\":true,\"valueName\":\"search_term_string\"}}],\"inLanguage\":\"eu-ES\"},{\"@type\":\"Organization\",\"@id\":\"https:\/\/fisyosgarnacho.com\/eu\/#organization\",\"name\":\"Fisyos Garnacho\",\"url\":\"https:\/\/fisyosgarnacho.com\/eu\/\",\"logo\":{\"@type\":\"ImageObject\",\"inLanguage\":\"eu-ES\",\"@id\":\"https:\/\/fisyosgarnacho.com\/eu\/#\/schema\/logo\/image\/\",\"url\":\"https:\/\/fisyosgarnacho.com\/wp-content\/uploads\/2024\/11\/logo-fisyos-garnacho.png\",\"contentUrl\":\"https:\/\/fisyosgarnacho.com\/wp-content\/uploads\/2024\/11\/logo-fisyos-garnacho.png\",\"width\":750,\"height\":300,\"caption\":\"Fisyos Garnacho\"},\"image\":{\"@id\":\"https:\/\/fisyosgarnacho.com\/eu\/#\/schema\/logo\/image\/\"},\"sameAs\":[\"https:\/\/www.facebook.com\/Fisyosgarnacho\/\",\"https:\/\/www.instagram.com\/fisyos_garnacho\/?hl=es\",\"https:\/\/www.linkedin.com\/in\/carla-garnacho-ortiz-a09806b1\/\"]}]}<\/script>\n<!-- \/ Yoast SEO plugin. -->","yoast_head_json":{"title":"Ekografia muskulueskeletikoa - Fisyos Garnacho. Fisioterapia, entrenamiento y nutrici\u00f3n en Barakaldo","robots":{"index":"index","follow":"follow","max-snippet":"max-snippet:-1","max-image-preview":"max-image-preview:large","max-video-preview":"max-video-preview:-1"},"canonical":"https:\/\/fisyosgarnacho.com\/eu\/ekografia-muskulueskeletikoa\/","og_locale":"eu_ES","og_type":"article","og_title":"Ekografia muskulueskeletikoa - Fisyos Garnacho. Fisioterapia, entrenamiento y nutrici\u00f3n en Barakaldo","og_description":"Ekografia muskulueskeletikoa gero eta garrantzitsuagoa da fisioterapeutaren praktika klinikoan, bai fisioterapiaren diagnostikoan, bai ondorengo tratamenduan. Ekografiak kalitate handiko ebidentzia zientifikoa du, arrazonamendu klinikoko prozesuaren barnean bere erabilera bermatzen duena, fisioterapeutari pazientearen gabeziak ahalik eta ondoen ulertzen eta interpretatzen lagunduz. Tresna dinamikoa da, oso eraginkorra, Fisyos Garnacho Klinikako fisioterapeutok pazientearen azterketa fisikoaren barruan erabiltzen duguna. Horrek [&hellip;]","og_url":"https:\/\/fisyosgarnacho.com\/eu\/ekografia-muskulueskeletikoa\/","og_site_name":"Fisyos Garnacho. Fisioterapia, entrenamiento y nutrici\u00f3n en Barakaldo","article_publisher":"https:\/\/www.facebook.com\/Fisyosgarnacho\/","article_modified_time":"2024-06-25T10:51:54+00:00","og_image":[{"url":"https:\/\/clientes-fisyos.laukoa-studio.com\/wp-content\/uploads\/2024\/06\/fisioterapia-ecografia.jpg","type":"","width":"","height":""}],"twitter_card":"summary_large_image","schema":{"@context":"https:\/\/schema.org","@graph":[{"@type":"WebPage","@id":"https:\/\/fisyosgarnacho.com\/eu\/ekografia-muskulueskeletikoa\/","url":"https:\/\/fisyosgarnacho.com\/eu\/ekografia-muskulueskeletikoa\/","name":"Ekografia muskulueskeletikoa - Fisyos Garnacho. Fisioterapia, entrenamiento y nutrici\u00f3n en Barakaldo","isPartOf":{"@id":"https:\/\/fisyosgarnacho.com\/eu\/#website"},"primaryImageOfPage":{"@id":"https:\/\/fisyosgarnacho.com\/eu\/ekografia-muskulueskeletikoa\/#primaryimage"},"image":{"@id":"https:\/\/fisyosgarnacho.com\/eu\/ekografia-muskulueskeletikoa\/#primaryimage"},"thumbnailUrl":"https:\/\/clientes-fisyos.laukoa-studio.com\/wp-content\/uploads\/2024\/06\/fisioterapia-ecografia.jpg","datePublished":"2024-06-06T10:48:05+00:00","dateModified":"2024-06-25T10:51:54+00:00","breadcrumb":{"@id":"https:\/\/fisyosgarnacho.com\/eu\/ekografia-muskulueskeletikoa\/#breadcrumb"},"inLanguage":"eu-ES","potentialAction":[{"@type":"ReadAction","target":["https:\/\/fisyosgarnacho.com\/eu\/ekografia-muskulueskeletikoa\/"]}]},{"@type":"ImageObject","inLanguage":"eu-ES","@id":"https:\/\/fisyosgarnacho.com\/eu\/ekografia-muskulueskeletikoa\/#primaryimage","url":"https:\/\/clientes-fisyos.laukoa-studio.com\/wp-content\/uploads\/2024\/06\/fisioterapia-ecografia.jpg","contentUrl":"https:\/\/clientes-fisyos.laukoa-studio.com\/wp-content\/uploads\/2024\/06\/fisioterapia-ecografia.jpg"},{"@type":"BreadcrumbList","@id":"https:\/\/fisyosgarnacho.com\/eu\/ekografia-muskulueskeletikoa\/#breadcrumb","itemListElement":[{"@type":"ListItem","position":1,"name":"Portada","item":"https:\/\/fisyosgarnacho.com\/eu\/hasiera\/"},{"@type":"ListItem","position":2,"name":"Ekografia muskulueskeletikoa"}]},{"@type":"WebSite","@id":"https:\/\/fisyosgarnacho.com\/eu\/#website","url":"https:\/\/fisyosgarnacho.com\/eu\/","name":"Fisyos Garnacho. Fisioterapia, entrenamiento y nutrici\u00f3n en Barakaldo","description":"Cl\u00ednica de fisioterapia, entrenamiento y nutrici\u00f3n en Barakaldo, Bizkaia. Fisioterapeutas y osteopatas en Baracaldo.","publisher":{"@id":"https:\/\/fisyosgarnacho.com\/eu\/#organization"},"potentialAction":[{"@type":"SearchAction","target":{"@type":"EntryPoint","urlTemplate":"https:\/\/fisyosgarnacho.com\/eu\/?s={search_term_string}"},"query-input":{"@type":"PropertyValueSpecification","valueRequired":true,"valueName":"search_term_string"}}],"inLanguage":"eu-ES"},{"@type":"Organization","@id":"https:\/\/fisyosgarnacho.com\/eu\/#organization","name":"Fisyos Garnacho","url":"https:\/\/fisyosgarnacho.com\/eu\/","logo":{"@type":"ImageObject","inLanguage":"eu-ES","@id":"https:\/\/fisyosgarnacho.com\/eu\/#\/schema\/logo\/image\/","url":"https:\/\/fisyosgarnacho.com\/wp-content\/uploads\/2024\/11\/logo-fisyos-garnacho.png","contentUrl":"https:\/\/fisyosgarnacho.com\/wp-content\/uploads\/2024\/11\/logo-fisyos-garnacho.png","width":750,"height":300,"caption":"Fisyos Garnacho"},"image":{"@id":"https:\/\/fisyosgarnacho.com\/eu\/#\/schema\/logo\/image\/"},"sameAs":["https:\/\/www.facebook.com\/Fisyosgarnacho\/","https:\/\/www.instagram.com\/fisyos_garnacho\/?hl=es","https:\/\/www.linkedin.com\/in\/carla-garnacho-ortiz-a09806b1\/"]}]}},"_links":{"self":[{"href":"https:\/\/fisyosgarnacho.com\/eu\/wp-json\/wp\/v2\/pages\/2915","targetHints":{"allow":["GET"]}}],"collection":[{"href":"https:\/\/fisyosgarnacho.com\/eu\/wp-json\/wp\/v2\/pages"}],"about":[{"href":"https:\/\/fisyosgarnacho.com\/eu\/wp-json\/wp\/v2\/types\/page"}],"author":[{"embeddable":true,"href":"https:\/\/fisyosgarnacho.com\/eu\/wp-json\/wp\/v2\/users\/1"}],"replies":[{"embeddable":true,"href":"https:\/\/fisyosgarnacho.com\/eu\/wp-json\/wp\/v2\/comments?post=2915"}],"version-history":[{"count":1,"href":"https:\/\/fisyosgarnacho.com\/eu\/wp-json\/wp\/v2\/pages\/2915\/revisions"}],"predecessor-version":[{"id":2916,"href":"https:\/\/fisyosgarnacho.com\/eu\/wp-json\/wp\/v2\/pages\/2915\/revisions\/2916"}],"wp:attachment":[{"href":"https:\/\/fisyosgarnacho.com\/eu\/wp-json\/wp\/v2\/media?parent=2915"}],"curies":[{"name":"wp","href":"https:\/\/api.w.org\/{rel}","templated":true}]}}