{"id":2918,"date":"2019-10-22T13:30:49","date_gmt":"2019-10-22T11:30:49","guid":{"rendered":"https:\/\/clientes-fisyos.laukoa-studio.com\/osteopatia\/"},"modified":"2024-06-25T12:56:46","modified_gmt":"2024-06-25T10:56:46","slug":"osteopatia","status":"publish","type":"page","link":"https:\/\/fisyosgarnacho.com\/eu\/osteopatia\/","title":{"rendered":"Osteopatia"},"content":{"rendered":"\n<p>Osteopatia eskuzko terapian eta ikuspegi globaletik oinarritutako metodoa da, eta giza gorputza osatzen duten egitura guztiei eragin diezaieketen mugikortasun-murrizketak zehazteko eta tratatzeko erabiltzen da.<br\/><br\/><\/p>\n<div class=\"wp-block-image\">\n<figure class=\"aligncenter\"><img loading=\"lazy\" decoding=\"async\" width=\"1024\" height=\"538\" src=\"https:\/\/clientes-fisyos.laukoa-studio.com\/wp-content\/uploads\/2019\/11\/OSTEOPATIA-1024x538.jpg\" alt=\"\" class=\"wp-image-611\" srcset=\"https:\/\/fisyosgarnacho.com\/wp-content\/uploads\/2019\/11\/OSTEOPATIA-1024x538.jpg 1024w, https:\/\/fisyosgarnacho.com\/wp-content\/uploads\/2019\/11\/OSTEOPATIA-300x158.jpg 300w, https:\/\/fisyosgarnacho.com\/wp-content\/uploads\/2019\/11\/OSTEOPATIA-768x404.jpg 768w, https:\/\/fisyosgarnacho.com\/wp-content\/uploads\/2019\/11\/OSTEOPATIA-1123x590.jpg 1123w, https:\/\/fisyosgarnacho.com\/wp-content\/uploads\/2019\/11\/OSTEOPATIA-600x315.jpg 600w\" sizes=\"auto, (max-width: 1024px) 100vw, 1024px\" \/><\/figure>\n<\/div>\n<p><br\/>Artikulazioetan, muskuluetan, lotailuetan edo erraietan mugikortasuna galtzeak osasun-egoeraren desoreka eragin dezake. Organismoaren sistema guztiak elkarrekin konektatuta daude eta elkarrekin lan egiten dute; horregatik, sistema batean dagoen arazo batek besteari eragin diezaioke.<\/p>\n\n<p>Metodo horren bidez, arazoa eragiten duen kausa tratatzen dugu (askotan, pazienteak aipatutako min-eremutik urrun egoten da), eta, horretarako, teknika zehatzak erabiltzen ditugu, organismoaren mugikortasuna, zirkulazioa eta funtzioa berrezartzeko, eta, hala, barne-oreka eta sintomen hobekuntza berreskuratzeko.<br\/><br\/>Tratamendu osteopatikoak hiru esfera hartzen ditu, elkarri lotuta daudenak: <\/p>\n\n<ul class=\"wp-block-list\">\n<li><strong>Osteopatia estrukturala:<\/strong><br\/>Lokomozio-aparatua tratatzeko erabiltzen da. Sistema muskulu-eskeletikoaren alterazio funtzional, estruktural edo biomekaniko baten ondoren gorputzaren oreka berrezartzen saiatzen da, teknika manipulatiboak, mobilizazio artikularrak eta ehun bigunen teknikak erabiliz.<br\/><br\/>Egokia zerbikalgietan, dorsalgietan, lunbalgietan, neuralgia zerbikobrakialetan, hernia diskaletan, ziatikoetan, zaintiratuetan, endinopatietan\u2026<\/li>\n<\/ul>\n<div class=\"wp-block-image\">\n<figure class=\"aligncenter size-full\"><img loading=\"lazy\" decoding=\"async\" width=\"600\" height=\"400\" src=\"https:\/\/clientes-fisyos.laukoa-studio.com\/wp-content\/uploads\/2024\/06\/osteopatia-estructural.jpg\" alt=\"\" class=\"wp-image-2554\" srcset=\"https:\/\/fisyosgarnacho.com\/wp-content\/uploads\/2024\/06\/osteopatia-estructural.jpg 600w, https:\/\/fisyosgarnacho.com\/wp-content\/uploads\/2024\/06\/osteopatia-estructural-300x200.jpg 300w\" sizes=\"auto, (max-width: 600px) 100vw, 600px\" \/><\/figure>\n<\/div>\n<p><br\/><\/p>\n\n<ul class=\"wp-block-list\">\n<li><strong>Erraietako osteopatia:<\/strong><br\/>Organoaren funtzioa eta mugikortasuna normalizatzen ditu. Kaltetutako erraia inguratzen duen ehun konjuntiboaren (faszia) ezaugarri bisko-elastikoak galtzearekin zerikusia duten lesioak tratatuko ditugu, eta horrek egitura-sistemako arazoak eragin ditzake (errai-erreflexu somatikoa).<br\/><br\/>Egokia da gastritisean, hiato-etenean, idorrerian, arazo ginekologikoetan, ptosian, orbainetan eta ebakuntza osteko ondorioetan\u2026<br\/><\/li>\n<\/ul>\n<div class=\"wp-block-image\">\n<figure class=\"aligncenter size-full\"><img loading=\"lazy\" decoding=\"async\" width=\"600\" height=\"400\" src=\"https:\/\/clientes-fisyos.laukoa-studio.com\/wp-content\/uploads\/2024\/06\/osteopatia-visceral.jpg\" alt=\"\" class=\"wp-image-2555\" srcset=\"https:\/\/fisyosgarnacho.com\/wp-content\/uploads\/2024\/06\/osteopatia-visceral.jpg 600w, https:\/\/fisyosgarnacho.com\/wp-content\/uploads\/2024\/06\/osteopatia-visceral-300x200.jpg 300w\" sizes=\"auto, (max-width: 600px) 100vw, 600px\" \/><\/figure>\n<\/div>\n<p><br\/><\/p>\n\n<ul class=\"wp-block-list\">\n<li> <strong>Garezurreko osteopatia:<\/strong><br\/>Hainbat arrazoirengatik garezurreko hezurretan gertatu diren mugimenduek eragindako afekzioak eta artikulazio tenporomandibularraren (ATM) mailako desorekak lantzen ditu, jarrerari eragin diezaioketenak eta azkenean nerbio-sistema zentralari eta autonomoari eragin diezaioketenak. Hezur-egiturak ez ezik, meninge-sistema, garun-bentrikuluak, likido zefalorrakideoa eta garezur barneko arteria-zainetako sistema ere hartzen ditu.<br\/><br\/>Egokia da zefaleetarako, migrainetarako, sinusitiserako, zorabioetarako, giltzadura tenporomandibularraren disfuntzioetarako (ATM), hala nola bruxismorako, irekidura mugatzeko\u2026<br\/><\/li>\n<\/ul>\n<div class=\"wp-block-image\">\n<figure class=\"aligncenter size-full\"><img loading=\"lazy\" decoding=\"async\" width=\"600\" height=\"400\" src=\"https:\/\/clientes-fisyos.laukoa-studio.com\/wp-content\/uploads\/2024\/06\/osteopatia-craneal.jpg\" alt=\"\" class=\"wp-image-2556\" srcset=\"https:\/\/fisyosgarnacho.com\/wp-content\/uploads\/2024\/06\/osteopatia-craneal.jpg 600w, https:\/\/fisyosgarnacho.com\/wp-content\/uploads\/2024\/06\/osteopatia-craneal-300x200.jpg 300w\" sizes=\"auto, (max-width: 600px) 100vw, 600px\" \/><\/figure>\n<\/div>\n<p><br\/><\/p>\n\n<ul class=\"wp-block-list\">\n<li><strong>Osteopatia pediatrikoa:<\/strong><br\/>Hezur-egituren eta atal bigunen mugikortasuna organismoari itzultzea da helburua. Horrela, terapeutak, bere eskuekin, teknika leun eta oso delikatuak aplikatzen ditu, buruan, bizkarrezurrean, pelbisean eta abarretan. haurtxoarena, behar den oreka fisiologikoa itzultzeko.<br\/><br\/>Egokiena tratamendua bizitzako lehen 6 hilabeteetan aplikatzea da, orduan baitira eraginkorrenak teknikak, haurtxoak duen aldaketa-ahalmen handiari esker, eta noiz lortzen diren emaitzarik onenak eta azkarrenak. Hala ere, tratamendua edozein adinetan has daiteke.<br\/><br\/>Oso modu eraginkorrean tratatzen ditugu kolikoak, sortzetiko tortikoliak, suminkortasuna, digestio-alterazioak, garezurreko deformazioak, plagiozefaliak eta abar. <\/li>\n<\/ul>\n","protected":false},"excerpt":{"rendered":"<p>Osteopatia eskuzko terapian eta ikuspegi globaletik oinarritutako metodoa da, eta giza gorputza osatzen duten egitura guztiei eragin diezaieketen mugikortasun-murrizketak zehazteko eta tratatzeko erabiltzen da. Artikulazioetan, muskuluetan, lotailuetan edo erraietan mugikortasuna galtzeak osasun-egoeraren desoreka eragin dezake. Organismoaren sistema guztiak elkarrekin konektatuta daude eta elkarrekin lan egiten dute; horregatik, sistema batean dagoen arazo batek besteari eragin diezaioke. [&hellip;]<\/p>\n","protected":false},"author":1,"featured_media":0,"parent":0,"menu_order":15,"comment_status":"closed","ping_status":"closed","template":"","meta":{"footnotes":""},"class_list":["post-2918","page","type-page","status-publish","hentry"],"yoast_head":"<!-- This site is optimized with the Yoast SEO plugin v26.8 - https:\/\/yoast.com\/product\/yoast-seo-wordpress\/ -->\n<title>Osteopatia - Fisyos Garnacho. Fisioterapia, entrenamiento y nutrici\u00f3n en Barakaldo<\/title>\n<meta name=\"description\" content=\"Fisioterapia eta osteopatia klinika Barakaldon (Bizkaia). Fisioterapeutak eta osteopatak Barakaldon.\" \/>\n<meta name=\"robots\" content=\"index, follow, max-snippet:-1, max-image-preview:large, max-video-preview:-1\" \/>\n<link rel=\"canonical\" href=\"https:\/\/fisyosgarnacho.com\/eu\/osteopatia\/\" \/>\n<meta property=\"og:locale\" content=\"eu_ES\" \/>\n<meta property=\"og:type\" content=\"article\" \/>\n<meta property=\"og:title\" content=\"Osteopatia - Fisyos Garnacho. Fisioterapia, entrenamiento y nutrici\u00f3n en Barakaldo\" \/>\n<meta property=\"og:description\" content=\"Fisioterapia eta osteopatia klinika Barakaldon (Bizkaia). Fisioterapeutak eta osteopatak Barakaldon.\" \/>\n<meta property=\"og:url\" content=\"https:\/\/fisyosgarnacho.com\/eu\/osteopatia\/\" \/>\n<meta property=\"og:site_name\" content=\"Fisyos Garnacho. Fisioterapia, entrenamiento y nutrici\u00f3n en Barakaldo\" \/>\n<meta property=\"article:publisher\" content=\"https:\/\/www.facebook.com\/Fisyosgarnacho\/\" \/>\n<meta property=\"article:modified_time\" content=\"2024-06-25T10:56:46+00:00\" \/>\n<meta property=\"og:image\" content=\"https:\/\/clientes-fisyos.laukoa-studio.com\/wp-content\/uploads\/2019\/11\/OSTEOPATIA-1024x538.jpg\" \/>\n<meta name=\"twitter:card\" content=\"summary_large_image\" \/>\n<meta name=\"twitter:label1\" content=\"Est. reading time\" \/>\n\t<meta name=\"twitter:data1\" content=\"2 minutes\" \/>\n<script type=\"application\/ld+json\" class=\"yoast-schema-graph\">{\"@context\":\"https:\/\/schema.org\",\"@graph\":[{\"@type\":\"WebPage\",\"@id\":\"https:\/\/fisyosgarnacho.com\/eu\/osteopatia\/\",\"url\":\"https:\/\/fisyosgarnacho.com\/eu\/osteopatia\/\",\"name\":\"Osteopatia - Fisyos Garnacho. Fisioterapia, entrenamiento y nutrici\u00f3n en Barakaldo\",\"isPartOf\":{\"@id\":\"https:\/\/fisyosgarnacho.com\/eu\/#website\"},\"primaryImageOfPage\":{\"@id\":\"https:\/\/fisyosgarnacho.com\/eu\/osteopatia\/#primaryimage\"},\"image\":{\"@id\":\"https:\/\/fisyosgarnacho.com\/eu\/osteopatia\/#primaryimage\"},\"thumbnailUrl\":\"https:\/\/clientes-fisyos.laukoa-studio.com\/wp-content\/uploads\/2019\/11\/OSTEOPATIA-1024x538.jpg\",\"datePublished\":\"2019-10-22T11:30:49+00:00\",\"dateModified\":\"2024-06-25T10:56:46+00:00\",\"description\":\"Fisioterapia eta osteopatia klinika Barakaldon (Bizkaia). Fisioterapeutak eta osteopatak Barakaldon.\",\"breadcrumb\":{\"@id\":\"https:\/\/fisyosgarnacho.com\/eu\/osteopatia\/#breadcrumb\"},\"inLanguage\":\"eu-ES\",\"potentialAction\":[{\"@type\":\"ReadAction\",\"target\":[\"https:\/\/fisyosgarnacho.com\/eu\/osteopatia\/\"]}]},{\"@type\":\"ImageObject\",\"inLanguage\":\"eu-ES\",\"@id\":\"https:\/\/fisyosgarnacho.com\/eu\/osteopatia\/#primaryimage\",\"url\":\"https:\/\/clientes-fisyos.laukoa-studio.com\/wp-content\/uploads\/2019\/11\/OSTEOPATIA-1024x538.jpg\",\"contentUrl\":\"https:\/\/clientes-fisyos.laukoa-studio.com\/wp-content\/uploads\/2019\/11\/OSTEOPATIA-1024x538.jpg\"},{\"@type\":\"BreadcrumbList\",\"@id\":\"https:\/\/fisyosgarnacho.com\/eu\/osteopatia\/#breadcrumb\",\"itemListElement\":[{\"@type\":\"ListItem\",\"position\":1,\"name\":\"Portada\",\"item\":\"https:\/\/fisyosgarnacho.com\/eu\/hasiera\/\"},{\"@type\":\"ListItem\",\"position\":2,\"name\":\"Osteopatia\"}]},{\"@type\":\"WebSite\",\"@id\":\"https:\/\/fisyosgarnacho.com\/eu\/#website\",\"url\":\"https:\/\/fisyosgarnacho.com\/eu\/\",\"name\":\"Fisyos Garnacho. Fisioterapia, entrenamiento y nutrici\u00f3n en Barakaldo\",\"description\":\"Cl\u00ednica de fisioterapia, entrenamiento y nutrici\u00f3n en Barakaldo, Bizkaia. Fisioterapeutas y osteopatas en Baracaldo.\",\"publisher\":{\"@id\":\"https:\/\/fisyosgarnacho.com\/eu\/#organization\"},\"potentialAction\":[{\"@type\":\"SearchAction\",\"target\":{\"@type\":\"EntryPoint\",\"urlTemplate\":\"https:\/\/fisyosgarnacho.com\/eu\/?s={search_term_string}\"},\"query-input\":{\"@type\":\"PropertyValueSpecification\",\"valueRequired\":true,\"valueName\":\"search_term_string\"}}],\"inLanguage\":\"eu-ES\"},{\"@type\":\"Organization\",\"@id\":\"https:\/\/fisyosgarnacho.com\/eu\/#organization\",\"name\":\"Fisyos Garnacho\",\"url\":\"https:\/\/fisyosgarnacho.com\/eu\/\",\"logo\":{\"@type\":\"ImageObject\",\"inLanguage\":\"eu-ES\",\"@id\":\"https:\/\/fisyosgarnacho.com\/eu\/#\/schema\/logo\/image\/\",\"url\":\"https:\/\/fisyosgarnacho.com\/wp-content\/uploads\/2024\/11\/logo-fisyos-garnacho.png\",\"contentUrl\":\"https:\/\/fisyosgarnacho.com\/wp-content\/uploads\/2024\/11\/logo-fisyos-garnacho.png\",\"width\":750,\"height\":300,\"caption\":\"Fisyos Garnacho\"},\"image\":{\"@id\":\"https:\/\/fisyosgarnacho.com\/eu\/#\/schema\/logo\/image\/\"},\"sameAs\":[\"https:\/\/www.facebook.com\/Fisyosgarnacho\/\",\"https:\/\/www.instagram.com\/fisyos_garnacho\/?hl=es\",\"https:\/\/www.linkedin.com\/in\/carla-garnacho-ortiz-a09806b1\/\"]}]}<\/script>\n<!-- \/ Yoast SEO plugin. -->","yoast_head_json":{"title":"Osteopatia - Fisyos Garnacho. Fisioterapia, entrenamiento y nutrici\u00f3n en Barakaldo","description":"Fisioterapia eta osteopatia klinika Barakaldon (Bizkaia). Fisioterapeutak eta osteopatak Barakaldon.","robots":{"index":"index","follow":"follow","max-snippet":"max-snippet:-1","max-image-preview":"max-image-preview:large","max-video-preview":"max-video-preview:-1"},"canonical":"https:\/\/fisyosgarnacho.com\/eu\/osteopatia\/","og_locale":"eu_ES","og_type":"article","og_title":"Osteopatia - Fisyos Garnacho. Fisioterapia, entrenamiento y nutrici\u00f3n en Barakaldo","og_description":"Fisioterapia eta osteopatia klinika Barakaldon (Bizkaia). Fisioterapeutak eta osteopatak Barakaldon.","og_url":"https:\/\/fisyosgarnacho.com\/eu\/osteopatia\/","og_site_name":"Fisyos Garnacho. Fisioterapia, entrenamiento y nutrici\u00f3n en Barakaldo","article_publisher":"https:\/\/www.facebook.com\/Fisyosgarnacho\/","article_modified_time":"2024-06-25T10:56:46+00:00","og_image":[{"url":"https:\/\/clientes-fisyos.laukoa-studio.com\/wp-content\/uploads\/2019\/11\/OSTEOPATIA-1024x538.jpg","type":"","width":"","height":""}],"twitter_card":"summary_large_image","twitter_misc":{"Est. reading time":"2 minutes"},"schema":{"@context":"https:\/\/schema.org","@graph":[{"@type":"WebPage","@id":"https:\/\/fisyosgarnacho.com\/eu\/osteopatia\/","url":"https:\/\/fisyosgarnacho.com\/eu\/osteopatia\/","name":"Osteopatia - Fisyos Garnacho. Fisioterapia, entrenamiento y nutrici\u00f3n en Barakaldo","isPartOf":{"@id":"https:\/\/fisyosgarnacho.com\/eu\/#website"},"primaryImageOfPage":{"@id":"https:\/\/fisyosgarnacho.com\/eu\/osteopatia\/#primaryimage"},"image":{"@id":"https:\/\/fisyosgarnacho.com\/eu\/osteopatia\/#primaryimage"},"thumbnailUrl":"https:\/\/clientes-fisyos.laukoa-studio.com\/wp-content\/uploads\/2019\/11\/OSTEOPATIA-1024x538.jpg","datePublished":"2019-10-22T11:30:49+00:00","dateModified":"2024-06-25T10:56:46+00:00","description":"Fisioterapia eta osteopatia klinika Barakaldon (Bizkaia). Fisioterapeutak eta osteopatak Barakaldon.","breadcrumb":{"@id":"https:\/\/fisyosgarnacho.com\/eu\/osteopatia\/#breadcrumb"},"inLanguage":"eu-ES","potentialAction":[{"@type":"ReadAction","target":["https:\/\/fisyosgarnacho.com\/eu\/osteopatia\/"]}]},{"@type":"ImageObject","inLanguage":"eu-ES","@id":"https:\/\/fisyosgarnacho.com\/eu\/osteopatia\/#primaryimage","url":"https:\/\/clientes-fisyos.laukoa-studio.com\/wp-content\/uploads\/2019\/11\/OSTEOPATIA-1024x538.jpg","contentUrl":"https:\/\/clientes-fisyos.laukoa-studio.com\/wp-content\/uploads\/2019\/11\/OSTEOPATIA-1024x538.jpg"},{"@type":"BreadcrumbList","@id":"https:\/\/fisyosgarnacho.com\/eu\/osteopatia\/#breadcrumb","itemListElement":[{"@type":"ListItem","position":1,"name":"Portada","item":"https:\/\/fisyosgarnacho.com\/eu\/hasiera\/"},{"@type":"ListItem","position":2,"name":"Osteopatia"}]},{"@type":"WebSite","@id":"https:\/\/fisyosgarnacho.com\/eu\/#website","url":"https:\/\/fisyosgarnacho.com\/eu\/","name":"Fisyos Garnacho. Fisioterapia, entrenamiento y nutrici\u00f3n en Barakaldo","description":"Cl\u00ednica de fisioterapia, entrenamiento y nutrici\u00f3n en Barakaldo, Bizkaia. Fisioterapeutas y osteopatas en Baracaldo.","publisher":{"@id":"https:\/\/fisyosgarnacho.com\/eu\/#organization"},"potentialAction":[{"@type":"SearchAction","target":{"@type":"EntryPoint","urlTemplate":"https:\/\/fisyosgarnacho.com\/eu\/?s={search_term_string}"},"query-input":{"@type":"PropertyValueSpecification","valueRequired":true,"valueName":"search_term_string"}}],"inLanguage":"eu-ES"},{"@type":"Organization","@id":"https:\/\/fisyosgarnacho.com\/eu\/#organization","name":"Fisyos Garnacho","url":"https:\/\/fisyosgarnacho.com\/eu\/","logo":{"@type":"ImageObject","inLanguage":"eu-ES","@id":"https:\/\/fisyosgarnacho.com\/eu\/#\/schema\/logo\/image\/","url":"https:\/\/fisyosgarnacho.com\/wp-content\/uploads\/2024\/11\/logo-fisyos-garnacho.png","contentUrl":"https:\/\/fisyosgarnacho.com\/wp-content\/uploads\/2024\/11\/logo-fisyos-garnacho.png","width":750,"height":300,"caption":"Fisyos Garnacho"},"image":{"@id":"https:\/\/fisyosgarnacho.com\/eu\/#\/schema\/logo\/image\/"},"sameAs":["https:\/\/www.facebook.com\/Fisyosgarnacho\/","https:\/\/www.instagram.com\/fisyos_garnacho\/?hl=es","https:\/\/www.linkedin.com\/in\/carla-garnacho-ortiz-a09806b1\/"]}]}},"_links":{"self":[{"href":"https:\/\/fisyosgarnacho.com\/eu\/wp-json\/wp\/v2\/pages\/2918","targetHints":{"allow":["GET"]}}],"collection":[{"href":"https:\/\/fisyosgarnacho.com\/eu\/wp-json\/wp\/v2\/pages"}],"about":[{"href":"https:\/\/fisyosgarnacho.com\/eu\/wp-json\/wp\/v2\/types\/page"}],"author":[{"embeddable":true,"href":"https:\/\/fisyosgarnacho.com\/eu\/wp-json\/wp\/v2\/users\/1"}],"replies":[{"embeddable":true,"href":"https:\/\/fisyosgarnacho.com\/eu\/wp-json\/wp\/v2\/comments?post=2918"}],"version-history":[{"count":1,"href":"https:\/\/fisyosgarnacho.com\/eu\/wp-json\/wp\/v2\/pages\/2918\/revisions"}],"predecessor-version":[{"id":2919,"href":"https:\/\/fisyosgarnacho.com\/eu\/wp-json\/wp\/v2\/pages\/2918\/revisions\/2919"}],"wp:attachment":[{"href":"https:\/\/fisyosgarnacho.com\/eu\/wp-json\/wp\/v2\/media?parent=2918"}],"curies":[{"name":"wp","href":"https:\/\/api.w.org\/{rel}","templated":true}]}}