{"id":2920,"date":"2024-06-06T12:45:47","date_gmt":"2024-06-06T10:45:47","guid":{"rendered":"https:\/\/clientes-fisyos.laukoa-studio.com\/eskuzko-drainatze-linfatikoa\/"},"modified":"2024-06-25T12:59:08","modified_gmt":"2024-06-25T10:59:08","slug":"eskuzko-drainatze-linfatikoa","status":"publish","type":"page","link":"https:\/\/fisyosgarnacho.com\/eu\/eskuzko-drainatze-linfatikoa\/","title":{"rendered":"Eskuzko drainatze linfatikoa"},"content":{"rendered":"\n<p>Eskuzko teknika bat da, eta, gongoilen eta linfa-hodien automatismoa estimulatuz, zirkulazio linfatikoa aktibatzen eta errazten duten manipulazioak egiten dira, organismoko ehun desberdinetan gehiegizko likido interstiziala kanporatzea erraztuz. Likidoa drainatzen laguntzeaz gain, edema linfatikoen proteinak ere drainatzen ditu, eta, oraingoz, ezin dira beste teknika instrumental mekaniko edo elektriko batzuekin kanporatu edo drainatu.<\/p>\n\n<p>Pazienteak edema edo linfedema bat duenean, <strong>\u201cfisioterapia deskongestibo konplexuko\u201d<\/strong> tratamendua egin behar da, hau da, drainatze linfatikoaz gain emaitzak lortzeko, beste alderdi batzuk ere sartuko ditugu, hala nola: <\/p>\n\n<p>Presoterapia: atal likidoa bakarrik ebakuatzen lagunduko du, eta ez proteina.<\/p>\n\n<p>Geruza anitzeko bendajeak, eskuzko drainatze linfatikoaren onuren iraupena luzatzeko.<\/p>\n\n<p>Larruazalaren sendaketak<\/p>\n\n<p>Edukiontzi pertsonalizatuak, edema egonkortu ondoren.<\/p>\n\n<p>Ariketa fisikoa.<\/p>\n\n<p>Prebentzioa.<\/p>\n\n<p>Elikadura. Hainbat isuri-mota daude. Fisyos klinikan, gure espezialistek Vodder doktorearen eta Leduc doktorearen teknikak erabiltzen dituzte, tratamendu ezin hobea egiteko.<br\/><\/p>\n<div class=\"wp-block-image\">\n<figure class=\"aligncenter size-full\"><img loading=\"lazy\" decoding=\"async\" width=\"600\" height=\"400\" src=\"https:\/\/clientes-fisyos.laukoa-studio.com\/wp-content\/uploads\/2024\/06\/osteopatia-visceral.jpg\" alt=\"\" class=\"wp-image-2555\" srcset=\"https:\/\/fisyosgarnacho.com\/wp-content\/uploads\/2024\/06\/osteopatia-visceral.jpg 600w, https:\/\/fisyosgarnacho.com\/wp-content\/uploads\/2024\/06\/osteopatia-visceral-300x200.jpg 300w\" sizes=\"auto, (max-width: 600px) 100vw, 600px\" \/><\/figure>\n<\/div>","protected":false},"excerpt":{"rendered":"<p>Eskuzko teknika bat da, eta, gongoilen eta linfa-hodien automatismoa estimulatuz, zirkulazio linfatikoa aktibatzen eta errazten duten manipulazioak egiten dira, organismoko ehun desberdinetan gehiegizko likido interstiziala kanporatzea erraztuz. Likidoa drainatzen laguntzeaz gain, edema linfatikoen proteinak ere drainatzen ditu, eta, oraingoz, ezin dira beste teknika instrumental mekaniko edo elektriko batzuekin kanporatu edo drainatu. Pazienteak edema edo linfedema [&hellip;]<\/p>\n","protected":false},"author":1,"featured_media":0,"parent":0,"menu_order":18,"comment_status":"closed","ping_status":"closed","template":"","meta":{"footnotes":""},"class_list":["post-2920","page","type-page","status-publish","hentry"],"yoast_head":"<!-- This site is optimized with the Yoast SEO plugin v26.8 - https:\/\/yoast.com\/product\/yoast-seo-wordpress\/ -->\n<title>Eskuzko drainatze linfatikoa - Fisyos Garnacho. Fisioterapia, entrenamiento y nutrici\u00f3n en Barakaldo<\/title>\n<meta name=\"robots\" content=\"index, follow, max-snippet:-1, max-image-preview:large, max-video-preview:-1\" \/>\n<link rel=\"canonical\" href=\"https:\/\/fisyosgarnacho.com\/eu\/eskuzko-drainatze-linfatikoa\/\" \/>\n<meta property=\"og:locale\" content=\"eu_ES\" \/>\n<meta property=\"og:type\" content=\"article\" \/>\n<meta property=\"og:title\" content=\"Eskuzko drainatze linfatikoa - Fisyos Garnacho. Fisioterapia, entrenamiento y nutrici\u00f3n en Barakaldo\" \/>\n<meta property=\"og:description\" content=\"Eskuzko teknika bat da, eta, gongoilen eta linfa-hodien automatismoa estimulatuz, zirkulazio linfatikoa aktibatzen eta errazten duten manipulazioak egiten dira, organismoko ehun desberdinetan gehiegizko likido interstiziala kanporatzea erraztuz. Likidoa drainatzen laguntzeaz gain, edema linfatikoen proteinak ere drainatzen ditu, eta, oraingoz, ezin dira beste teknika instrumental mekaniko edo elektriko batzuekin kanporatu edo drainatu. Pazienteak edema edo linfedema [&hellip;]\" \/>\n<meta property=\"og:url\" content=\"https:\/\/fisyosgarnacho.com\/eu\/eskuzko-drainatze-linfatikoa\/\" \/>\n<meta property=\"og:site_name\" content=\"Fisyos Garnacho. Fisioterapia, entrenamiento y nutrici\u00f3n en Barakaldo\" \/>\n<meta property=\"article:publisher\" content=\"https:\/\/www.facebook.com\/Fisyosgarnacho\/\" \/>\n<meta property=\"article:modified_time\" content=\"2024-06-25T10:59:08+00:00\" \/>\n<meta property=\"og:image\" content=\"https:\/\/clientes-fisyos.laukoa-studio.com\/wp-content\/uploads\/2024\/06\/osteopatia-visceral.jpg\" \/>\n<meta name=\"twitter:card\" content=\"summary_large_image\" \/>\n<meta name=\"twitter:label1\" content=\"Est. reading time\" \/>\n\t<meta name=\"twitter:data1\" content=\"1 minute\" \/>\n<script type=\"application\/ld+json\" class=\"yoast-schema-graph\">{\"@context\":\"https:\/\/schema.org\",\"@graph\":[{\"@type\":\"WebPage\",\"@id\":\"https:\/\/fisyosgarnacho.com\/eu\/eskuzko-drainatze-linfatikoa\/\",\"url\":\"https:\/\/fisyosgarnacho.com\/eu\/eskuzko-drainatze-linfatikoa\/\",\"name\":\"Eskuzko drainatze linfatikoa - Fisyos Garnacho. Fisioterapia, entrenamiento y nutrici\u00f3n en Barakaldo\",\"isPartOf\":{\"@id\":\"https:\/\/fisyosgarnacho.com\/eu\/#website\"},\"primaryImageOfPage\":{\"@id\":\"https:\/\/fisyosgarnacho.com\/eu\/eskuzko-drainatze-linfatikoa\/#primaryimage\"},\"image\":{\"@id\":\"https:\/\/fisyosgarnacho.com\/eu\/eskuzko-drainatze-linfatikoa\/#primaryimage\"},\"thumbnailUrl\":\"https:\/\/clientes-fisyos.laukoa-studio.com\/wp-content\/uploads\/2024\/06\/osteopatia-visceral.jpg\",\"datePublished\":\"2024-06-06T10:45:47+00:00\",\"dateModified\":\"2024-06-25T10:59:08+00:00\",\"breadcrumb\":{\"@id\":\"https:\/\/fisyosgarnacho.com\/eu\/eskuzko-drainatze-linfatikoa\/#breadcrumb\"},\"inLanguage\":\"eu-ES\",\"potentialAction\":[{\"@type\":\"ReadAction\",\"target\":[\"https:\/\/fisyosgarnacho.com\/eu\/eskuzko-drainatze-linfatikoa\/\"]}]},{\"@type\":\"ImageObject\",\"inLanguage\":\"eu-ES\",\"@id\":\"https:\/\/fisyosgarnacho.com\/eu\/eskuzko-drainatze-linfatikoa\/#primaryimage\",\"url\":\"https:\/\/clientes-fisyos.laukoa-studio.com\/wp-content\/uploads\/2024\/06\/osteopatia-visceral.jpg\",\"contentUrl\":\"https:\/\/clientes-fisyos.laukoa-studio.com\/wp-content\/uploads\/2024\/06\/osteopatia-visceral.jpg\"},{\"@type\":\"BreadcrumbList\",\"@id\":\"https:\/\/fisyosgarnacho.com\/eu\/eskuzko-drainatze-linfatikoa\/#breadcrumb\",\"itemListElement\":[{\"@type\":\"ListItem\",\"position\":1,\"name\":\"Portada\",\"item\":\"https:\/\/fisyosgarnacho.com\/eu\/hasiera\/\"},{\"@type\":\"ListItem\",\"position\":2,\"name\":\"Eskuzko drainatze linfatikoa\"}]},{\"@type\":\"WebSite\",\"@id\":\"https:\/\/fisyosgarnacho.com\/eu\/#website\",\"url\":\"https:\/\/fisyosgarnacho.com\/eu\/\",\"name\":\"Fisyos Garnacho. Fisioterapia, entrenamiento y nutrici\u00f3n en Barakaldo\",\"description\":\"Cl\u00ednica de fisioterapia, entrenamiento y nutrici\u00f3n en Barakaldo, Bizkaia. Fisioterapeutas y osteopatas en Baracaldo.\",\"publisher\":{\"@id\":\"https:\/\/fisyosgarnacho.com\/eu\/#organization\"},\"potentialAction\":[{\"@type\":\"SearchAction\",\"target\":{\"@type\":\"EntryPoint\",\"urlTemplate\":\"https:\/\/fisyosgarnacho.com\/eu\/?s={search_term_string}\"},\"query-input\":{\"@type\":\"PropertyValueSpecification\",\"valueRequired\":true,\"valueName\":\"search_term_string\"}}],\"inLanguage\":\"eu-ES\"},{\"@type\":\"Organization\",\"@id\":\"https:\/\/fisyosgarnacho.com\/eu\/#organization\",\"name\":\"Fisyos Garnacho\",\"url\":\"https:\/\/fisyosgarnacho.com\/eu\/\",\"logo\":{\"@type\":\"ImageObject\",\"inLanguage\":\"eu-ES\",\"@id\":\"https:\/\/fisyosgarnacho.com\/eu\/#\/schema\/logo\/image\/\",\"url\":\"https:\/\/fisyosgarnacho.com\/wp-content\/uploads\/2024\/11\/logo-fisyos-garnacho.png\",\"contentUrl\":\"https:\/\/fisyosgarnacho.com\/wp-content\/uploads\/2024\/11\/logo-fisyos-garnacho.png\",\"width\":750,\"height\":300,\"caption\":\"Fisyos Garnacho\"},\"image\":{\"@id\":\"https:\/\/fisyosgarnacho.com\/eu\/#\/schema\/logo\/image\/\"},\"sameAs\":[\"https:\/\/www.facebook.com\/Fisyosgarnacho\/\",\"https:\/\/www.instagram.com\/fisyos_garnacho\/?hl=es\",\"https:\/\/www.linkedin.com\/in\/carla-garnacho-ortiz-a09806b1\/\"]}]}<\/script>\n<!-- \/ Yoast SEO plugin. -->","yoast_head_json":{"title":"Eskuzko drainatze linfatikoa - Fisyos Garnacho. Fisioterapia, entrenamiento y nutrici\u00f3n en Barakaldo","robots":{"index":"index","follow":"follow","max-snippet":"max-snippet:-1","max-image-preview":"max-image-preview:large","max-video-preview":"max-video-preview:-1"},"canonical":"https:\/\/fisyosgarnacho.com\/eu\/eskuzko-drainatze-linfatikoa\/","og_locale":"eu_ES","og_type":"article","og_title":"Eskuzko drainatze linfatikoa - Fisyos Garnacho. Fisioterapia, entrenamiento y nutrici\u00f3n en Barakaldo","og_description":"Eskuzko teknika bat da, eta, gongoilen eta linfa-hodien automatismoa estimulatuz, zirkulazio linfatikoa aktibatzen eta errazten duten manipulazioak egiten dira, organismoko ehun desberdinetan gehiegizko likido interstiziala kanporatzea erraztuz. Likidoa drainatzen laguntzeaz gain, edema linfatikoen proteinak ere drainatzen ditu, eta, oraingoz, ezin dira beste teknika instrumental mekaniko edo elektriko batzuekin kanporatu edo drainatu. Pazienteak edema edo linfedema [&hellip;]","og_url":"https:\/\/fisyosgarnacho.com\/eu\/eskuzko-drainatze-linfatikoa\/","og_site_name":"Fisyos Garnacho. Fisioterapia, entrenamiento y nutrici\u00f3n en Barakaldo","article_publisher":"https:\/\/www.facebook.com\/Fisyosgarnacho\/","article_modified_time":"2024-06-25T10:59:08+00:00","og_image":[{"url":"https:\/\/clientes-fisyos.laukoa-studio.com\/wp-content\/uploads\/2024\/06\/osteopatia-visceral.jpg","type":"","width":"","height":""}],"twitter_card":"summary_large_image","twitter_misc":{"Est. reading time":"1 minute"},"schema":{"@context":"https:\/\/schema.org","@graph":[{"@type":"WebPage","@id":"https:\/\/fisyosgarnacho.com\/eu\/eskuzko-drainatze-linfatikoa\/","url":"https:\/\/fisyosgarnacho.com\/eu\/eskuzko-drainatze-linfatikoa\/","name":"Eskuzko drainatze linfatikoa - Fisyos Garnacho. Fisioterapia, entrenamiento y nutrici\u00f3n en Barakaldo","isPartOf":{"@id":"https:\/\/fisyosgarnacho.com\/eu\/#website"},"primaryImageOfPage":{"@id":"https:\/\/fisyosgarnacho.com\/eu\/eskuzko-drainatze-linfatikoa\/#primaryimage"},"image":{"@id":"https:\/\/fisyosgarnacho.com\/eu\/eskuzko-drainatze-linfatikoa\/#primaryimage"},"thumbnailUrl":"https:\/\/clientes-fisyos.laukoa-studio.com\/wp-content\/uploads\/2024\/06\/osteopatia-visceral.jpg","datePublished":"2024-06-06T10:45:47+00:00","dateModified":"2024-06-25T10:59:08+00:00","breadcrumb":{"@id":"https:\/\/fisyosgarnacho.com\/eu\/eskuzko-drainatze-linfatikoa\/#breadcrumb"},"inLanguage":"eu-ES","potentialAction":[{"@type":"ReadAction","target":["https:\/\/fisyosgarnacho.com\/eu\/eskuzko-drainatze-linfatikoa\/"]}]},{"@type":"ImageObject","inLanguage":"eu-ES","@id":"https:\/\/fisyosgarnacho.com\/eu\/eskuzko-drainatze-linfatikoa\/#primaryimage","url":"https:\/\/clientes-fisyos.laukoa-studio.com\/wp-content\/uploads\/2024\/06\/osteopatia-visceral.jpg","contentUrl":"https:\/\/clientes-fisyos.laukoa-studio.com\/wp-content\/uploads\/2024\/06\/osteopatia-visceral.jpg"},{"@type":"BreadcrumbList","@id":"https:\/\/fisyosgarnacho.com\/eu\/eskuzko-drainatze-linfatikoa\/#breadcrumb","itemListElement":[{"@type":"ListItem","position":1,"name":"Portada","item":"https:\/\/fisyosgarnacho.com\/eu\/hasiera\/"},{"@type":"ListItem","position":2,"name":"Eskuzko drainatze linfatikoa"}]},{"@type":"WebSite","@id":"https:\/\/fisyosgarnacho.com\/eu\/#website","url":"https:\/\/fisyosgarnacho.com\/eu\/","name":"Fisyos Garnacho. Fisioterapia, entrenamiento y nutrici\u00f3n en Barakaldo","description":"Cl\u00ednica de fisioterapia, entrenamiento y nutrici\u00f3n en Barakaldo, Bizkaia. Fisioterapeutas y osteopatas en Baracaldo.","publisher":{"@id":"https:\/\/fisyosgarnacho.com\/eu\/#organization"},"potentialAction":[{"@type":"SearchAction","target":{"@type":"EntryPoint","urlTemplate":"https:\/\/fisyosgarnacho.com\/eu\/?s={search_term_string}"},"query-input":{"@type":"PropertyValueSpecification","valueRequired":true,"valueName":"search_term_string"}}],"inLanguage":"eu-ES"},{"@type":"Organization","@id":"https:\/\/fisyosgarnacho.com\/eu\/#organization","name":"Fisyos Garnacho","url":"https:\/\/fisyosgarnacho.com\/eu\/","logo":{"@type":"ImageObject","inLanguage":"eu-ES","@id":"https:\/\/fisyosgarnacho.com\/eu\/#\/schema\/logo\/image\/","url":"https:\/\/fisyosgarnacho.com\/wp-content\/uploads\/2024\/11\/logo-fisyos-garnacho.png","contentUrl":"https:\/\/fisyosgarnacho.com\/wp-content\/uploads\/2024\/11\/logo-fisyos-garnacho.png","width":750,"height":300,"caption":"Fisyos Garnacho"},"image":{"@id":"https:\/\/fisyosgarnacho.com\/eu\/#\/schema\/logo\/image\/"},"sameAs":["https:\/\/www.facebook.com\/Fisyosgarnacho\/","https:\/\/www.instagram.com\/fisyos_garnacho\/?hl=es","https:\/\/www.linkedin.com\/in\/carla-garnacho-ortiz-a09806b1\/"]}]}},"_links":{"self":[{"href":"https:\/\/fisyosgarnacho.com\/eu\/wp-json\/wp\/v2\/pages\/2920","targetHints":{"allow":["GET"]}}],"collection":[{"href":"https:\/\/fisyosgarnacho.com\/eu\/wp-json\/wp\/v2\/pages"}],"about":[{"href":"https:\/\/fisyosgarnacho.com\/eu\/wp-json\/wp\/v2\/types\/page"}],"author":[{"embeddable":true,"href":"https:\/\/fisyosgarnacho.com\/eu\/wp-json\/wp\/v2\/users\/1"}],"replies":[{"embeddable":true,"href":"https:\/\/fisyosgarnacho.com\/eu\/wp-json\/wp\/v2\/comments?post=2920"}],"version-history":[{"count":1,"href":"https:\/\/fisyosgarnacho.com\/eu\/wp-json\/wp\/v2\/pages\/2920\/revisions"}],"predecessor-version":[{"id":2921,"href":"https:\/\/fisyosgarnacho.com\/eu\/wp-json\/wp\/v2\/pages\/2920\/revisions\/2921"}],"wp:attachment":[{"href":"https:\/\/fisyosgarnacho.com\/eu\/wp-json\/wp\/v2\/media?parent=2920"}],"curies":[{"name":"wp","href":"https:\/\/api.w.org\/{rel}","templated":true}]}}