{"id":2932,"date":"2024-06-06T12:59:01","date_gmt":"2024-06-06T10:59:01","guid":{"rendered":"https:\/\/clientes-fisyos.laukoa-studio.com\/onkologikoa\/"},"modified":"2024-06-25T14:16:19","modified_gmt":"2024-06-25T12:16:19","slug":"onkologikoa","status":"publish","type":"page","link":"https:\/\/fisyosgarnacho.com\/eu\/onkologikoa\/","title":{"rendered":"Onkologikoa"},"content":{"rendered":"\n<p>Entrenamendua hau mimbiziarekin dauden pertsonaei zuzenduta dago. Honek lagunduko die haien gorputzaren funtzionamendua eta egoera psikozoziala laguntzen, ariketa seguru eta kontraluen bitartez.<\/p>\n\n<p>dago oso argi<strong>,<\/strong> baian ikerketa batzuen ustez ariketa fisikoa kimioterapiak eragiten dituen toxisitate guztiak areagotzen du. Badaude ikertzen ere,<strong> <\/strong>ea ariketa fisikoak gaixotasunaren errepikapenak zahiesten dituen edota mimbizia gainditzen laguntzen duen.<br\/><\/p>\n<div class=\"wp-block-image\">\n<figure class=\"aligncenter size-full\"><img loading=\"lazy\" decoding=\"async\" width=\"400\" height=\"600\" src=\"https:\/\/clientes-fisyos.laukoa-studio.com\/wp-content\/uploads\/2024\/06\/entrenamiento-oncologico.jpg\" alt=\"\" class=\"wp-image-2567\" srcset=\"https:\/\/fisyosgarnacho.com\/wp-content\/uploads\/2024\/06\/entrenamiento-oncologico.jpg 400w, https:\/\/fisyosgarnacho.com\/wp-content\/uploads\/2024\/06\/entrenamiento-oncologico-200x300.jpg 200w, https:\/\/fisyosgarnacho.com\/wp-content\/uploads\/2024\/06\/entrenamiento-oncologico-393x590.jpg 393w\" sizes=\"auto, (max-width: 400px) 100vw, 400px\" \/><\/figure>\n<\/div>","protected":false},"excerpt":{"rendered":"<p>Entrenamendua hau mimbiziarekin dauden pertsonaei zuzenduta dago. Honek lagunduko die haien gorputzaren funtzionamendua eta egoera psikozoziala laguntzen, ariketa seguru eta kontraluen bitartez. dago oso argi, baian ikerketa batzuen ustez ariketa fisikoa kimioterapiak eragiten dituen toxisitate guztiak areagotzen du. Badaude ikertzen ere, ea ariketa fisikoak gaixotasunaren errepikapenak zahiesten dituen edota mimbizia gainditzen laguntzen duen.<\/p>\n","protected":false},"author":1,"featured_media":0,"parent":0,"menu_order":0,"comment_status":"closed","ping_status":"closed","template":"","meta":{"footnotes":""},"class_list":["post-2932","page","type-page","status-publish","hentry"],"yoast_head":"<!-- This site is optimized with the Yoast SEO plugin v26.8 - https:\/\/yoast.com\/product\/yoast-seo-wordpress\/ -->\n<title>Onkologikoa - Fisyos Garnacho. Fisioterapia, entrenamiento y nutrici\u00f3n en Barakaldo<\/title>\n<meta name=\"robots\" content=\"index, follow, max-snippet:-1, max-image-preview:large, max-video-preview:-1\" \/>\n<link rel=\"canonical\" href=\"https:\/\/fisyosgarnacho.com\/eu\/onkologikoa\/\" \/>\n<meta property=\"og:locale\" content=\"eu_ES\" \/>\n<meta property=\"og:type\" content=\"article\" \/>\n<meta property=\"og:title\" content=\"Onkologikoa - Fisyos Garnacho. Fisioterapia, entrenamiento y nutrici\u00f3n en Barakaldo\" \/>\n<meta property=\"og:description\" content=\"Entrenamendua hau mimbiziarekin dauden pertsonaei zuzenduta dago. Honek lagunduko die haien gorputzaren funtzionamendua eta egoera psikozoziala laguntzen, ariketa seguru eta kontraluen bitartez. dago oso argi, baian ikerketa batzuen ustez ariketa fisikoa kimioterapiak eragiten dituen toxisitate guztiak areagotzen du. Badaude ikertzen ere, ea ariketa fisikoak gaixotasunaren errepikapenak zahiesten dituen edota mimbizia gainditzen laguntzen duen.\" \/>\n<meta property=\"og:url\" content=\"https:\/\/fisyosgarnacho.com\/eu\/onkologikoa\/\" \/>\n<meta property=\"og:site_name\" content=\"Fisyos Garnacho. Fisioterapia, entrenamiento y nutrici\u00f3n en Barakaldo\" \/>\n<meta property=\"article:publisher\" content=\"https:\/\/www.facebook.com\/Fisyosgarnacho\/\" \/>\n<meta property=\"article:modified_time\" content=\"2024-06-25T12:16:19+00:00\" \/>\n<meta property=\"og:image\" content=\"https:\/\/clientes-fisyos.laukoa-studio.com\/wp-content\/uploads\/2024\/06\/entrenamiento-oncologico.jpg\" \/>\n<meta name=\"twitter:card\" content=\"summary_large_image\" \/>\n<script type=\"application\/ld+json\" class=\"yoast-schema-graph\">{\"@context\":\"https:\/\/schema.org\",\"@graph\":[{\"@type\":\"WebPage\",\"@id\":\"https:\/\/fisyosgarnacho.com\/eu\/onkologikoa\/\",\"url\":\"https:\/\/fisyosgarnacho.com\/eu\/onkologikoa\/\",\"name\":\"Onkologikoa - Fisyos Garnacho. Fisioterapia, entrenamiento y nutrici\u00f3n en Barakaldo\",\"isPartOf\":{\"@id\":\"https:\/\/fisyosgarnacho.com\/eu\/#website\"},\"primaryImageOfPage\":{\"@id\":\"https:\/\/fisyosgarnacho.com\/eu\/onkologikoa\/#primaryimage\"},\"image\":{\"@id\":\"https:\/\/fisyosgarnacho.com\/eu\/onkologikoa\/#primaryimage\"},\"thumbnailUrl\":\"https:\/\/clientes-fisyos.laukoa-studio.com\/wp-content\/uploads\/2024\/06\/entrenamiento-oncologico.jpg\",\"datePublished\":\"2024-06-06T10:59:01+00:00\",\"dateModified\":\"2024-06-25T12:16:19+00:00\",\"breadcrumb\":{\"@id\":\"https:\/\/fisyosgarnacho.com\/eu\/onkologikoa\/#breadcrumb\"},\"inLanguage\":\"eu-ES\",\"potentialAction\":[{\"@type\":\"ReadAction\",\"target\":[\"https:\/\/fisyosgarnacho.com\/eu\/onkologikoa\/\"]}]},{\"@type\":\"ImageObject\",\"inLanguage\":\"eu-ES\",\"@id\":\"https:\/\/fisyosgarnacho.com\/eu\/onkologikoa\/#primaryimage\",\"url\":\"https:\/\/clientes-fisyos.laukoa-studio.com\/wp-content\/uploads\/2024\/06\/entrenamiento-oncologico.jpg\",\"contentUrl\":\"https:\/\/clientes-fisyos.laukoa-studio.com\/wp-content\/uploads\/2024\/06\/entrenamiento-oncologico.jpg\"},{\"@type\":\"BreadcrumbList\",\"@id\":\"https:\/\/fisyosgarnacho.com\/eu\/onkologikoa\/#breadcrumb\",\"itemListElement\":[{\"@type\":\"ListItem\",\"position\":1,\"name\":\"Portada\",\"item\":\"https:\/\/fisyosgarnacho.com\/eu\/hasiera\/\"},{\"@type\":\"ListItem\",\"position\":2,\"name\":\"Onkologikoa\"}]},{\"@type\":\"WebSite\",\"@id\":\"https:\/\/fisyosgarnacho.com\/eu\/#website\",\"url\":\"https:\/\/fisyosgarnacho.com\/eu\/\",\"name\":\"Fisyos Garnacho. Fisioterapia, entrenamiento y nutrici\u00f3n en Barakaldo\",\"description\":\"Cl\u00ednica de fisioterapia, entrenamiento y nutrici\u00f3n en Barakaldo, Bizkaia. Fisioterapeutas y osteopatas en Baracaldo.\",\"publisher\":{\"@id\":\"https:\/\/fisyosgarnacho.com\/eu\/#organization\"},\"potentialAction\":[{\"@type\":\"SearchAction\",\"target\":{\"@type\":\"EntryPoint\",\"urlTemplate\":\"https:\/\/fisyosgarnacho.com\/eu\/?s={search_term_string}\"},\"query-input\":{\"@type\":\"PropertyValueSpecification\",\"valueRequired\":true,\"valueName\":\"search_term_string\"}}],\"inLanguage\":\"eu-ES\"},{\"@type\":\"Organization\",\"@id\":\"https:\/\/fisyosgarnacho.com\/eu\/#organization\",\"name\":\"Fisyos Garnacho\",\"url\":\"https:\/\/fisyosgarnacho.com\/eu\/\",\"logo\":{\"@type\":\"ImageObject\",\"inLanguage\":\"eu-ES\",\"@id\":\"https:\/\/fisyosgarnacho.com\/eu\/#\/schema\/logo\/image\/\",\"url\":\"https:\/\/fisyosgarnacho.com\/wp-content\/uploads\/2024\/11\/logo-fisyos-garnacho.png\",\"contentUrl\":\"https:\/\/fisyosgarnacho.com\/wp-content\/uploads\/2024\/11\/logo-fisyos-garnacho.png\",\"width\":750,\"height\":300,\"caption\":\"Fisyos Garnacho\"},\"image\":{\"@id\":\"https:\/\/fisyosgarnacho.com\/eu\/#\/schema\/logo\/image\/\"},\"sameAs\":[\"https:\/\/www.facebook.com\/Fisyosgarnacho\/\",\"https:\/\/www.instagram.com\/fisyos_garnacho\/?hl=es\",\"https:\/\/www.linkedin.com\/in\/carla-garnacho-ortiz-a09806b1\/\"]}]}<\/script>\n<!-- \/ Yoast SEO plugin. -->","yoast_head_json":{"title":"Onkologikoa - Fisyos Garnacho. Fisioterapia, entrenamiento y nutrici\u00f3n en Barakaldo","robots":{"index":"index","follow":"follow","max-snippet":"max-snippet:-1","max-image-preview":"max-image-preview:large","max-video-preview":"max-video-preview:-1"},"canonical":"https:\/\/fisyosgarnacho.com\/eu\/onkologikoa\/","og_locale":"eu_ES","og_type":"article","og_title":"Onkologikoa - Fisyos Garnacho. Fisioterapia, entrenamiento y nutrici\u00f3n en Barakaldo","og_description":"Entrenamendua hau mimbiziarekin dauden pertsonaei zuzenduta dago. Honek lagunduko die haien gorputzaren funtzionamendua eta egoera psikozoziala laguntzen, ariketa seguru eta kontraluen bitartez. dago oso argi, baian ikerketa batzuen ustez ariketa fisikoa kimioterapiak eragiten dituen toxisitate guztiak areagotzen du. Badaude ikertzen ere, ea ariketa fisikoak gaixotasunaren errepikapenak zahiesten dituen edota mimbizia gainditzen laguntzen duen.","og_url":"https:\/\/fisyosgarnacho.com\/eu\/onkologikoa\/","og_site_name":"Fisyos Garnacho. Fisioterapia, entrenamiento y nutrici\u00f3n en Barakaldo","article_publisher":"https:\/\/www.facebook.com\/Fisyosgarnacho\/","article_modified_time":"2024-06-25T12:16:19+00:00","og_image":[{"url":"https:\/\/clientes-fisyos.laukoa-studio.com\/wp-content\/uploads\/2024\/06\/entrenamiento-oncologico.jpg","type":"","width":"","height":""}],"twitter_card":"summary_large_image","schema":{"@context":"https:\/\/schema.org","@graph":[{"@type":"WebPage","@id":"https:\/\/fisyosgarnacho.com\/eu\/onkologikoa\/","url":"https:\/\/fisyosgarnacho.com\/eu\/onkologikoa\/","name":"Onkologikoa - Fisyos Garnacho. Fisioterapia, entrenamiento y nutrici\u00f3n en Barakaldo","isPartOf":{"@id":"https:\/\/fisyosgarnacho.com\/eu\/#website"},"primaryImageOfPage":{"@id":"https:\/\/fisyosgarnacho.com\/eu\/onkologikoa\/#primaryimage"},"image":{"@id":"https:\/\/fisyosgarnacho.com\/eu\/onkologikoa\/#primaryimage"},"thumbnailUrl":"https:\/\/clientes-fisyos.laukoa-studio.com\/wp-content\/uploads\/2024\/06\/entrenamiento-oncologico.jpg","datePublished":"2024-06-06T10:59:01+00:00","dateModified":"2024-06-25T12:16:19+00:00","breadcrumb":{"@id":"https:\/\/fisyosgarnacho.com\/eu\/onkologikoa\/#breadcrumb"},"inLanguage":"eu-ES","potentialAction":[{"@type":"ReadAction","target":["https:\/\/fisyosgarnacho.com\/eu\/onkologikoa\/"]}]},{"@type":"ImageObject","inLanguage":"eu-ES","@id":"https:\/\/fisyosgarnacho.com\/eu\/onkologikoa\/#primaryimage","url":"https:\/\/clientes-fisyos.laukoa-studio.com\/wp-content\/uploads\/2024\/06\/entrenamiento-oncologico.jpg","contentUrl":"https:\/\/clientes-fisyos.laukoa-studio.com\/wp-content\/uploads\/2024\/06\/entrenamiento-oncologico.jpg"},{"@type":"BreadcrumbList","@id":"https:\/\/fisyosgarnacho.com\/eu\/onkologikoa\/#breadcrumb","itemListElement":[{"@type":"ListItem","position":1,"name":"Portada","item":"https:\/\/fisyosgarnacho.com\/eu\/hasiera\/"},{"@type":"ListItem","position":2,"name":"Onkologikoa"}]},{"@type":"WebSite","@id":"https:\/\/fisyosgarnacho.com\/eu\/#website","url":"https:\/\/fisyosgarnacho.com\/eu\/","name":"Fisyos Garnacho. Fisioterapia, entrenamiento y nutrici\u00f3n en Barakaldo","description":"Cl\u00ednica de fisioterapia, entrenamiento y nutrici\u00f3n en Barakaldo, Bizkaia. Fisioterapeutas y osteopatas en Baracaldo.","publisher":{"@id":"https:\/\/fisyosgarnacho.com\/eu\/#organization"},"potentialAction":[{"@type":"SearchAction","target":{"@type":"EntryPoint","urlTemplate":"https:\/\/fisyosgarnacho.com\/eu\/?s={search_term_string}"},"query-input":{"@type":"PropertyValueSpecification","valueRequired":true,"valueName":"search_term_string"}}],"inLanguage":"eu-ES"},{"@type":"Organization","@id":"https:\/\/fisyosgarnacho.com\/eu\/#organization","name":"Fisyos Garnacho","url":"https:\/\/fisyosgarnacho.com\/eu\/","logo":{"@type":"ImageObject","inLanguage":"eu-ES","@id":"https:\/\/fisyosgarnacho.com\/eu\/#\/schema\/logo\/image\/","url":"https:\/\/fisyosgarnacho.com\/wp-content\/uploads\/2024\/11\/logo-fisyos-garnacho.png","contentUrl":"https:\/\/fisyosgarnacho.com\/wp-content\/uploads\/2024\/11\/logo-fisyos-garnacho.png","width":750,"height":300,"caption":"Fisyos Garnacho"},"image":{"@id":"https:\/\/fisyosgarnacho.com\/eu\/#\/schema\/logo\/image\/"},"sameAs":["https:\/\/www.facebook.com\/Fisyosgarnacho\/","https:\/\/www.instagram.com\/fisyos_garnacho\/?hl=es","https:\/\/www.linkedin.com\/in\/carla-garnacho-ortiz-a09806b1\/"]}]}},"_links":{"self":[{"href":"https:\/\/fisyosgarnacho.com\/eu\/wp-json\/wp\/v2\/pages\/2932","targetHints":{"allow":["GET"]}}],"collection":[{"href":"https:\/\/fisyosgarnacho.com\/eu\/wp-json\/wp\/v2\/pages"}],"about":[{"href":"https:\/\/fisyosgarnacho.com\/eu\/wp-json\/wp\/v2\/types\/page"}],"author":[{"embeddable":true,"href":"https:\/\/fisyosgarnacho.com\/eu\/wp-json\/wp\/v2\/users\/1"}],"replies":[{"embeddable":true,"href":"https:\/\/fisyosgarnacho.com\/eu\/wp-json\/wp\/v2\/comments?post=2932"}],"version-history":[{"count":1,"href":"https:\/\/fisyosgarnacho.com\/eu\/wp-json\/wp\/v2\/pages\/2932\/revisions"}],"predecessor-version":[{"id":2933,"href":"https:\/\/fisyosgarnacho.com\/eu\/wp-json\/wp\/v2\/pages\/2932\/revisions\/2933"}],"wp:attachment":[{"href":"https:\/\/fisyosgarnacho.com\/eu\/wp-json\/wp\/v2\/media?parent=2932"}],"curies":[{"name":"wp","href":"https:\/\/api.w.org\/{rel}","templated":true}]}}