{"id":3081,"date":"2024-11-12T16:20:05","date_gmt":"2024-11-12T15:20:05","guid":{"rendered":"https:\/\/fisyosgarnacho.com\/nutrizioa\/"},"modified":"2024-11-14T11:19:39","modified_gmt":"2024-11-14T10:19:39","slug":"nutrizioa","status":"publish","type":"page","link":"https:\/\/fisyosgarnacho.com\/eu\/nutrizioa\/","title":{"rendered":"Nutrizioa"},"content":{"rendered":"\n<h2 class=\"wp-block-heading\">Nutrici\u00f3n integral y personalizada<\/h2>\n\n<p>Ofrezcemos una evaluaci\u00f3n completa de tus h\u00e1bitos y necesidades para crear un plan nutricional personalizado.<br\/>Trabajamos con personas de todas las edades, desde beb\u00e9s, ni\u00f1os y adolescentes, hasta adultos y personas mayores.<br\/>Nuestro enfoque no se centra en dietas restrictivas, sino en educarte para que adoptes h\u00e1bitos sostenibles y saludables a largo plazo.<br\/>Juntos, encontraremos la mejor manera de nutrir tu cuerpo sin que sea un sacrificio.<\/p>\n\n<h2 class=\"wp-block-heading\">Nutrici\u00f3n deportiva<\/h2>\n\n<p>Dise\u00f1amos planes nutricionales espec\u00edficos para mejorar tu rendimiento deportivo.<br\/>Podemos ayudarte a tener la energ\u00eda y la nutrici\u00f3n adecuadas para tus entrenamientos y competencias.<br\/>No importa si eres un deportista de alto nivel, o un deportista amateur que se toma muy en serio su pr\u00e1ctica.<br\/>Aplicaremos nuestros conocimientos en nutrici\u00f3n deportiva para que aprendas a alcanzar tu mejor versi\u00f3n.<\/p>\n\n<h2 class=\"wp-block-heading\">Tratamiento de problemas digestivos<\/h2>\n\n<p>Ayudamos a gestionar condiciones como intestino irritable, SIBO y enfermedad de Crohn con dietas espec\u00edficas.<br\/>Nuestro objetivo es simple: aliviar tus s\u00edntomas y mejorar tu calidad de vida a trav\u00e9s de la alimentaci\u00f3n que necesitas.<br\/>Te aseguramos que encontraremos la manera de que te sientas mejor.<\/p>\n\n<h2 class=\"wp-block-heading\">Nutrici\u00f3n femenina<\/h2>\n\n<p>Somos expertas en nutrici\u00f3n femenina.<br\/>Abordamos problemas hormonales, fertilidad, embarazo y posparto.<br\/>Tambi\u00e9n podemoos ayudarte en situaci\u00f3n de perimenopausia; muchas de las mujeres que han pasado por nuestras manos se encuentran en ese periodo de transici\u00f3n.<br\/>Te ofrezcemos asesoramiento nutricional para cada etapa de tu vida, asegur\u00e1ndonos de que recibas los nutrientes que necesitas para sentirte bien y saludable.<\/p>\n\n<p><\/p>\n","protected":false},"excerpt":{"rendered":"<p>Nutrici\u00f3n integral y personalizada Ofrezcemos una evaluaci\u00f3n completa de tus h\u00e1bitos y necesidades para crear un plan nutricional personalizado.Trabajamos con personas de todas las edades, desde beb\u00e9s, ni\u00f1os y adolescentes, hasta adultos y personas mayores.Nuestro enfoque no se centra en dietas restrictivas, sino en educarte para que adoptes h\u00e1bitos sostenibles y saludables a largo plazo.Juntos, [&hellip;]<\/p>\n","protected":false},"author":1,"featured_media":0,"parent":0,"menu_order":0,"comment_status":"closed","ping_status":"closed","template":"","meta":{"footnotes":""},"class_list":["post-3081","page","type-page","status-publish","hentry"],"yoast_head":"<!-- This site is optimized with the Yoast SEO plugin v26.8 - https:\/\/yoast.com\/product\/yoast-seo-wordpress\/ -->\n<title>Nutrizioa - Fisyos Garnacho. Fisioterapia, entrenamiento y nutrici\u00f3n en Barakaldo<\/title>\n<meta name=\"robots\" content=\"index, follow, max-snippet:-1, max-image-preview:large, max-video-preview:-1\" \/>\n<link rel=\"canonical\" href=\"https:\/\/fisyosgarnacho.com\/eu\/nutrizioa\/\" \/>\n<meta property=\"og:locale\" content=\"eu_ES\" \/>\n<meta property=\"og:type\" content=\"article\" \/>\n<meta property=\"og:title\" content=\"Nutrizioa - Fisyos Garnacho. Fisioterapia, entrenamiento y nutrici\u00f3n en Barakaldo\" \/>\n<meta property=\"og:description\" content=\"Nutrici\u00f3n integral y personalizada Ofrezcemos una evaluaci\u00f3n completa de tus h\u00e1bitos y necesidades para crear un plan nutricional personalizado.Trabajamos con personas de todas las edades, desde beb\u00e9s, ni\u00f1os y adolescentes, hasta adultos y personas mayores.Nuestro enfoque no se centra en dietas restrictivas, sino en educarte para que adoptes h\u00e1bitos sostenibles y saludables a largo plazo.Juntos, [&hellip;]\" \/>\n<meta property=\"og:url\" content=\"https:\/\/fisyosgarnacho.com\/eu\/nutrizioa\/\" \/>\n<meta property=\"og:site_name\" content=\"Fisyos Garnacho. Fisioterapia, entrenamiento y nutrici\u00f3n en Barakaldo\" \/>\n<meta property=\"article:publisher\" content=\"https:\/\/www.facebook.com\/Fisyosgarnacho\/\" \/>\n<meta property=\"article:modified_time\" content=\"2024-11-14T10:19:39+00:00\" \/>\n<meta property=\"og:image\" content=\"https:\/\/fisyosgarnacho.com\/wp-content\/uploads\/2024\/11\/logo-fisyos-garnacho.png\" \/>\n\t<meta property=\"og:image:width\" content=\"750\" \/>\n\t<meta property=\"og:image:height\" content=\"300\" \/>\n\t<meta property=\"og:image:type\" content=\"image\/png\" \/>\n<meta name=\"twitter:card\" content=\"summary_large_image\" \/>\n<meta name=\"twitter:label1\" content=\"Est. reading time\" \/>\n\t<meta name=\"twitter:data1\" content=\"1 minute\" \/>\n<script type=\"application\/ld+json\" class=\"yoast-schema-graph\">{\"@context\":\"https:\/\/schema.org\",\"@graph\":[{\"@type\":\"WebPage\",\"@id\":\"https:\/\/fisyosgarnacho.com\/eu\/nutrizioa\/\",\"url\":\"https:\/\/fisyosgarnacho.com\/eu\/nutrizioa\/\",\"name\":\"Nutrizioa - Fisyos Garnacho. Fisioterapia, entrenamiento y nutrici\u00f3n en Barakaldo\",\"isPartOf\":{\"@id\":\"https:\/\/fisyosgarnacho.com\/eu\/#website\"},\"datePublished\":\"2024-11-12T15:20:05+00:00\",\"dateModified\":\"2024-11-14T10:19:39+00:00\",\"breadcrumb\":{\"@id\":\"https:\/\/fisyosgarnacho.com\/eu\/nutrizioa\/#breadcrumb\"},\"inLanguage\":\"eu-ES\",\"potentialAction\":[{\"@type\":\"ReadAction\",\"target\":[\"https:\/\/fisyosgarnacho.com\/eu\/nutrizioa\/\"]}]},{\"@type\":\"BreadcrumbList\",\"@id\":\"https:\/\/fisyosgarnacho.com\/eu\/nutrizioa\/#breadcrumb\",\"itemListElement\":[{\"@type\":\"ListItem\",\"position\":1,\"name\":\"Portada\",\"item\":\"https:\/\/fisyosgarnacho.com\/eu\/hasiera\/\"},{\"@type\":\"ListItem\",\"position\":2,\"name\":\"Nutrizioa\"}]},{\"@type\":\"WebSite\",\"@id\":\"https:\/\/fisyosgarnacho.com\/eu\/#website\",\"url\":\"https:\/\/fisyosgarnacho.com\/eu\/\",\"name\":\"Fisyos Garnacho. Fisioterapia, entrenamiento y nutrici\u00f3n en Barakaldo\",\"description\":\"Cl\u00ednica de fisioterapia, entrenamiento y nutrici\u00f3n en Barakaldo, Bizkaia. Fisioterapeutas y osteopatas en Baracaldo.\",\"publisher\":{\"@id\":\"https:\/\/fisyosgarnacho.com\/eu\/#organization\"},\"potentialAction\":[{\"@type\":\"SearchAction\",\"target\":{\"@type\":\"EntryPoint\",\"urlTemplate\":\"https:\/\/fisyosgarnacho.com\/eu\/?s={search_term_string}\"},\"query-input\":{\"@type\":\"PropertyValueSpecification\",\"valueRequired\":true,\"valueName\":\"search_term_string\"}}],\"inLanguage\":\"eu-ES\"},{\"@type\":\"Organization\",\"@id\":\"https:\/\/fisyosgarnacho.com\/eu\/#organization\",\"name\":\"Fisyos Garnacho\",\"url\":\"https:\/\/fisyosgarnacho.com\/eu\/\",\"logo\":{\"@type\":\"ImageObject\",\"inLanguage\":\"eu-ES\",\"@id\":\"https:\/\/fisyosgarnacho.com\/eu\/#\/schema\/logo\/image\/\",\"url\":\"https:\/\/fisyosgarnacho.com\/wp-content\/uploads\/2024\/11\/logo-fisyos-garnacho.png\",\"contentUrl\":\"https:\/\/fisyosgarnacho.com\/wp-content\/uploads\/2024\/11\/logo-fisyos-garnacho.png\",\"width\":750,\"height\":300,\"caption\":\"Fisyos Garnacho\"},\"image\":{\"@id\":\"https:\/\/fisyosgarnacho.com\/eu\/#\/schema\/logo\/image\/\"},\"sameAs\":[\"https:\/\/www.facebook.com\/Fisyosgarnacho\/\",\"https:\/\/www.instagram.com\/fisyos_garnacho\/?hl=es\",\"https:\/\/www.linkedin.com\/in\/carla-garnacho-ortiz-a09806b1\/\"]}]}<\/script>\n<!-- \/ Yoast SEO plugin. -->","yoast_head_json":{"title":"Nutrizioa - Fisyos Garnacho. Fisioterapia, entrenamiento y nutrici\u00f3n en Barakaldo","robots":{"index":"index","follow":"follow","max-snippet":"max-snippet:-1","max-image-preview":"max-image-preview:large","max-video-preview":"max-video-preview:-1"},"canonical":"https:\/\/fisyosgarnacho.com\/eu\/nutrizioa\/","og_locale":"eu_ES","og_type":"article","og_title":"Nutrizioa - Fisyos Garnacho. Fisioterapia, entrenamiento y nutrici\u00f3n en Barakaldo","og_description":"Nutrici\u00f3n integral y personalizada Ofrezcemos una evaluaci\u00f3n completa de tus h\u00e1bitos y necesidades para crear un plan nutricional personalizado.Trabajamos con personas de todas las edades, desde beb\u00e9s, ni\u00f1os y adolescentes, hasta adultos y personas mayores.Nuestro enfoque no se centra en dietas restrictivas, sino en educarte para que adoptes h\u00e1bitos sostenibles y saludables a largo plazo.Juntos, [&hellip;]","og_url":"https:\/\/fisyosgarnacho.com\/eu\/nutrizioa\/","og_site_name":"Fisyos Garnacho. Fisioterapia, entrenamiento y nutrici\u00f3n en Barakaldo","article_publisher":"https:\/\/www.facebook.com\/Fisyosgarnacho\/","article_modified_time":"2024-11-14T10:19:39+00:00","og_image":[{"width":750,"height":300,"url":"https:\/\/fisyosgarnacho.com\/wp-content\/uploads\/2024\/11\/logo-fisyos-garnacho.png","type":"image\/png"}],"twitter_card":"summary_large_image","twitter_misc":{"Est. reading time":"1 minute"},"schema":{"@context":"https:\/\/schema.org","@graph":[{"@type":"WebPage","@id":"https:\/\/fisyosgarnacho.com\/eu\/nutrizioa\/","url":"https:\/\/fisyosgarnacho.com\/eu\/nutrizioa\/","name":"Nutrizioa - Fisyos Garnacho. Fisioterapia, entrenamiento y nutrici\u00f3n en Barakaldo","isPartOf":{"@id":"https:\/\/fisyosgarnacho.com\/eu\/#website"},"datePublished":"2024-11-12T15:20:05+00:00","dateModified":"2024-11-14T10:19:39+00:00","breadcrumb":{"@id":"https:\/\/fisyosgarnacho.com\/eu\/nutrizioa\/#breadcrumb"},"inLanguage":"eu-ES","potentialAction":[{"@type":"ReadAction","target":["https:\/\/fisyosgarnacho.com\/eu\/nutrizioa\/"]}]},{"@type":"BreadcrumbList","@id":"https:\/\/fisyosgarnacho.com\/eu\/nutrizioa\/#breadcrumb","itemListElement":[{"@type":"ListItem","position":1,"name":"Portada","item":"https:\/\/fisyosgarnacho.com\/eu\/hasiera\/"},{"@type":"ListItem","position":2,"name":"Nutrizioa"}]},{"@type":"WebSite","@id":"https:\/\/fisyosgarnacho.com\/eu\/#website","url":"https:\/\/fisyosgarnacho.com\/eu\/","name":"Fisyos Garnacho. Fisioterapia, entrenamiento y nutrici\u00f3n en Barakaldo","description":"Cl\u00ednica de fisioterapia, entrenamiento y nutrici\u00f3n en Barakaldo, Bizkaia. Fisioterapeutas y osteopatas en Baracaldo.","publisher":{"@id":"https:\/\/fisyosgarnacho.com\/eu\/#organization"},"potentialAction":[{"@type":"SearchAction","target":{"@type":"EntryPoint","urlTemplate":"https:\/\/fisyosgarnacho.com\/eu\/?s={search_term_string}"},"query-input":{"@type":"PropertyValueSpecification","valueRequired":true,"valueName":"search_term_string"}}],"inLanguage":"eu-ES"},{"@type":"Organization","@id":"https:\/\/fisyosgarnacho.com\/eu\/#organization","name":"Fisyos Garnacho","url":"https:\/\/fisyosgarnacho.com\/eu\/","logo":{"@type":"ImageObject","inLanguage":"eu-ES","@id":"https:\/\/fisyosgarnacho.com\/eu\/#\/schema\/logo\/image\/","url":"https:\/\/fisyosgarnacho.com\/wp-content\/uploads\/2024\/11\/logo-fisyos-garnacho.png","contentUrl":"https:\/\/fisyosgarnacho.com\/wp-content\/uploads\/2024\/11\/logo-fisyos-garnacho.png","width":750,"height":300,"caption":"Fisyos Garnacho"},"image":{"@id":"https:\/\/fisyosgarnacho.com\/eu\/#\/schema\/logo\/image\/"},"sameAs":["https:\/\/www.facebook.com\/Fisyosgarnacho\/","https:\/\/www.instagram.com\/fisyos_garnacho\/?hl=es","https:\/\/www.linkedin.com\/in\/carla-garnacho-ortiz-a09806b1\/"]}]}},"_links":{"self":[{"href":"https:\/\/fisyosgarnacho.com\/eu\/wp-json\/wp\/v2\/pages\/3081","targetHints":{"allow":["GET"]}}],"collection":[{"href":"https:\/\/fisyosgarnacho.com\/eu\/wp-json\/wp\/v2\/pages"}],"about":[{"href":"https:\/\/fisyosgarnacho.com\/eu\/wp-json\/wp\/v2\/types\/page"}],"author":[{"embeddable":true,"href":"https:\/\/fisyosgarnacho.com\/eu\/wp-json\/wp\/v2\/users\/1"}],"replies":[{"embeddable":true,"href":"https:\/\/fisyosgarnacho.com\/eu\/wp-json\/wp\/v2\/comments?post=3081"}],"version-history":[{"count":1,"href":"https:\/\/fisyosgarnacho.com\/eu\/wp-json\/wp\/v2\/pages\/3081\/revisions"}],"predecessor-version":[{"id":3082,"href":"https:\/\/fisyosgarnacho.com\/eu\/wp-json\/wp\/v2\/pages\/3081\/revisions\/3082"}],"wp:attachment":[{"href":"https:\/\/fisyosgarnacho.com\/eu\/wp-json\/wp\/v2\/media?parent=3081"}],"curies":[{"name":"wp","href":"https:\/\/api.w.org\/{rel}","templated":true}]}}