{"id":3084,"date":"2024-11-12T16:01:36","date_gmt":"2024-11-12T15:01:36","guid":{"rendered":"https:\/\/fisyosgarnacho.com\/pelbis-zorua\/"},"modified":"2024-11-14T12:07:50","modified_gmt":"2024-11-14T11:07:50","slug":"pelbis-zorua","status":"publish","type":"page","link":"https:\/\/fisyosgarnacho.com\/eu\/pelbis-zorua\/","title":{"rendered":"Pelbis zorua"},"content":{"rendered":"\n<p>Prevenci\u00f3n y tratamiento de las disfunciones del \u00e1rea p\u00e9lvica y perineal. Estudiamos problemas relacionados con el \u00e1mbito urol\u00f3gico, ginecol\u00f3gico, coloproct\u00f3lico, obst\u00e9trico y sexol\u00f3gico. <\/p>\n\n<h2 class=\"wp-block-heading\">\u00bfQu\u00e9 tratamos?<\/h2>\n\n<h3 class=\"wp-block-heading\">Problemas urol\u00f3gicos<\/h3>\n\n<ul class=\"wp-block-list\">\n<li>Incontinencia urinaria de urgencia y\/o de esfuerzo.<\/li>\n\n\n\n<li>Urgencia miccional\/vejiga hiperactiva.<\/li>\n\n\n\n<li>Cistitis de repetici\u00f3n\/intersticial.<\/li>\n<\/ul>\n\n<h3 class=\"wp-block-heading\">Problemas Coloproct\u00f3licos<\/h3>\n\n<ul class=\"wp-block-list\">\n<li>Incontinencia de gases y\/o heces.<\/li>\n\n\n\n<li>Estre\u00f1imiento.<\/li>\n\n\n\n<li>Fisura anal.<\/li>\n\n\n\n<li>Hemorroides Dolor al defecar.<\/li>\n<\/ul>\n\n<h3 class=\"wp-block-heading\">Problemas Ginecol\u00f3gicos<\/h3>\n\n<ul class=\"wp-block-list\">\n<li>Prolapso (descenso de uretra, \u00fatero, vejiga y\/o recto)<\/li>\n\n\n\n<li>Alteraciones de la mucosa vaginal\/vaginitis<\/li>\n\n\n\n<li>Menopausia y sindrome genitourinario<\/li>\n\n\n\n<li>Malposiciones uterinas<\/li>\n\n\n\n<li>Tratamiento postquir\u00fargico<\/li>\n\n\n\n<li>Problemas obst\u00e9tricos<\/li>\n\n\n\n<li>Preparaci\u00f3n al parto<\/li>\n\n\n\n<li>Recuperaci\u00f3n postparto<\/li>\n\n\n\n<li>Cicatrices, desgarro, episiotom\u00eda, ces\u00e1rea<\/li>\n\n\n\n<li>Di\u00e1stasis abdominal<\/li>\n\n\n\n<li>Ci\u00e1tica y\/o dolor lumbar<\/li>\n\n\n\n<li>Problemas sexol\u00f3gicos<\/li>\n\n\n\n<li>Dispareunia (dolor en las relaciones)<\/li>\n\n\n\n<li>Vaginismo (imposibilidad para mantener relaciones)<\/li>\n\n\n\n<li>Tratamiento sexol\u00f3gico<\/li>\n\n\n\n<li>Dolor p\u00e9lvico<\/li>\n\n\n\n<li>Dolor p\u00e9lvico cr\u00f3nico<\/li>\n\n\n\n<li>Pubalgia<\/li>\n\n\n\n<li>Sindrome dolor miofascial<\/li>\n\n\n\n<li>Dismenorrea (dolor de regla)<\/li>\n\n\n\n<li>Endometriosis<\/li>\n\n\n\n<li>Neuralgia del nervio pudendo<\/li>\n<\/ul>\n","protected":false},"excerpt":{"rendered":"<p>Prevenci\u00f3n y tratamiento de las disfunciones del \u00e1rea p\u00e9lvica y perineal. Estudiamos problemas relacionados con el \u00e1mbito urol\u00f3gico, ginecol\u00f3gico, coloproct\u00f3lico, obst\u00e9trico y sexol\u00f3gico. \u00bfQu\u00e9 tratamos? Problemas urol\u00f3gicos Problemas Coloproct\u00f3licos Problemas Ginecol\u00f3gicos<\/p>\n","protected":false},"author":1,"featured_media":0,"parent":0,"menu_order":20,"comment_status":"closed","ping_status":"closed","template":"","meta":{"footnotes":""},"class_list":["post-3084","page","type-page","status-publish","hentry"],"yoast_head":"<!-- This site is optimized with the Yoast SEO plugin v26.8 - https:\/\/yoast.com\/product\/yoast-seo-wordpress\/ -->\n<title>Pelbis zorua - Fisyos Garnacho. Fisioterapia, entrenamiento y nutrici\u00f3n en Barakaldo<\/title>\n<meta name=\"robots\" content=\"index, follow, max-snippet:-1, max-image-preview:large, max-video-preview:-1\" \/>\n<link rel=\"canonical\" href=\"https:\/\/fisyosgarnacho.com\/eu\/pelbis-zorua\/\" \/>\n<meta property=\"og:locale\" content=\"eu_ES\" \/>\n<meta property=\"og:type\" content=\"article\" \/>\n<meta property=\"og:title\" content=\"Pelbis zorua - Fisyos Garnacho. Fisioterapia, entrenamiento y nutrici\u00f3n en Barakaldo\" \/>\n<meta property=\"og:description\" content=\"Prevenci\u00f3n y tratamiento de las disfunciones del \u00e1rea p\u00e9lvica y perineal. Estudiamos problemas relacionados con el \u00e1mbito urol\u00f3gico, ginecol\u00f3gico, coloproct\u00f3lico, obst\u00e9trico y sexol\u00f3gico. \u00bfQu\u00e9 tratamos? Problemas urol\u00f3gicos Problemas Coloproct\u00f3licos Problemas Ginecol\u00f3gicos\" \/>\n<meta property=\"og:url\" content=\"https:\/\/fisyosgarnacho.com\/eu\/pelbis-zorua\/\" \/>\n<meta property=\"og:site_name\" content=\"Fisyos Garnacho. Fisioterapia, entrenamiento y nutrici\u00f3n en Barakaldo\" \/>\n<meta property=\"article:publisher\" content=\"https:\/\/www.facebook.com\/Fisyosgarnacho\/\" \/>\n<meta property=\"article:modified_time\" content=\"2024-11-14T11:07:50+00:00\" \/>\n<meta property=\"og:image\" content=\"https:\/\/fisyosgarnacho.com\/wp-content\/uploads\/2024\/11\/logo-fisyos-garnacho.png\" \/>\n\t<meta property=\"og:image:width\" content=\"750\" \/>\n\t<meta property=\"og:image:height\" content=\"300\" \/>\n\t<meta property=\"og:image:type\" content=\"image\/png\" \/>\n<meta name=\"twitter:card\" content=\"summary_large_image\" \/>\n<meta name=\"twitter:label1\" content=\"Est. reading time\" \/>\n\t<meta name=\"twitter:data1\" content=\"1 minute\" \/>\n<script type=\"application\/ld+json\" class=\"yoast-schema-graph\">{\"@context\":\"https:\/\/schema.org\",\"@graph\":[{\"@type\":\"WebPage\",\"@id\":\"https:\/\/fisyosgarnacho.com\/eu\/pelbis-zorua\/\",\"url\":\"https:\/\/fisyosgarnacho.com\/eu\/pelbis-zorua\/\",\"name\":\"Pelbis zorua - Fisyos Garnacho. Fisioterapia, entrenamiento y nutrici\u00f3n en Barakaldo\",\"isPartOf\":{\"@id\":\"https:\/\/fisyosgarnacho.com\/eu\/#website\"},\"datePublished\":\"2024-11-12T15:01:36+00:00\",\"dateModified\":\"2024-11-14T11:07:50+00:00\",\"breadcrumb\":{\"@id\":\"https:\/\/fisyosgarnacho.com\/eu\/pelbis-zorua\/#breadcrumb\"},\"inLanguage\":\"eu-ES\",\"potentialAction\":[{\"@type\":\"ReadAction\",\"target\":[\"https:\/\/fisyosgarnacho.com\/eu\/pelbis-zorua\/\"]}]},{\"@type\":\"BreadcrumbList\",\"@id\":\"https:\/\/fisyosgarnacho.com\/eu\/pelbis-zorua\/#breadcrumb\",\"itemListElement\":[{\"@type\":\"ListItem\",\"position\":1,\"name\":\"Portada\",\"item\":\"https:\/\/fisyosgarnacho.com\/eu\/hasiera\/\"},{\"@type\":\"ListItem\",\"position\":2,\"name\":\"Pelbis zorua\"}]},{\"@type\":\"WebSite\",\"@id\":\"https:\/\/fisyosgarnacho.com\/eu\/#website\",\"url\":\"https:\/\/fisyosgarnacho.com\/eu\/\",\"name\":\"Fisyos Garnacho. Fisioterapia, entrenamiento y nutrici\u00f3n en Barakaldo\",\"description\":\"Cl\u00ednica de fisioterapia, entrenamiento y nutrici\u00f3n en Barakaldo, Bizkaia. Fisioterapeutas y osteopatas en Baracaldo.\",\"publisher\":{\"@id\":\"https:\/\/fisyosgarnacho.com\/eu\/#organization\"},\"potentialAction\":[{\"@type\":\"SearchAction\",\"target\":{\"@type\":\"EntryPoint\",\"urlTemplate\":\"https:\/\/fisyosgarnacho.com\/eu\/?s={search_term_string}\"},\"query-input\":{\"@type\":\"PropertyValueSpecification\",\"valueRequired\":true,\"valueName\":\"search_term_string\"}}],\"inLanguage\":\"eu-ES\"},{\"@type\":\"Organization\",\"@id\":\"https:\/\/fisyosgarnacho.com\/eu\/#organization\",\"name\":\"Fisyos Garnacho\",\"url\":\"https:\/\/fisyosgarnacho.com\/eu\/\",\"logo\":{\"@type\":\"ImageObject\",\"inLanguage\":\"eu-ES\",\"@id\":\"https:\/\/fisyosgarnacho.com\/eu\/#\/schema\/logo\/image\/\",\"url\":\"https:\/\/fisyosgarnacho.com\/wp-content\/uploads\/2024\/11\/logo-fisyos-garnacho.png\",\"contentUrl\":\"https:\/\/fisyosgarnacho.com\/wp-content\/uploads\/2024\/11\/logo-fisyos-garnacho.png\",\"width\":750,\"height\":300,\"caption\":\"Fisyos Garnacho\"},\"image\":{\"@id\":\"https:\/\/fisyosgarnacho.com\/eu\/#\/schema\/logo\/image\/\"},\"sameAs\":[\"https:\/\/www.facebook.com\/Fisyosgarnacho\/\",\"https:\/\/www.instagram.com\/fisyos_garnacho\/?hl=es\",\"https:\/\/www.linkedin.com\/in\/carla-garnacho-ortiz-a09806b1\/\"]}]}<\/script>\n<!-- \/ Yoast SEO plugin. -->","yoast_head_json":{"title":"Pelbis zorua - Fisyos Garnacho. Fisioterapia, entrenamiento y nutrici\u00f3n en Barakaldo","robots":{"index":"index","follow":"follow","max-snippet":"max-snippet:-1","max-image-preview":"max-image-preview:large","max-video-preview":"max-video-preview:-1"},"canonical":"https:\/\/fisyosgarnacho.com\/eu\/pelbis-zorua\/","og_locale":"eu_ES","og_type":"article","og_title":"Pelbis zorua - Fisyos Garnacho. Fisioterapia, entrenamiento y nutrici\u00f3n en Barakaldo","og_description":"Prevenci\u00f3n y tratamiento de las disfunciones del \u00e1rea p\u00e9lvica y perineal. Estudiamos problemas relacionados con el \u00e1mbito urol\u00f3gico, ginecol\u00f3gico, coloproct\u00f3lico, obst\u00e9trico y sexol\u00f3gico. \u00bfQu\u00e9 tratamos? Problemas urol\u00f3gicos Problemas Coloproct\u00f3licos Problemas Ginecol\u00f3gicos","og_url":"https:\/\/fisyosgarnacho.com\/eu\/pelbis-zorua\/","og_site_name":"Fisyos Garnacho. Fisioterapia, entrenamiento y nutrici\u00f3n en Barakaldo","article_publisher":"https:\/\/www.facebook.com\/Fisyosgarnacho\/","article_modified_time":"2024-11-14T11:07:50+00:00","og_image":[{"width":750,"height":300,"url":"https:\/\/fisyosgarnacho.com\/wp-content\/uploads\/2024\/11\/logo-fisyos-garnacho.png","type":"image\/png"}],"twitter_card":"summary_large_image","twitter_misc":{"Est. reading time":"1 minute"},"schema":{"@context":"https:\/\/schema.org","@graph":[{"@type":"WebPage","@id":"https:\/\/fisyosgarnacho.com\/eu\/pelbis-zorua\/","url":"https:\/\/fisyosgarnacho.com\/eu\/pelbis-zorua\/","name":"Pelbis zorua - Fisyos Garnacho. Fisioterapia, entrenamiento y nutrici\u00f3n en Barakaldo","isPartOf":{"@id":"https:\/\/fisyosgarnacho.com\/eu\/#website"},"datePublished":"2024-11-12T15:01:36+00:00","dateModified":"2024-11-14T11:07:50+00:00","breadcrumb":{"@id":"https:\/\/fisyosgarnacho.com\/eu\/pelbis-zorua\/#breadcrumb"},"inLanguage":"eu-ES","potentialAction":[{"@type":"ReadAction","target":["https:\/\/fisyosgarnacho.com\/eu\/pelbis-zorua\/"]}]},{"@type":"BreadcrumbList","@id":"https:\/\/fisyosgarnacho.com\/eu\/pelbis-zorua\/#breadcrumb","itemListElement":[{"@type":"ListItem","position":1,"name":"Portada","item":"https:\/\/fisyosgarnacho.com\/eu\/hasiera\/"},{"@type":"ListItem","position":2,"name":"Pelbis zorua"}]},{"@type":"WebSite","@id":"https:\/\/fisyosgarnacho.com\/eu\/#website","url":"https:\/\/fisyosgarnacho.com\/eu\/","name":"Fisyos Garnacho. Fisioterapia, entrenamiento y nutrici\u00f3n en Barakaldo","description":"Cl\u00ednica de fisioterapia, entrenamiento y nutrici\u00f3n en Barakaldo, Bizkaia. Fisioterapeutas y osteopatas en Baracaldo.","publisher":{"@id":"https:\/\/fisyosgarnacho.com\/eu\/#organization"},"potentialAction":[{"@type":"SearchAction","target":{"@type":"EntryPoint","urlTemplate":"https:\/\/fisyosgarnacho.com\/eu\/?s={search_term_string}"},"query-input":{"@type":"PropertyValueSpecification","valueRequired":true,"valueName":"search_term_string"}}],"inLanguage":"eu-ES"},{"@type":"Organization","@id":"https:\/\/fisyosgarnacho.com\/eu\/#organization","name":"Fisyos Garnacho","url":"https:\/\/fisyosgarnacho.com\/eu\/","logo":{"@type":"ImageObject","inLanguage":"eu-ES","@id":"https:\/\/fisyosgarnacho.com\/eu\/#\/schema\/logo\/image\/","url":"https:\/\/fisyosgarnacho.com\/wp-content\/uploads\/2024\/11\/logo-fisyos-garnacho.png","contentUrl":"https:\/\/fisyosgarnacho.com\/wp-content\/uploads\/2024\/11\/logo-fisyos-garnacho.png","width":750,"height":300,"caption":"Fisyos Garnacho"},"image":{"@id":"https:\/\/fisyosgarnacho.com\/eu\/#\/schema\/logo\/image\/"},"sameAs":["https:\/\/www.facebook.com\/Fisyosgarnacho\/","https:\/\/www.instagram.com\/fisyos_garnacho\/?hl=es","https:\/\/www.linkedin.com\/in\/carla-garnacho-ortiz-a09806b1\/"]}]}},"_links":{"self":[{"href":"https:\/\/fisyosgarnacho.com\/eu\/wp-json\/wp\/v2\/pages\/3084","targetHints":{"allow":["GET"]}}],"collection":[{"href":"https:\/\/fisyosgarnacho.com\/eu\/wp-json\/wp\/v2\/pages"}],"about":[{"href":"https:\/\/fisyosgarnacho.com\/eu\/wp-json\/wp\/v2\/types\/page"}],"author":[{"embeddable":true,"href":"https:\/\/fisyosgarnacho.com\/eu\/wp-json\/wp\/v2\/users\/1"}],"replies":[{"embeddable":true,"href":"https:\/\/fisyosgarnacho.com\/eu\/wp-json\/wp\/v2\/comments?post=3084"}],"version-history":[{"count":1,"href":"https:\/\/fisyosgarnacho.com\/eu\/wp-json\/wp\/v2\/pages\/3084\/revisions"}],"predecessor-version":[{"id":3085,"href":"https:\/\/fisyosgarnacho.com\/eu\/wp-json\/wp\/v2\/pages\/3084\/revisions\/3085"}],"wp:attachment":[{"href":"https:\/\/fisyosgarnacho.com\/eu\/wp-json\/wp\/v2\/media?parent=3084"}],"curies":[{"name":"wp","href":"https:\/\/api.w.org\/{rel}","templated":true}]}}