{"id":264,"date":"2016-08-24T06:12:59","date_gmt":"2016-08-24T06:12:59","guid":{"rendered":"https:\/\/8degreethemes.com\/demo\/8medi-lite\/?post_type=product&amp;p=264"},"modified":"2016-08-24T06:12:59","modified_gmt":"2016-08-24T06:12:59","slug":"jsb-bs11l-elastic-crepe-bandage-10cm","status":"publish","type":"product","link":"https:\/\/fisyosgarnacho.com\/eu\/producto\/jsb-bs11l-elastic-crepe-bandage-10cm\/","title":{"rendered":"JSB BS11L Elastic Crepe Bandage (10cm)"},"content":{"rendered":"<ul class=\"a-vertical a-spacing-none\">\n<li><span class=\"a-list-item\">A professional crepe bandage for sports and patient care needs<\/span><\/li>\n<li><span class=\"a-list-item\">Provides optimum support to the user and holds the wrapped area well<\/span><\/li>\n<\/ul>\n","protected":false},"excerpt":{"rendered":"<ul class=\"a-vertical a-spacing-none\">\n<li><span class=\"a-list-item\">A professional crepe bandage for sports and patient care needs<\/span><\/li>\n<li><span class=\"a-list-item\">Provides optimum support to the user and holds the wrapped area well<\/span><\/li>\n<\/ul>\n","protected":false},"featured_media":265,"comment_status":"open","ping_status":"closed","template":"","meta":[],"product_brand":[],"product_cat":[37],"product_tag":[],"class_list":{"0":"post-264","1":"product","2":"type-product","3":"status-publish","4":"has-post-thumbnail","6":"product_cat-splints-slings","8":"first","9":"instock","10":"shipping-taxable","11":"purchasable","12":"product-type-simple"},"yoast_head":"<!-- This site is optimized with the Yoast SEO plugin v26.8 - https:\/\/yoast.com\/product\/yoast-seo-wordpress\/ -->\n<title>JSB BS11L Elastic Crepe Bandage (10cm) - Fisyos Garnacho. Fisioterapia, entrenamiento y nutrici\u00f3n en Barakaldo<\/title>\n<meta name=\"robots\" content=\"noindex, follow\" \/>\n<meta property=\"og:locale\" content=\"eu_ES\" \/>\n<meta property=\"og:type\" content=\"article\" \/>\n<meta property=\"og:title\" content=\"JSB BS11L Elastic Crepe Bandage (10cm) - Fisyos Garnacho. Fisioterapia, entrenamiento y nutrici\u00f3n en Barakaldo\" \/>\n<meta property=\"og:description\" content=\"A professional crepe bandage for sports and patient care needs  Provides optimum support to the user and holds the wrapped area well\" \/>\n<meta property=\"og:url\" content=\"https:\/\/fisyosgarnacho.com\/eu\/producto\/jsb-bs11l-elastic-crepe-bandage-10cm\/\" \/>\n<meta property=\"og:site_name\" content=\"Fisyos Garnacho. Fisioterapia, entrenamiento y nutrici\u00f3n en Barakaldo\" \/>\n<meta property=\"article:publisher\" content=\"https:\/\/www.facebook.com\/Fisyosgarnacho\/\" \/>\n<meta property=\"og:image\" content=\"https:\/\/fisyosgarnacho.com\/wp-content\/uploads\/2016\/08\/41ikUTS72yL.jpg\" \/>\n\t<meta property=\"og:image:width\" content=\"500\" \/>\n\t<meta property=\"og:image:height\" content=\"500\" \/>\n\t<meta property=\"og:image:type\" content=\"image\/jpeg\" \/>\n<meta name=\"twitter:card\" content=\"summary_large_image\" \/>\n<script type=\"application\/ld+json\" class=\"yoast-schema-graph\">{\"@context\":\"https:\/\/schema.org\",\"@graph\":[{\"@type\":\"WebPage\",\"@id\":\"https:\/\/fisyosgarnacho.com\/eu\/producto\/jsb-bs11l-elastic-crepe-bandage-10cm\/\",\"url\":\"https:\/\/fisyosgarnacho.com\/eu\/producto\/jsb-bs11l-elastic-crepe-bandage-10cm\/\",\"name\":\"JSB BS11L Elastic Crepe Bandage (10cm) - Fisyos Garnacho. Fisioterapia, entrenamiento y nutrici\u00f3n en Barakaldo\",\"isPartOf\":{\"@id\":\"https:\/\/fisyosgarnacho.com\/eu\/#website\"},\"primaryImageOfPage\":{\"@id\":\"https:\/\/fisyosgarnacho.com\/eu\/producto\/jsb-bs11l-elastic-crepe-bandage-10cm\/#primaryimage\"},\"image\":{\"@id\":\"https:\/\/fisyosgarnacho.com\/eu\/producto\/jsb-bs11l-elastic-crepe-bandage-10cm\/#primaryimage\"},\"thumbnailUrl\":\"https:\/\/fisyosgarnacho.com\/wp-content\/uploads\/2016\/08\/41ikUTS72yL.jpg\",\"datePublished\":\"2016-08-24T06:12:59+00:00\",\"breadcrumb\":{\"@id\":\"https:\/\/fisyosgarnacho.com\/eu\/producto\/jsb-bs11l-elastic-crepe-bandage-10cm\/#breadcrumb\"},\"inLanguage\":\"eu-ES\",\"potentialAction\":[{\"@type\":\"ReadAction\",\"target\":[\"https:\/\/fisyosgarnacho.com\/eu\/producto\/jsb-bs11l-elastic-crepe-bandage-10cm\/\"]}]},{\"@type\":\"ImageObject\",\"inLanguage\":\"eu-ES\",\"@id\":\"https:\/\/fisyosgarnacho.com\/eu\/producto\/jsb-bs11l-elastic-crepe-bandage-10cm\/#primaryimage\",\"url\":\"https:\/\/fisyosgarnacho.com\/wp-content\/uploads\/2016\/08\/41ikUTS72yL.jpg\",\"contentUrl\":\"https:\/\/fisyosgarnacho.com\/wp-content\/uploads\/2016\/08\/41ikUTS72yL.jpg\",\"width\":500,\"height\":500},{\"@type\":\"BreadcrumbList\",\"@id\":\"https:\/\/fisyosgarnacho.com\/eu\/producto\/jsb-bs11l-elastic-crepe-bandage-10cm\/#breadcrumb\",\"itemListElement\":[{\"@type\":\"ListItem\",\"position\":1,\"name\":\"Portada\",\"item\":\"https:\/\/fisyosgarnacho.com\/eu\/hasiera\/\"},{\"@type\":\"ListItem\",\"position\":2,\"name\":\"Shop\",\"item\":\"https:\/\/fisyosgarnacho.com\/eu\/?page_id=3012\"},{\"@type\":\"ListItem\",\"position\":3,\"name\":\"JSB BS11L Elastic Crepe Bandage (10cm)\"}]},{\"@type\":\"WebSite\",\"@id\":\"https:\/\/fisyosgarnacho.com\/eu\/#website\",\"url\":\"https:\/\/fisyosgarnacho.com\/eu\/\",\"name\":\"Fisyos Garnacho. Fisioterapia, entrenamiento y nutrici\u00f3n en Barakaldo\",\"description\":\"Cl\u00ednica de fisioterapia, entrenamiento y nutrici\u00f3n en Barakaldo, Bizkaia. Fisioterapeutas y osteopatas en Baracaldo.\",\"publisher\":{\"@id\":\"https:\/\/fisyosgarnacho.com\/eu\/#organization\"},\"potentialAction\":[{\"@type\":\"SearchAction\",\"target\":{\"@type\":\"EntryPoint\",\"urlTemplate\":\"https:\/\/fisyosgarnacho.com\/eu\/?s={search_term_string}\"},\"query-input\":{\"@type\":\"PropertyValueSpecification\",\"valueRequired\":true,\"valueName\":\"search_term_string\"}}],\"inLanguage\":\"eu-ES\"},{\"@type\":\"Organization\",\"@id\":\"https:\/\/fisyosgarnacho.com\/eu\/#organization\",\"name\":\"Fisyos Garnacho\",\"url\":\"https:\/\/fisyosgarnacho.com\/eu\/\",\"logo\":{\"@type\":\"ImageObject\",\"inLanguage\":\"eu-ES\",\"@id\":\"https:\/\/fisyosgarnacho.com\/eu\/#\/schema\/logo\/image\/\",\"url\":\"https:\/\/fisyosgarnacho.com\/wp-content\/uploads\/2024\/11\/logo-fisyos-garnacho.png\",\"contentUrl\":\"https:\/\/fisyosgarnacho.com\/wp-content\/uploads\/2024\/11\/logo-fisyos-garnacho.png\",\"width\":750,\"height\":300,\"caption\":\"Fisyos Garnacho\"},\"image\":{\"@id\":\"https:\/\/fisyosgarnacho.com\/eu\/#\/schema\/logo\/image\/\"},\"sameAs\":[\"https:\/\/www.facebook.com\/Fisyosgarnacho\/\",\"https:\/\/www.instagram.com\/fisyos_garnacho\/?hl=es\",\"https:\/\/www.linkedin.com\/in\/carla-garnacho-ortiz-a09806b1\/\"]}]}<\/script>\n<!-- \/ Yoast SEO plugin. -->","yoast_head_json":{"title":"JSB BS11L Elastic Crepe Bandage (10cm) - Fisyos Garnacho. Fisioterapia, entrenamiento y nutrici\u00f3n en Barakaldo","robots":{"index":"noindex","follow":"follow"},"og_locale":"eu_ES","og_type":"article","og_title":"JSB BS11L Elastic Crepe Bandage (10cm) - Fisyos Garnacho. Fisioterapia, entrenamiento y nutrici\u00f3n en Barakaldo","og_description":"A professional crepe bandage for sports and patient care needs  Provides optimum support to the user and holds the wrapped area well","og_url":"https:\/\/fisyosgarnacho.com\/eu\/producto\/jsb-bs11l-elastic-crepe-bandage-10cm\/","og_site_name":"Fisyos Garnacho. Fisioterapia, entrenamiento y nutrici\u00f3n en Barakaldo","article_publisher":"https:\/\/www.facebook.com\/Fisyosgarnacho\/","og_image":[{"width":500,"height":500,"url":"https:\/\/fisyosgarnacho.com\/wp-content\/uploads\/2016\/08\/41ikUTS72yL.jpg","type":"image\/jpeg"}],"twitter_card":"summary_large_image","schema":{"@context":"https:\/\/schema.org","@graph":[{"@type":"WebPage","@id":"https:\/\/fisyosgarnacho.com\/eu\/producto\/jsb-bs11l-elastic-crepe-bandage-10cm\/","url":"https:\/\/fisyosgarnacho.com\/eu\/producto\/jsb-bs11l-elastic-crepe-bandage-10cm\/","name":"JSB BS11L Elastic Crepe Bandage (10cm) - Fisyos Garnacho. Fisioterapia, entrenamiento y nutrici\u00f3n en Barakaldo","isPartOf":{"@id":"https:\/\/fisyosgarnacho.com\/eu\/#website"},"primaryImageOfPage":{"@id":"https:\/\/fisyosgarnacho.com\/eu\/producto\/jsb-bs11l-elastic-crepe-bandage-10cm\/#primaryimage"},"image":{"@id":"https:\/\/fisyosgarnacho.com\/eu\/producto\/jsb-bs11l-elastic-crepe-bandage-10cm\/#primaryimage"},"thumbnailUrl":"https:\/\/fisyosgarnacho.com\/wp-content\/uploads\/2016\/08\/41ikUTS72yL.jpg","datePublished":"2016-08-24T06:12:59+00:00","breadcrumb":{"@id":"https:\/\/fisyosgarnacho.com\/eu\/producto\/jsb-bs11l-elastic-crepe-bandage-10cm\/#breadcrumb"},"inLanguage":"eu-ES","potentialAction":[{"@type":"ReadAction","target":["https:\/\/fisyosgarnacho.com\/eu\/producto\/jsb-bs11l-elastic-crepe-bandage-10cm\/"]}]},{"@type":"ImageObject","inLanguage":"eu-ES","@id":"https:\/\/fisyosgarnacho.com\/eu\/producto\/jsb-bs11l-elastic-crepe-bandage-10cm\/#primaryimage","url":"https:\/\/fisyosgarnacho.com\/wp-content\/uploads\/2016\/08\/41ikUTS72yL.jpg","contentUrl":"https:\/\/fisyosgarnacho.com\/wp-content\/uploads\/2016\/08\/41ikUTS72yL.jpg","width":500,"height":500},{"@type":"BreadcrumbList","@id":"https:\/\/fisyosgarnacho.com\/eu\/producto\/jsb-bs11l-elastic-crepe-bandage-10cm\/#breadcrumb","itemListElement":[{"@type":"ListItem","position":1,"name":"Portada","item":"https:\/\/fisyosgarnacho.com\/eu\/hasiera\/"},{"@type":"ListItem","position":2,"name":"Shop","item":"https:\/\/fisyosgarnacho.com\/eu\/?page_id=3012"},{"@type":"ListItem","position":3,"name":"JSB BS11L Elastic Crepe Bandage (10cm)"}]},{"@type":"WebSite","@id":"https:\/\/fisyosgarnacho.com\/eu\/#website","url":"https:\/\/fisyosgarnacho.com\/eu\/","name":"Fisyos Garnacho. Fisioterapia, entrenamiento y nutrici\u00f3n en Barakaldo","description":"Cl\u00ednica de fisioterapia, entrenamiento y nutrici\u00f3n en Barakaldo, Bizkaia. Fisioterapeutas y osteopatas en Baracaldo.","publisher":{"@id":"https:\/\/fisyosgarnacho.com\/eu\/#organization"},"potentialAction":[{"@type":"SearchAction","target":{"@type":"EntryPoint","urlTemplate":"https:\/\/fisyosgarnacho.com\/eu\/?s={search_term_string}"},"query-input":{"@type":"PropertyValueSpecification","valueRequired":true,"valueName":"search_term_string"}}],"inLanguage":"eu-ES"},{"@type":"Organization","@id":"https:\/\/fisyosgarnacho.com\/eu\/#organization","name":"Fisyos Garnacho","url":"https:\/\/fisyosgarnacho.com\/eu\/","logo":{"@type":"ImageObject","inLanguage":"eu-ES","@id":"https:\/\/fisyosgarnacho.com\/eu\/#\/schema\/logo\/image\/","url":"https:\/\/fisyosgarnacho.com\/wp-content\/uploads\/2024\/11\/logo-fisyos-garnacho.png","contentUrl":"https:\/\/fisyosgarnacho.com\/wp-content\/uploads\/2024\/11\/logo-fisyos-garnacho.png","width":750,"height":300,"caption":"Fisyos Garnacho"},"image":{"@id":"https:\/\/fisyosgarnacho.com\/eu\/#\/schema\/logo\/image\/"},"sameAs":["https:\/\/www.facebook.com\/Fisyosgarnacho\/","https:\/\/www.instagram.com\/fisyos_garnacho\/?hl=es","https:\/\/www.linkedin.com\/in\/carla-garnacho-ortiz-a09806b1\/"]}]}},"_links":{"self":[{"href":"https:\/\/fisyosgarnacho.com\/eu\/wp-json\/wp\/v2\/product\/264","targetHints":{"allow":["GET"]}}],"collection":[{"href":"https:\/\/fisyosgarnacho.com\/eu\/wp-json\/wp\/v2\/product"}],"about":[{"href":"https:\/\/fisyosgarnacho.com\/eu\/wp-json\/wp\/v2\/types\/product"}],"replies":[{"embeddable":true,"href":"https:\/\/fisyosgarnacho.com\/eu\/wp-json\/wp\/v2\/comments?post=264"}],"wp:featuredmedia":[{"embeddable":true,"href":"https:\/\/fisyosgarnacho.com\/eu\/wp-json\/wp\/v2\/media\/265"}],"wp:attachment":[{"href":"https:\/\/fisyosgarnacho.com\/eu\/wp-json\/wp\/v2\/media?parent=264"}],"wp:term":[{"taxonomy":"product_brand","embeddable":true,"href":"https:\/\/fisyosgarnacho.com\/eu\/wp-json\/wp\/v2\/product_brand?post=264"},{"taxonomy":"product_cat","embeddable":true,"href":"https:\/\/fisyosgarnacho.com\/eu\/wp-json\/wp\/v2\/product_cat?post=264"},{"taxonomy":"product_tag","embeddable":true,"href":"https:\/\/fisyosgarnacho.com\/eu\/wp-json\/wp\/v2\/product_tag?post=264"}],"curies":[{"name":"wp","href":"https:\/\/api.w.org\/{rel}","templated":true}]}}