{"id":285,"date":"2016-08-24T06:38:27","date_gmt":"2016-08-24T06:38:27","guid":{"rendered":"https:\/\/8degreethemes.com\/demo\/8medi-lite\/?post_type=product&amp;p=272"},"modified":"2016-08-24T06:38:27","modified_gmt":"2016-08-24T06:38:27","slug":"omron-digital-thermometer-model-mc-246","status":"publish","type":"product","link":"https:\/\/fisyosgarnacho.com\/eu\/producto\/omron-digital-thermometer-model-mc-246\/","title":{"rendered":"Omron Digital Thermometer Model MC-246"},"content":{"rendered":"<ul class=\"a-vertical a-spacing-none\">\n<li><span class=\"a-list-item\">For oral, rectal and underarm temperature measurement<\/span><\/li>\n<li><span class=\"a-list-item\">3-digit, + degree celcius (degree fahrenheit) display in 0.1 degree increment, beeps when measurement is completed<\/span><\/li>\n<li><span class=\"a-list-item\">Measurement Accuracy : \u00b10.1 degree celcius (32.0 to 42.0 degree celcius); \u00b10.2 degree fahrenheit (89.6 to 107.6 degree fahrenheit)<\/span><\/li>\n<li><span class=\"a-list-item\">Memory recalls last reading<\/span><\/li>\n<li><span class=\"a-list-item\">Auto off function : Approximately 30 minutes after use or 3 minutes when not been used<\/span><\/li>\n<li><span class=\"a-list-item\">1 Year Manufacturer Warranty from date of purchase<\/span><\/li>\n<\/ul>\n","protected":false},"excerpt":{"rendered":"<p>temperature measurement<\/p>\n","protected":false},"featured_media":279,"comment_status":"open","ping_status":"closed","template":"","meta":[],"product_brand":[],"product_cat":[36],"product_tag":[],"class_list":{"0":"post-285","1":"product","2":"type-product","3":"status-publish","4":"has-post-thumbnail","6":"product_cat-health-beauty","8":"first","9":"instock","10":"shipping-taxable","11":"product-type-simple"},"yoast_head":"<!-- This site is optimized with the Yoast SEO plugin v26.8 - https:\/\/yoast.com\/product\/yoast-seo-wordpress\/ -->\n<title>Omron Digital Thermometer Model MC-246 - Fisyos Garnacho. Fisioterapia, entrenamiento y nutrici\u00f3n en Barakaldo<\/title>\n<meta name=\"robots\" content=\"noindex, follow\" \/>\n<meta property=\"og:locale\" content=\"eu_ES\" \/>\n<meta property=\"og:type\" content=\"article\" \/>\n<meta property=\"og:title\" content=\"Omron Digital Thermometer Model MC-246 - Fisyos Garnacho. Fisioterapia, entrenamiento y nutrici\u00f3n en Barakaldo\" \/>\n<meta property=\"og:description\" content=\"temperature measurement\" \/>\n<meta property=\"og:url\" content=\"https:\/\/fisyosgarnacho.com\/eu\/producto\/omron-digital-thermometer-model-mc-246\/\" \/>\n<meta property=\"og:site_name\" content=\"Fisyos Garnacho. Fisioterapia, entrenamiento y nutrici\u00f3n en Barakaldo\" \/>\n<meta property=\"article:publisher\" content=\"https:\/\/www.facebook.com\/Fisyosgarnacho\/\" \/>\n<meta property=\"og:image\" content=\"https:\/\/fisyosgarnacho.com\/wp-content\/uploads\/2016\/08\/31LbIYLUvtL.jpg\" \/>\n\t<meta property=\"og:image:width\" content=\"500\" \/>\n\t<meta property=\"og:image:height\" content=\"493\" \/>\n\t<meta property=\"og:image:type\" content=\"image\/jpeg\" \/>\n<meta name=\"twitter:card\" content=\"summary_large_image\" \/>\n<script type=\"application\/ld+json\" class=\"yoast-schema-graph\">{\"@context\":\"https:\/\/schema.org\",\"@graph\":[{\"@type\":\"WebPage\",\"@id\":\"https:\/\/fisyosgarnacho.com\/eu\/producto\/omron-digital-thermometer-model-mc-246\/\",\"url\":\"https:\/\/fisyosgarnacho.com\/eu\/producto\/omron-digital-thermometer-model-mc-246\/\",\"name\":\"Omron Digital Thermometer Model MC-246 - Fisyos Garnacho. Fisioterapia, entrenamiento y nutrici\u00f3n en Barakaldo\",\"isPartOf\":{\"@id\":\"https:\/\/fisyosgarnacho.com\/eu\/#website\"},\"primaryImageOfPage\":{\"@id\":\"https:\/\/fisyosgarnacho.com\/eu\/producto\/omron-digital-thermometer-model-mc-246\/#primaryimage\"},\"image\":{\"@id\":\"https:\/\/fisyosgarnacho.com\/eu\/producto\/omron-digital-thermometer-model-mc-246\/#primaryimage\"},\"thumbnailUrl\":\"https:\/\/fisyosgarnacho.com\/wp-content\/uploads\/2016\/08\/31LbIYLUvtL.jpg\",\"datePublished\":\"2016-08-24T06:38:27+00:00\",\"breadcrumb\":{\"@id\":\"https:\/\/fisyosgarnacho.com\/eu\/producto\/omron-digital-thermometer-model-mc-246\/#breadcrumb\"},\"inLanguage\":\"eu-ES\",\"potentialAction\":[{\"@type\":\"ReadAction\",\"target\":[\"https:\/\/fisyosgarnacho.com\/eu\/producto\/omron-digital-thermometer-model-mc-246\/\"]}]},{\"@type\":\"ImageObject\",\"inLanguage\":\"eu-ES\",\"@id\":\"https:\/\/fisyosgarnacho.com\/eu\/producto\/omron-digital-thermometer-model-mc-246\/#primaryimage\",\"url\":\"https:\/\/fisyosgarnacho.com\/wp-content\/uploads\/2016\/08\/31LbIYLUvtL.jpg\",\"contentUrl\":\"https:\/\/fisyosgarnacho.com\/wp-content\/uploads\/2016\/08\/31LbIYLUvtL.jpg\",\"width\":500,\"height\":493},{\"@type\":\"BreadcrumbList\",\"@id\":\"https:\/\/fisyosgarnacho.com\/eu\/producto\/omron-digital-thermometer-model-mc-246\/#breadcrumb\",\"itemListElement\":[{\"@type\":\"ListItem\",\"position\":1,\"name\":\"Portada\",\"item\":\"https:\/\/fisyosgarnacho.com\/eu\/hasiera\/\"},{\"@type\":\"ListItem\",\"position\":2,\"name\":\"Shop\",\"item\":\"https:\/\/fisyosgarnacho.com\/eu\/?page_id=3012\"},{\"@type\":\"ListItem\",\"position\":3,\"name\":\"Omron Digital Thermometer Model MC-246\"}]},{\"@type\":\"WebSite\",\"@id\":\"https:\/\/fisyosgarnacho.com\/eu\/#website\",\"url\":\"https:\/\/fisyosgarnacho.com\/eu\/\",\"name\":\"Fisyos Garnacho. Fisioterapia, entrenamiento y nutrici\u00f3n en Barakaldo\",\"description\":\"Cl\u00ednica de fisioterapia, entrenamiento y nutrici\u00f3n en Barakaldo, Bizkaia. Fisioterapeutas y osteopatas en Baracaldo.\",\"publisher\":{\"@id\":\"https:\/\/fisyosgarnacho.com\/eu\/#organization\"},\"potentialAction\":[{\"@type\":\"SearchAction\",\"target\":{\"@type\":\"EntryPoint\",\"urlTemplate\":\"https:\/\/fisyosgarnacho.com\/eu\/?s={search_term_string}\"},\"query-input\":{\"@type\":\"PropertyValueSpecification\",\"valueRequired\":true,\"valueName\":\"search_term_string\"}}],\"inLanguage\":\"eu-ES\"},{\"@type\":\"Organization\",\"@id\":\"https:\/\/fisyosgarnacho.com\/eu\/#organization\",\"name\":\"Fisyos Garnacho\",\"url\":\"https:\/\/fisyosgarnacho.com\/eu\/\",\"logo\":{\"@type\":\"ImageObject\",\"inLanguage\":\"eu-ES\",\"@id\":\"https:\/\/fisyosgarnacho.com\/eu\/#\/schema\/logo\/image\/\",\"url\":\"https:\/\/fisyosgarnacho.com\/wp-content\/uploads\/2024\/11\/logo-fisyos-garnacho.png\",\"contentUrl\":\"https:\/\/fisyosgarnacho.com\/wp-content\/uploads\/2024\/11\/logo-fisyos-garnacho.png\",\"width\":750,\"height\":300,\"caption\":\"Fisyos Garnacho\"},\"image\":{\"@id\":\"https:\/\/fisyosgarnacho.com\/eu\/#\/schema\/logo\/image\/\"},\"sameAs\":[\"https:\/\/www.facebook.com\/Fisyosgarnacho\/\",\"https:\/\/www.instagram.com\/fisyos_garnacho\/?hl=es\",\"https:\/\/www.linkedin.com\/in\/carla-garnacho-ortiz-a09806b1\/\"]}]}<\/script>\n<!-- \/ Yoast SEO plugin. -->","yoast_head_json":{"title":"Omron Digital Thermometer Model MC-246 - Fisyos Garnacho. Fisioterapia, entrenamiento y nutrici\u00f3n en Barakaldo","robots":{"index":"noindex","follow":"follow"},"og_locale":"eu_ES","og_type":"article","og_title":"Omron Digital Thermometer Model MC-246 - Fisyos Garnacho. Fisioterapia, entrenamiento y nutrici\u00f3n en Barakaldo","og_description":"temperature measurement","og_url":"https:\/\/fisyosgarnacho.com\/eu\/producto\/omron-digital-thermometer-model-mc-246\/","og_site_name":"Fisyos Garnacho. Fisioterapia, entrenamiento y nutrici\u00f3n en Barakaldo","article_publisher":"https:\/\/www.facebook.com\/Fisyosgarnacho\/","og_image":[{"width":500,"height":493,"url":"https:\/\/fisyosgarnacho.com\/wp-content\/uploads\/2016\/08\/31LbIYLUvtL.jpg","type":"image\/jpeg"}],"twitter_card":"summary_large_image","schema":{"@context":"https:\/\/schema.org","@graph":[{"@type":"WebPage","@id":"https:\/\/fisyosgarnacho.com\/eu\/producto\/omron-digital-thermometer-model-mc-246\/","url":"https:\/\/fisyosgarnacho.com\/eu\/producto\/omron-digital-thermometer-model-mc-246\/","name":"Omron Digital Thermometer Model MC-246 - Fisyos Garnacho. Fisioterapia, entrenamiento y nutrici\u00f3n en Barakaldo","isPartOf":{"@id":"https:\/\/fisyosgarnacho.com\/eu\/#website"},"primaryImageOfPage":{"@id":"https:\/\/fisyosgarnacho.com\/eu\/producto\/omron-digital-thermometer-model-mc-246\/#primaryimage"},"image":{"@id":"https:\/\/fisyosgarnacho.com\/eu\/producto\/omron-digital-thermometer-model-mc-246\/#primaryimage"},"thumbnailUrl":"https:\/\/fisyosgarnacho.com\/wp-content\/uploads\/2016\/08\/31LbIYLUvtL.jpg","datePublished":"2016-08-24T06:38:27+00:00","breadcrumb":{"@id":"https:\/\/fisyosgarnacho.com\/eu\/producto\/omron-digital-thermometer-model-mc-246\/#breadcrumb"},"inLanguage":"eu-ES","potentialAction":[{"@type":"ReadAction","target":["https:\/\/fisyosgarnacho.com\/eu\/producto\/omron-digital-thermometer-model-mc-246\/"]}]},{"@type":"ImageObject","inLanguage":"eu-ES","@id":"https:\/\/fisyosgarnacho.com\/eu\/producto\/omron-digital-thermometer-model-mc-246\/#primaryimage","url":"https:\/\/fisyosgarnacho.com\/wp-content\/uploads\/2016\/08\/31LbIYLUvtL.jpg","contentUrl":"https:\/\/fisyosgarnacho.com\/wp-content\/uploads\/2016\/08\/31LbIYLUvtL.jpg","width":500,"height":493},{"@type":"BreadcrumbList","@id":"https:\/\/fisyosgarnacho.com\/eu\/producto\/omron-digital-thermometer-model-mc-246\/#breadcrumb","itemListElement":[{"@type":"ListItem","position":1,"name":"Portada","item":"https:\/\/fisyosgarnacho.com\/eu\/hasiera\/"},{"@type":"ListItem","position":2,"name":"Shop","item":"https:\/\/fisyosgarnacho.com\/eu\/?page_id=3012"},{"@type":"ListItem","position":3,"name":"Omron Digital Thermometer Model MC-246"}]},{"@type":"WebSite","@id":"https:\/\/fisyosgarnacho.com\/eu\/#website","url":"https:\/\/fisyosgarnacho.com\/eu\/","name":"Fisyos Garnacho. Fisioterapia, entrenamiento y nutrici\u00f3n en Barakaldo","description":"Cl\u00ednica de fisioterapia, entrenamiento y nutrici\u00f3n en Barakaldo, Bizkaia. Fisioterapeutas y osteopatas en Baracaldo.","publisher":{"@id":"https:\/\/fisyosgarnacho.com\/eu\/#organization"},"potentialAction":[{"@type":"SearchAction","target":{"@type":"EntryPoint","urlTemplate":"https:\/\/fisyosgarnacho.com\/eu\/?s={search_term_string}"},"query-input":{"@type":"PropertyValueSpecification","valueRequired":true,"valueName":"search_term_string"}}],"inLanguage":"eu-ES"},{"@type":"Organization","@id":"https:\/\/fisyosgarnacho.com\/eu\/#organization","name":"Fisyos Garnacho","url":"https:\/\/fisyosgarnacho.com\/eu\/","logo":{"@type":"ImageObject","inLanguage":"eu-ES","@id":"https:\/\/fisyosgarnacho.com\/eu\/#\/schema\/logo\/image\/","url":"https:\/\/fisyosgarnacho.com\/wp-content\/uploads\/2024\/11\/logo-fisyos-garnacho.png","contentUrl":"https:\/\/fisyosgarnacho.com\/wp-content\/uploads\/2024\/11\/logo-fisyos-garnacho.png","width":750,"height":300,"caption":"Fisyos Garnacho"},"image":{"@id":"https:\/\/fisyosgarnacho.com\/eu\/#\/schema\/logo\/image\/"},"sameAs":["https:\/\/www.facebook.com\/Fisyosgarnacho\/","https:\/\/www.instagram.com\/fisyos_garnacho\/?hl=es","https:\/\/www.linkedin.com\/in\/carla-garnacho-ortiz-a09806b1\/"]}]}},"_links":{"self":[{"href":"https:\/\/fisyosgarnacho.com\/eu\/wp-json\/wp\/v2\/product\/285","targetHints":{"allow":["GET"]}}],"collection":[{"href":"https:\/\/fisyosgarnacho.com\/eu\/wp-json\/wp\/v2\/product"}],"about":[{"href":"https:\/\/fisyosgarnacho.com\/eu\/wp-json\/wp\/v2\/types\/product"}],"replies":[{"embeddable":true,"href":"https:\/\/fisyosgarnacho.com\/eu\/wp-json\/wp\/v2\/comments?post=285"}],"wp:featuredmedia":[{"embeddable":true,"href":"https:\/\/fisyosgarnacho.com\/eu\/wp-json\/wp\/v2\/media\/279"}],"wp:attachment":[{"href":"https:\/\/fisyosgarnacho.com\/eu\/wp-json\/wp\/v2\/media?parent=285"}],"wp:term":[{"taxonomy":"product_brand","embeddable":true,"href":"https:\/\/fisyosgarnacho.com\/eu\/wp-json\/wp\/v2\/product_brand?post=285"},{"taxonomy":"product_cat","embeddable":true,"href":"https:\/\/fisyosgarnacho.com\/eu\/wp-json\/wp\/v2\/product_cat?post=285"},{"taxonomy":"product_tag","embeddable":true,"href":"https:\/\/fisyosgarnacho.com\/eu\/wp-json\/wp\/v2\/product_tag?post=285"}],"curies":[{"name":"wp","href":"https:\/\/api.w.org\/{rel}","templated":true}]}}